{"id":13236,"date":"2016-12-05T13:24:03","date_gmt":"2016-12-05T18:24:03","guid":{"rendered":"http:\/\/52.229.122.34\/fr\/?page_id=13236"},"modified":"2016-12-05T13:24:03","modified_gmt":"2016-12-05T18:24:03","slug":"prendre-la-decision","status":"publish","type":"page","link":"https:\/\/www.ottawahospital.on.ca\/fr\/services-cliniques\/deptpgrmcs\/programmes\/dons-de-rein\/prendre-la-decision\/","title":{"rendered":"Prendre la d\u00e9cision"},"content":{"rendered":"<p>Il est important de bien r\u00e9fl\u00e9chir avant de prendre une d\u00e9cision. Choisir de donner un organe peut \u00eatre difficile pour certaines personnes. Si vous avez de la difficult\u00e9 \u00e0 prendre votre d\u00e9cision, le fait d\u2019en parler \u00e0 des amis ou \u00e0 des membres de votre famille pourrait vous aider. Vous pouvez \u00e9galement vous adresser \u00e0 la coordonnatrice des dons de rein de personnes vivantes. Si vous avez besoin d\u2019une aide suppl\u00e9mentaire ou si vous voulez parler \u00e0 quelqu\u2019un d\u2019autre, la coordonnatrice des dons de rein de personnes vivantes peut vous diriger vers une travailleuse sociale.<\/p>\n<p>Donner un rein est un sacrifice. Il faut subir une op\u00e9ration qui n\u2019est pas n\u00e9cessaire pour assurer sa sant\u00e9. Il est donc naturel d\u2019avoir quelques inqui\u00e9tudes quand on envisage de donner un rein. Dans certains cas, le don d\u2019organe est d\u00e9conseill\u00e9\u00a0:<\/p>\n<ul>\n<li>Manque de ressources pour s\u2019absenter du travail pour l\u2019\u00e9valuation, l\u2019op\u00e9ration et la convalescence<\/li>\n<li>Jeunes enfants ou parents \u00e2g\u00e9s \u00e0 charge, responsabilit\u00e9s professionnelles<\/li>\n<li>Manque de soutien familial<\/li>\n<li>Pression ressentie pour donner un organe<\/li>\n<li>Attente d\u2019une compensation financi\u00e8re<\/li>\n<\/ul>\n<p>Si vous d\u00e9cidez de ne pas donner un rein, n\u2019oubliez pas que le don de rein de personnes vivantes n\u2019est pas une obligation. Vous avez pris le temps de vous renseigner sur le processus de don d\u2019organes de personnes vivantes et d\u2019y penser s\u00e9rieusement, c\u2019est tout \u00e0 votre honneur. L\u2019\u00e9quipe vous appuiera dans votre d\u00e9cision. Nous vous aiderons \u00e0 communiquer votre d\u00e9cision au receveur potentiel.<\/p>\n<p>Si vous avez de la difficult\u00e9 \u00e0 prendre votre d\u00e9cision, le Guide personnel pour la prise de d\u00e9cisions (Ottawa) pourra vous aider. Nous en avons joint un exemplaire \u00e0 la trousse que nous vous avons fait parvenir. Vous pouvez \u00e9galement le consulter sur le site Web de l\u2019Institut de recherche de l\u2019H\u00f4pital d\u2019Ottawa \u00e0 l\u2019adresse <a href=\"https:\/\/decisionaid.ohri.ca\/decguide.html\" target=\"_blank\">https:\/\/decisionaid.ohri.ca\/decguide.html<\/a>.<\/p>\n","protected":false},"excerpt":{"rendered":"<p>Il est important de bien r\u00e9fl\u00e9chir avant de prendre une d\u00e9cision. Choisir de donner un organe peut \u00eatre difficile pour certaines personnes. Si vous avez de la difficult\u00e9 \u00e0 prendre votre d\u00e9cision, le fait d\u2019en parler \u00e0 des amis ou \u00e0 des membres de votre famille pourrait vous aider. Vous pouvez \u00e9galement vous adresser \u00e0 [&hellip;]<\/p>\n","protected":false},"author":25,"featured_media":0,"parent":12780,"menu_order":7,"comment_status":"closed","ping_status":"closed","template":"","meta":{"_acf_changed":false,"_mc_calendar":[],"footnotes":""},"class_list":["post-13236","page","type-page","status-publish","hentry"],"acf":[],"wps_subtitle":"","_links":{"self":[{"href":"https:\/\/www.ottawahospital.on.ca\/fr\/wp-json\/wp\/v2\/pages\/13236","targetHints":{"allow":["GET"]}}],"collection":[{"href":"https:\/\/www.ottawahospital.on.ca\/fr\/wp-json\/wp\/v2\/pages"}],"about":[{"href":"https:\/\/www.ottawahospital.on.ca\/fr\/wp-json\/wp\/v2\/types\/page"}],"author":[{"embeddable":true,"href":"https:\/\/www.ottawahospital.on.ca\/fr\/wp-json\/wp\/v2\/users\/25"}],"replies":[{"embeddable":true,"href":"https:\/\/www.ottawahospital.on.ca\/fr\/wp-json\/wp\/v2\/comments?post=13236"}],"version-history":[{"count":0,"href":"https:\/\/www.ottawahospital.on.ca\/fr\/wp-json\/wp\/v2\/pages\/13236\/revisions"}],"up":[{"embeddable":true,"href":"https:\/\/www.ottawahospital.on.ca\/fr\/wp-json\/wp\/v2\/pages\/12780"}],"wp:attachment":[{"href":"https:\/\/www.ottawahospital.on.ca\/fr\/wp-json\/wp\/v2\/media?parent=13236"}],"curies":[{"name":"wp","href":"https:\/\/api.w.org\/{rel}","templated":true}]}}