{"id":13229,"date":"2016-12-05T13:21:46","date_gmt":"2016-12-05T18:21:46","guid":{"rendered":"http:\/\/52.229.122.34\/fr\/?page_id=13229"},"modified":"2016-12-05T13:22:04","modified_gmt":"2016-12-05T18:22:04","slug":"aspect-financier","status":"publish","type":"page","link":"https:\/\/www.ottawahospital.on.ca\/fr\/services-cliniques\/deptpgrmcs\/programmes\/dons-de-rein\/aspect-financier\/","title":{"rendered":"Aspect financier"},"content":{"rendered":"<p>Les personnes qui souhaitent faire don d\u2019un rein doivent consacrer du temps \u00e0 ce projet, ce qui peut avoir des r\u00e9percussions sur leurs finances. Il faut parfois s\u2019absenter du travail pour passer les divers examens et se pr\u00e9senter aux rendez-vous. On conseille g\u00e9n\u00e9ralement au donneur de ne pas retourner travailler pendant quatre \u00e0 six semaines apr\u00e8s l\u2019op\u00e9ration pour favoriser sa gu\u00e9rison. Des d\u00e9penses li\u00e9es aux d\u00e9placements, \u00e0 l\u2019h\u00e9bergement et \u00e0 la garde des enfants peuvent \u00e9galement s\u2019ajouter.<\/p>\n<p><strong>Programme de remboursement des d\u00e9penses des donneurs vivants (PREDOV)<\/strong><\/p>\n<p>Le minist\u00e8re de la Sant\u00e9 et des Soins de longue dur\u00e9e de l\u2019Ontario a cr\u00e9\u00e9 un programme pour r\u00e9duire le co\u00fbt des dons de rein de personnes vivantes. Il s\u2019agit du <strong>Programme de remboursement des d\u00e9penses des donneurs vivants (PREDOV)<\/strong>. Il permet de rembourser les d\u00e9penses des personnes qui donnent un rein \u00e0 un r\u00e9sident de l\u2019<strong>Ontario<\/strong> couvert par le r\u00e9gime d\u2019assurance provincial (OHIP), jusqu\u2019\u00e0 concurrence d\u2019un montant de\u00a05\u00a0500\u00a0$. Pour obtenir le remboursement, il faut respecter la politique du programme. Les montants rembours\u00e9s d\u00e9pendent de la distance entre le domicile du donneur et l\u2019h\u00f4pital o\u00f9 se pratique la transplantation et des autres sources de financement possibles, comme un r\u00e9gime d\u2019assurance au travail, le Programme de subventions accord\u00e9es aux r\u00e9sidents du Nord de l\u2019Ontario pour frais de transport \u00e0 des fins m\u00e9dicales ou une assurance invalidit\u00e9. Pour obtenir de plus amples renseignements sur le PREDOV ou t\u00e9l\u00e9charger une trousse de demande, visitez le site Web du R\u00e9seau Trillium pour le don de vie \u00e0 l\u2019adresse <a href=\"https:\/\/www.giftoflife.on.ca\" target=\"_blank\">www.giftoflife.on.ca<\/a>. Vous pouvez \u00e9galement demander des renseignements \u00e0 la travailleuse sociale ou \u00e0 la coordonnatrice des dons de rein de personnes vivantes.<\/p>\n","protected":false},"excerpt":{"rendered":"<p>Les personnes qui souhaitent faire don d\u2019un rein doivent consacrer du temps \u00e0 ce projet, ce qui peut avoir des r\u00e9percussions sur leurs finances. Il faut parfois s\u2019absenter du travail pour passer les divers examens et se pr\u00e9senter aux rendez-vous. On conseille g\u00e9n\u00e9ralement au donneur de ne pas retourner travailler pendant quatre \u00e0 six semaines [&hellip;]<\/p>\n","protected":false},"author":25,"featured_media":0,"parent":12780,"menu_order":6,"comment_status":"closed","ping_status":"closed","template":"","meta":{"_acf_changed":false,"_mc_calendar":[],"footnotes":""},"class_list":["post-13229","page","type-page","status-publish","hentry"],"acf":[],"wps_subtitle":"","_links":{"self":[{"href":"https:\/\/www.ottawahospital.on.ca\/fr\/wp-json\/wp\/v2\/pages\/13229","targetHints":{"allow":["GET"]}}],"collection":[{"href":"https:\/\/www.ottawahospital.on.ca\/fr\/wp-json\/wp\/v2\/pages"}],"about":[{"href":"https:\/\/www.ottawahospital.on.ca\/fr\/wp-json\/wp\/v2\/types\/page"}],"author":[{"embeddable":true,"href":"https:\/\/www.ottawahospital.on.ca\/fr\/wp-json\/wp\/v2\/users\/25"}],"replies":[{"embeddable":true,"href":"https:\/\/www.ottawahospital.on.ca\/fr\/wp-json\/wp\/v2\/comments?post=13229"}],"version-history":[{"count":0,"href":"https:\/\/www.ottawahospital.on.ca\/fr\/wp-json\/wp\/v2\/pages\/13229\/revisions"}],"up":[{"embeddable":true,"href":"https:\/\/www.ottawahospital.on.ca\/fr\/wp-json\/wp\/v2\/pages\/12780"}],"wp:attachment":[{"href":"https:\/\/www.ottawahospital.on.ca\/fr\/wp-json\/wp\/v2\/media?parent=13229"}],"curies":[{"name":"wp","href":"https:\/\/api.w.org\/{rel}","templated":true}]}}