{"id":13210,"date":"2016-12-05T13:11:13","date_gmt":"2016-12-05T18:11:13","guid":{"rendered":"http:\/\/52.229.122.34\/fr\/?page_id=13210"},"modified":"2016-12-05T13:11:13","modified_gmt":"2016-12-05T18:11:13","slug":"suivi","status":"publish","type":"page","link":"https:\/\/www.ottawahospital.on.ca\/fr\/services-cliniques\/deptpgrmcs\/programmes\/dons-de-rein\/chirurgie\/suivi\/","title":{"rendered":"Suivi"},"content":{"rendered":"<p>Les soins de suivi sont importants pour maintenir une bonne sant\u00e9 et une bonne fonction r\u00e9nale apr\u00e8s la transplantation. Ce suivi permet de d\u00e9tecter rapidement les complications et de bien les traiter. \u00c0 chaque visite, nous v\u00e9rifierons votre tension art\u00e9rielle et votre fonction r\u00e9nale, en plus de faire une analyse d\u2019urine.<\/p>\n<ul>\n<li>Rendez-vous avec le chirurgien\u00a0: Quatre \u00e0 huit semaines apr\u00e8s l\u2019op\u00e9ration<\/li>\n<li>Rendez-vous avec le n\u00e9phrologue\u00a0: Quatre \u00e0 cinq mois apr\u00e8s l\u2019op\u00e9ration<\/li>\n<li>Rendez-vous avec le n\u00e9phrologue\u00a0: Douze mois apr\u00e8s l\u2019op\u00e9ration<\/li>\n<li>Rendez-vous avec le n\u00e9phrologue ou le m\u00e9decin de famille\u00a0: Tous les ans<\/li>\n<\/ul>\n","protected":false},"excerpt":{"rendered":"<p>Les soins de suivi sont importants pour maintenir une bonne sant\u00e9 et une bonne fonction r\u00e9nale apr\u00e8s la transplantation. Ce suivi permet de d\u00e9tecter rapidement les complications et de bien les traiter. \u00c0 chaque visite, nous v\u00e9rifierons votre tension art\u00e9rielle et votre fonction r\u00e9nale, en plus de faire une analyse d\u2019urine. Rendez-vous avec le chirurgien\u00a0: [&hellip;]<\/p>\n","protected":false},"author":25,"featured_media":0,"parent":13201,"menu_order":2,"comment_status":"closed","ping_status":"closed","template":"","meta":{"_acf_changed":false,"_mc_calendar":[],"footnotes":""},"class_list":["post-13210","page","type-page","status-publish","hentry"],"acf":[],"wps_subtitle":"","_links":{"self":[{"href":"https:\/\/www.ottawahospital.on.ca\/fr\/wp-json\/wp\/v2\/pages\/13210","targetHints":{"allow":["GET"]}}],"collection":[{"href":"https:\/\/www.ottawahospital.on.ca\/fr\/wp-json\/wp\/v2\/pages"}],"about":[{"href":"https:\/\/www.ottawahospital.on.ca\/fr\/wp-json\/wp\/v2\/types\/page"}],"author":[{"embeddable":true,"href":"https:\/\/www.ottawahospital.on.ca\/fr\/wp-json\/wp\/v2\/users\/25"}],"replies":[{"embeddable":true,"href":"https:\/\/www.ottawahospital.on.ca\/fr\/wp-json\/wp\/v2\/comments?post=13210"}],"version-history":[{"count":0,"href":"https:\/\/www.ottawahospital.on.ca\/fr\/wp-json\/wp\/v2\/pages\/13210\/revisions"}],"up":[{"embeddable":true,"href":"https:\/\/www.ottawahospital.on.ca\/fr\/wp-json\/wp\/v2\/pages\/13201"}],"wp:attachment":[{"href":"https:\/\/www.ottawahospital.on.ca\/fr\/wp-json\/wp\/v2\/media?parent=13210"}],"curies":[{"name":"wp","href":"https:\/\/api.w.org\/{rel}","templated":true}]}}