{"id":13205,"date":"2016-12-05T13:10:14","date_gmt":"2016-12-05T18:10:14","guid":{"rendered":"http:\/\/52.229.122.34\/fr\/?page_id=13205"},"modified":"2016-12-05T13:10:14","modified_gmt":"2016-12-05T18:10:14","slug":"convalescence","status":"publish","type":"page","link":"https:\/\/www.ottawahospital.on.ca\/fr\/services-cliniques\/deptpgrmcs\/programmes\/dons-de-rein\/chirurgie\/convalescence\/","title":{"rendered":"Convalescence"},"content":{"rendered":"<ul>\n<li>Les infirmi\u00e8res vous surveilleront \u00e9troitement les\u00a024\u00a0premi\u00e8res heures suivant l\u2019op\u00e9ration. Vous serez soign\u00e9 par le chirurgien qui a pratiqu\u00e9 l\u2019op\u00e9ration.<\/li>\n<li>Un cath\u00e9ter (tube en caoutchouc souple) sera ins\u00e9r\u00e9e dans votre vessie pour \u00e9vacuer l\u2019urine.<\/li>\n<li>Nous vous inciterons \u00e0 bouger les jambes pour pr\u00e9venir la formation de caillots sanguins. Vous devrez \u00e9galement faire des exercices de respiration profonde et de toux pour assurer un bon fonctionnement des poumons.<\/li>\n<li>Vous pourrez utiliser une pompe d\u2019analg\u00e9sie contr\u00f4l\u00e9e par le patient pour vous administrer des antidouleurs au besoin en appuyant sur un bouton. La pompe est programm\u00e9e pour \u00e9viter les surdoses. Nous la retirons habituellement apr\u00e8s une journ\u00e9e. Vous recevez ensuite des antidouleurs par voie orale.<\/li>\n<li>Certains patients ont besoin d\u2019oxyg\u00e8ne par voie nasale pendant une courte p\u00e9riode.<\/li>\n<li>Nous ferons des analyses de sang et d\u2019urine les deux premiers jours suivant l\u2019op\u00e9ration. Nous v\u00e9rifierons r\u00e9guli\u00e8rement votre tension art\u00e9rielle, votre pouls, votre temp\u00e9rature, votre respiration et les points d\u2019incision.<\/li>\n<li>Vous augmenterez progressivement votre niveau d\u2019activit\u00e9, passant de la position assise sur une chaise \u00e0 la marche dans le couloir.<\/li>\n<li>Votre r\u00e9gime alimentaire \u00e9voluera \u00e9galement\u00a0: vous recevrez au d\u00e9but des morceaux de glace, puis un repas l\u00e9ger g\u00e9n\u00e9ralement d\u00e8s la fin de la journ\u00e9e le lendemain de l\u2019op\u00e9ration.<\/li>\n<li>La plupart des donneurs ayant subi une n\u00e9phrectomie par laparoscopie recevront leur cong\u00e9 de l\u2019H\u00f4pital deux \u00e0 quatre jours apr\u00e8s l\u2019op\u00e9ration. La plupart des donneurs peuvent se laver, s\u2019habiller et prendre compl\u00e8tement soin d\u2019eux-m\u00eames avant de quitter l\u2019h\u00f4pital.<\/li>\n<li>Vous devrez \u00e9viter de soulever toute charge sup\u00e9rieure \u00e0\u00a010\u00a0livres les quatre \u00e0 six semaines suivant l\u2019op\u00e9ration. Cette pr\u00e9caution permettra \u00e0 vos muscles de bien r\u00e9cup\u00e9rer.<\/li>\n<li>Vous devrez r\u00e9cup\u00e9rer compl\u00e8tement quatre \u00e0 six semaines apr\u00e8s l\u2019op\u00e9ration.<\/li>\n<\/ul>\n","protected":false},"excerpt":{"rendered":"<p>Les infirmi\u00e8res vous surveilleront \u00e9troitement les\u00a024\u00a0premi\u00e8res heures suivant l\u2019op\u00e9ration. Vous serez soign\u00e9 par le chirurgien qui a pratiqu\u00e9 l\u2019op\u00e9ration. Un cath\u00e9ter (tube en caoutchouc souple) sera ins\u00e9r\u00e9e dans votre vessie pour \u00e9vacuer l\u2019urine. Nous vous inciterons \u00e0 bouger les jambes pour pr\u00e9venir la formation de caillots sanguins. Vous devrez \u00e9galement faire des exercices de respiration [&hellip;]<\/p>\n","protected":false},"author":25,"featured_media":0,"parent":13201,"menu_order":1,"comment_status":"closed","ping_status":"closed","template":"","meta":{"_acf_changed":false,"_mc_calendar":[],"footnotes":""},"class_list":["post-13205","page","type-page","status-publish","hentry"],"acf":[],"wps_subtitle":"","_links":{"self":[{"href":"https:\/\/www.ottawahospital.on.ca\/fr\/wp-json\/wp\/v2\/pages\/13205","targetHints":{"allow":["GET"]}}],"collection":[{"href":"https:\/\/www.ottawahospital.on.ca\/fr\/wp-json\/wp\/v2\/pages"}],"about":[{"href":"https:\/\/www.ottawahospital.on.ca\/fr\/wp-json\/wp\/v2\/types\/page"}],"author":[{"embeddable":true,"href":"https:\/\/www.ottawahospital.on.ca\/fr\/wp-json\/wp\/v2\/users\/25"}],"replies":[{"embeddable":true,"href":"https:\/\/www.ottawahospital.on.ca\/fr\/wp-json\/wp\/v2\/comments?post=13205"}],"version-history":[{"count":0,"href":"https:\/\/www.ottawahospital.on.ca\/fr\/wp-json\/wp\/v2\/pages\/13205\/revisions"}],"up":[{"embeddable":true,"href":"https:\/\/www.ottawahospital.on.ca\/fr\/wp-json\/wp\/v2\/pages\/13201"}],"wp:attachment":[{"href":"https:\/\/www.ottawahospital.on.ca\/fr\/wp-json\/wp\/v2\/media?parent=13205"}],"curies":[{"name":"wp","href":"https:\/\/api.w.org\/{rel}","templated":true}]}}