{"id":13201,"date":"2016-12-05T13:09:11","date_gmt":"2016-12-05T18:09:11","guid":{"rendered":"http:\/\/52.229.122.34\/fr\/?page_id=13201"},"modified":"2016-12-05T13:09:11","modified_gmt":"2016-12-05T18:09:11","slug":"chirurgie","status":"publish","type":"page","link":"https:\/\/www.ottawahospital.on.ca\/fr\/services-cliniques\/deptpgrmcs\/programmes\/dons-de-rein\/chirurgie\/","title":{"rendered":"Chirurgie"},"content":{"rendered":"<p>L\u2019op\u00e9ration consistant \u00e0 retirer un rein s\u2019appelle n\u00e9phrectomie. Il existe deux types de n\u00e9phrectomie\u00a0: la n\u00e9phrectomie par laparoscopie et la n\u00e9phrectomie ouverte.<\/p>\n<h2>N\u00e9phrectomie par laparoscopie<\/h2>\n<p>Pour faire ce type d\u2019op\u00e9ration, il faut pratiquer trois ou quatre petites incisions sur le ventre. Les chirurgiens y ins\u00e8rent des instruments sp\u00e9ciaux pour retirer le rein, ainsi qu\u2019une minuscule cam\u00e9ra qui filme l\u2019op\u00e9ration et la projette sur un \u00e9cran vid\u00e9o. On retire le rein par une petite incision sous le nombril. On retire en g\u00e9n\u00e9ral le rein gauche parce qu\u2019il est souvent plus facile \u00e0 retirer que le rein droit. L\u2019op\u00e9ration dure trois \u00e0 quatre heures et se pratique sous anesth\u00e9sie g\u00e9n\u00e9rale (le patient est endormi pendant l\u2019op\u00e9ration). Le donneur est hospitalis\u00e9 deux \u00e0 quatre jours. La convalescence dure quatre \u00e0 six semaines.<\/p>\n<h2>N\u00e9phrectomie ouverte<\/h2>\n<p>Le chirurgien fait une incision d\u2019environ 10\u00a0pouces de long sur le c\u00f4t\u00e9 du ventre, sous la cage thoracique. L\u2019op\u00e9ration dure deux \u00e0 quatre heures. Le s\u00e9jour \u00e0 l\u2019h\u00f4pital est de trois \u00e0 cinq jours, et la convalescence, de six \u00e0 huit semaines.<\/p>\n<p>Tous les urologues chirurgiens en transplantation \u00a0de L&rsquo;H\u00f4pital d&rsquo;Ottawa ont les comp\u00e9tences requises pour pratiquer une n\u00e9phrectomie par laparoscopie. Il est possible qu\u2019ils doivent pratiquer une n\u00e9phrectomie ouverte dans certaines situations.<\/p>\n","protected":false},"excerpt":{"rendered":"<p>L\u2019op\u00e9ration consistant \u00e0 retirer un rein s\u2019appelle n\u00e9phrectomie. Il existe deux types de n\u00e9phrectomie\u00a0: la n\u00e9phrectomie par laparoscopie et la n\u00e9phrectomie ouverte. N\u00e9phrectomie par laparoscopie Pour faire ce type d\u2019op\u00e9ration, il faut pratiquer trois ou quatre petites incisions sur le ventre. Les chirurgiens y ins\u00e8rent des instruments sp\u00e9ciaux pour retirer le rein, ainsi qu\u2019une minuscule [&hellip;]<\/p>\n","protected":false},"author":25,"featured_media":0,"parent":12780,"menu_order":4,"comment_status":"closed","ping_status":"closed","template":"","meta":{"_acf_changed":false,"_mc_calendar":[],"footnotes":""},"class_list":["post-13201","page","type-page","status-publish","hentry"],"acf":[],"wps_subtitle":"","_links":{"self":[{"href":"https:\/\/www.ottawahospital.on.ca\/fr\/wp-json\/wp\/v2\/pages\/13201","targetHints":{"allow":["GET"]}}],"collection":[{"href":"https:\/\/www.ottawahospital.on.ca\/fr\/wp-json\/wp\/v2\/pages"}],"about":[{"href":"https:\/\/www.ottawahospital.on.ca\/fr\/wp-json\/wp\/v2\/types\/page"}],"author":[{"embeddable":true,"href":"https:\/\/www.ottawahospital.on.ca\/fr\/wp-json\/wp\/v2\/users\/25"}],"replies":[{"embeddable":true,"href":"https:\/\/www.ottawahospital.on.ca\/fr\/wp-json\/wp\/v2\/comments?post=13201"}],"version-history":[{"count":0,"href":"https:\/\/www.ottawahospital.on.ca\/fr\/wp-json\/wp\/v2\/pages\/13201\/revisions"}],"up":[{"embeddable":true,"href":"https:\/\/www.ottawahospital.on.ca\/fr\/wp-json\/wp\/v2\/pages\/12780"}],"wp:attachment":[{"href":"https:\/\/www.ottawahospital.on.ca\/fr\/wp-json\/wp\/v2\/media?parent=13201"}],"curies":[{"name":"wp","href":"https:\/\/api.w.org\/{rel}","templated":true}]}}