{"id":13195,"date":"2016-12-05T13:07:42","date_gmt":"2016-12-05T18:07:42","guid":{"rendered":"http:\/\/52.229.122.34\/fr\/?page_id=13195"},"modified":"2016-12-05T13:07:53","modified_gmt":"2016-12-05T18:07:53","slug":"groupe-sanguin","status":"publish","type":"page","link":"https:\/\/www.ottawahospital.on.ca\/fr\/services-cliniques\/deptpgrmcs\/programmes\/dons-de-rein\/evaluation\/groupe-sanguin\/","title":{"rendered":"Groupe Sanguin"},"content":{"rendered":"<h2>Compatibilit\u00e9 de groupes sanguins<\/h2>\n<p>La premi\u00e8re \u00e9preuve de compatibilit\u00e9 consiste \u00e0 d\u00e9terminer le groupe sanguin (ABO). Vous pouvez demander \u00e0 votre m\u00e9decin de famille de d\u00e9terminer votre groupe sanguin. Il se trouve \u00e9galement sur la carte de la Soci\u00e9t\u00e9 canadienne du sang. Vous pouvez aussi vous adresser \u00e0 la coordonnatrice des dons de rein de personnes vivantes qui vous dira comment proc\u00e9der.<\/p>\n<p class=\"text-center\"><strong>Guide de compatibilit\u00e9 des groupes sanguins<\/strong><\/p>\n<div class=\"table-responsive text-center\">\n<table class=\"table\" style=\"width: 637px;\">\n<tbody>\n<tr style=\"background-color: #d6e0ec;\">\n<td style=\"width: 253px;\">\n<p class=\"text-center\"><strong>Si le groupe sanguin du donneur est\u00a0:<\/strong><\/p>\n<\/td>\n<td style=\"width: 378px;\">\n<p class=\"text-center\"><strong>Il peut donner un rein \u00e0 un receveur dont le groupe sanguin est\u00a0:<\/strong><\/p>\n<\/td>\n<\/tr>\n<tr>\n<td style=\"width: 253px;\">\n<p class=\"text-center\">O<\/p>\n<\/td>\n<td style=\"width: 378px;\">\n<p class=\"text-center\">A, B, AB ou O<\/p>\n<\/td>\n<\/tr>\n<tr>\n<td style=\"width: 253px;\">\n<p class=\"text-center\">A<\/p>\n<\/td>\n<td style=\"width: 378px;\">\n<p class=\"text-center\">A ou AB (parfois O)<\/p>\n<\/td>\n<\/tr>\n<tr>\n<td style=\"width: 253px;\">\n<p class=\"text-center\">B<\/p>\n<\/td>\n<td style=\"width: 378px;\">\n<p class=\"text-center\">B ou AB<\/p>\n<\/td>\n<\/tr>\n<tr>\n<td style=\"width: 253px;\">\n<p class=\"text-center\">AB<\/p>\n<\/td>\n<td style=\"width: 378px;\">\n<p class=\"text-center\">AB<\/p>\n<\/td>\n<\/tr>\n<\/tbody>\n<\/table>\n<\/div>\n<p>Un donneur dont le groupe sanguin est O peut donner un rein \u00e0 un receveur de n\u2019importe quel groupe sanguin. Un receveur dont le groupe sanguin est\u00a0AB peut \u00eatre jumel\u00e9 \u00e0 un donneur de n\u2019importe quel groupe sanguin. Lorsqu\u2019il s\u2019agit d\u2019un don de rein d\u2019une personne vivante, le facteur positif ou n\u00e9gatif (facteur Rh\u00e9sus) n\u2019est pas important.<\/p>\n<p>Vous devrez envoyer une copie du document attestant de votre groupe sanguin ou de votre carte de la Soci\u00e9t\u00e9 canadienne du sang \u00e0 la coordonnatrice des dons de rein de personnes vivantes par t\u00e9l\u00e9copieur au 613-738-8489. Si vous n\u2019\u00eates pas compatible avec votre receveur, vous souhaiterez peut-\u00eatre rechercher un receveur dans le Registre de donneurs vivants jumel\u00e9s par \u00e9change de b\u00e9n\u00e9ficiaires.<\/p>\n<p>&nbsp;<\/p>\n","protected":false},"excerpt":{"rendered":"<p>Compatibilit\u00e9 de groupes sanguins La premi\u00e8re \u00e9preuve de compatibilit\u00e9 consiste \u00e0 d\u00e9terminer le groupe sanguin (ABO). Vous pouvez demander \u00e0 votre m\u00e9decin de famille de d\u00e9terminer votre groupe sanguin. Il se trouve \u00e9galement sur la carte de la Soci\u00e9t\u00e9 canadienne du sang. Vous pouvez aussi vous adresser \u00e0 la coordonnatrice des dons de rein de [&hellip;]<\/p>\n","protected":false},"author":25,"featured_media":0,"parent":13173,"menu_order":3,"comment_status":"closed","ping_status":"closed","template":"","meta":{"_acf_changed":false,"_mc_calendar":[],"footnotes":""},"class_list":["post-13195","page","type-page","status-publish","hentry"],"acf":[],"wps_subtitle":"","_links":{"self":[{"href":"https:\/\/www.ottawahospital.on.ca\/fr\/wp-json\/wp\/v2\/pages\/13195","targetHints":{"allow":["GET"]}}],"collection":[{"href":"https:\/\/www.ottawahospital.on.ca\/fr\/wp-json\/wp\/v2\/pages"}],"about":[{"href":"https:\/\/www.ottawahospital.on.ca\/fr\/wp-json\/wp\/v2\/types\/page"}],"author":[{"embeddable":true,"href":"https:\/\/www.ottawahospital.on.ca\/fr\/wp-json\/wp\/v2\/users\/25"}],"replies":[{"embeddable":true,"href":"https:\/\/www.ottawahospital.on.ca\/fr\/wp-json\/wp\/v2\/comments?post=13195"}],"version-history":[{"count":0,"href":"https:\/\/www.ottawahospital.on.ca\/fr\/wp-json\/wp\/v2\/pages\/13195\/revisions"}],"up":[{"embeddable":true,"href":"https:\/\/www.ottawahospital.on.ca\/fr\/wp-json\/wp\/v2\/pages\/13173"}],"wp:attachment":[{"href":"https:\/\/www.ottawahospital.on.ca\/fr\/wp-json\/wp\/v2\/media?parent=13195"}],"curies":[{"name":"wp","href":"https:\/\/api.w.org\/{rel}","templated":true}]}}