{"id":13189,"date":"2016-12-05T13:02:34","date_gmt":"2016-12-05T18:02:34","guid":{"rendered":"http:\/\/52.229.122.34\/fr\/?page_id=13189"},"modified":"2016-12-05T13:02:34","modified_gmt":"2016-12-05T18:02:34","slug":"etape-ii","status":"publish","type":"page","link":"https:\/\/www.ottawahospital.on.ca\/fr\/services-cliniques\/deptpgrmcs\/programmes\/dons-de-rein\/evaluation\/etape-ii\/","title":{"rendered":"\u00c9tape II"},"content":{"rendered":"<p>Le personnel du Programme de dons d\u2019organes de personnes vivantes de L&rsquo;H\u00f4pital d&rsquo;Ottawa se chargera de prendre les rendez-vous n\u00e9cessaires pour que vous puissiez passer les autres examens n\u00e9cessaires.<\/p>\n<h2>Examens diagnostiques<\/h2>\n<ul>\n<li>ECG pour s\u2019assurer que votre fr\u00e9quence cardiaque est normale<\/li>\n<li>Radiographie thoracique pour obtenir un clich\u00e9 de votre c\u0153ur et de vos poumons<\/li>\n<li>Analyses sanguines pour \u00eatre certain que votre sang ne contient aucun virus qui pourrait nuire au receveur<\/li>\n<li>Scintigraphie r\u00e9nale pour chiffrer en pourcentage le fonctionnement de chacun de vos reins; cet examen n\u00e9cessite l\u2019administration d\u2019un isotope nucl\u00e9aire<\/li>\n<li>Tomodensitom\u00e9trie pour mettre en \u00e9vidence les structures de l\u2019abdomen comme les veines et les art\u00e8res des reins, des uret\u00e8res et de la vessie.<\/li>\n<\/ul>\n<h2>Consultations<\/h2>\n<ul>\n<li><strong>Coordonnatrice des dons de rein de personnes vivantes<br \/>\n<\/strong>Cette infirmi\u00e8re sp\u00e9cialiste pourra vous renseigner sur le don de rein de votre vivant. Elle passe \u00e9galement en revue le questionnaire de sant\u00e9 que vous avez rempli. Elle est votre principale personne-ressource pendant tout le processus d\u2019\u00e9valuation et, \u00e0 ce titre, elle repr\u00e9sente vos int\u00e9r\u00eats.<\/li>\n<li><strong>Psychiatre<br \/>\n<\/strong>Un psychiatre est un m\u00e9decin sp\u00e9cialis\u00e9 dans les troubles mentaux comme l\u2019anxi\u00e9t\u00e9 et la d\u00e9pression. Un psychiatre souhaitera vous rencontrer pour s\u2019assurer que ce n\u2019est pas en raison d\u2019un trouble de l\u2019humeur ou \u00e9motionnel que vous avez d\u00e9cid\u00e9 de donner un rein et que vous ne risquez pas de pr\u00e9senter un trouble \u00e9motionnel impr\u00e9vu apr\u00e8s l\u2019op\u00e9ration.<\/li>\n<li><strong>Travailleuse sociale<br \/>\n<\/strong>Une travailleuse sociale vous rencontrera pour faire une \u00e9valuation psychosociale. Elle veut s\u2019assurer que vous disposer de tous les renseignements n\u00e9cessaires pour faire un choix \u00e9clair\u00e9 sans \u00eatre influenc\u00e9 par un sentiment de culpabilit\u00e9, une obligation, de la coercition ou de l\u2019argent.<\/li>\n<li><strong>Chirurgien responsable de la transplantation<br \/>\n<\/strong>Le chirurgien vous examinera et vous dira comment l\u2019op\u00e9ration se d\u00e9roulera. Il vous expliquera \u00e9galement les risques possibles.<\/li>\n<li><strong>N\u00e9phrologue sp\u00e9cialiste en transplantation<br \/>\n<\/strong>Le n\u00e9phrologue vous informera des risques et des avantages du don de rein. Il repr\u00e9sentera vos int\u00e9r\u00eats et s\u2019assurera que le don ne risque pas de vous causer de graves probl\u00e8mes de sant\u00e9. Il examinera vos ant\u00e9c\u00e9dents m\u00e9dicaux et fera un examen physique.<\/li>\n<\/ul>\n<p>Vous avez peut-\u00eatre l\u2019impression que vous devrez aller \u00e0 beaucoup de rendez-vous! Il est important que chaque donneur subisse une \u00e9valuation de sant\u00e9 compl\u00e8te, car nous voulons \u00eatre certains qu\u2019il peut r\u00e9ellement faire don d\u2019un rein. Nous nous efforcerons toutefois de limiter le nombre de d\u00e9placements que vous devrez faire pour vous pr\u00e9senter \u00e0 ces rendez-vous. Nous devons parfois refuser le don de certaines personnes pour des raisons m\u00e9dicales ou psychologiques. Cette d\u00e9cision peut \u00eatre bouleversante, car elle signifie que ces personnes ne peuvent pas faire de don d\u2019organe. D\u2019autres personnes pourront apprendre qu\u2019elles ont un probl\u00e8me de sant\u00e9 pendant l\u2019\u00e9valuation. Si c\u2019est le cas, nous les dirigerons vers un sp\u00e9cialiste ou leur m\u00e9decin de famille. Elles peuvent \u00e9galement obtenir du soutien de la travailleuse sociale ou des services psychologiques, au besoin.<\/p>\n<p>Lorsque le processus d\u2019\u00e9valuation sera termin\u00e9 et que nous aurons d\u00e9termin\u00e9 que vous pouvez donner un rein, nous fixerons une date pour la chirurgie. Nous tiendrons compte des besoins du receveur, de votre disponibilit\u00e9 et du calendrier d\u2019occupation de la salle d\u2019op\u00e9ration. Une fois la date de l\u2019op\u00e9ration fix\u00e9e, la coordonnatrice des dons de rein de personnes vivantes fixera encore quelques rendez-vous pour vous\u00a0:<\/p>\n<ul>\n<li>\u00c9valuation pr\u00e9op\u00e9ratoire et \u00e9preuve de compatibilit\u00e9 crois\u00e9e finale 10\u00a0jours avant l\u2019op\u00e9ration<\/li>\n<li>Test sanguin de d\u00e9pistage du virus du Nil occidental et autres analyses de sang 48\u00a0heures avant l\u2019op\u00e9ration<\/li>\n<li>Rendez-vous avec le chirurgien pour signer un formulaire de consentement \u00e9clair\u00e9, si vous ne l\u2019avez pas d\u00e9j\u00e0 fait<\/li>\n<\/ul>\n","protected":false},"excerpt":{"rendered":"<p>Le personnel du Programme de dons d\u2019organes de personnes vivantes de L&rsquo;H\u00f4pital d&rsquo;Ottawa se chargera de prendre les rendez-vous n\u00e9cessaires pour que vous puissiez passer les autres examens n\u00e9cessaires. Examens diagnostiques ECG pour s\u2019assurer que votre fr\u00e9quence cardiaque est normale Radiographie thoracique pour obtenir un clich\u00e9 de votre c\u0153ur et de vos poumons Analyses sanguines [&hellip;]<\/p>\n","protected":false},"author":25,"featured_media":0,"parent":13173,"menu_order":2,"comment_status":"closed","ping_status":"closed","template":"","meta":{"_acf_changed":false,"_mc_calendar":[],"footnotes":""},"class_list":["post-13189","page","type-page","status-publish","hentry"],"acf":[],"wps_subtitle":"","_links":{"self":[{"href":"https:\/\/www.ottawahospital.on.ca\/fr\/wp-json\/wp\/v2\/pages\/13189","targetHints":{"allow":["GET"]}}],"collection":[{"href":"https:\/\/www.ottawahospital.on.ca\/fr\/wp-json\/wp\/v2\/pages"}],"about":[{"href":"https:\/\/www.ottawahospital.on.ca\/fr\/wp-json\/wp\/v2\/types\/page"}],"author":[{"embeddable":true,"href":"https:\/\/www.ottawahospital.on.ca\/fr\/wp-json\/wp\/v2\/users\/25"}],"replies":[{"embeddable":true,"href":"https:\/\/www.ottawahospital.on.ca\/fr\/wp-json\/wp\/v2\/comments?post=13189"}],"version-history":[{"count":0,"href":"https:\/\/www.ottawahospital.on.ca\/fr\/wp-json\/wp\/v2\/pages\/13189\/revisions"}],"up":[{"embeddable":true,"href":"https:\/\/www.ottawahospital.on.ca\/fr\/wp-json\/wp\/v2\/pages\/13173"}],"wp:attachment":[{"href":"https:\/\/www.ottawahospital.on.ca\/fr\/wp-json\/wp\/v2\/media?parent=13189"}],"curies":[{"name":"wp","href":"https:\/\/api.w.org\/{rel}","templated":true}]}}