{"id":13180,"date":"2016-12-05T13:00:50","date_gmt":"2016-12-05T18:00:50","guid":{"rendered":"http:\/\/52.229.122.34\/fr\/?page_id=13180"},"modified":"2016-12-05T13:01:25","modified_gmt":"2016-12-05T18:01:25","slug":"etape-1","status":"publish","type":"page","link":"https:\/\/www.ottawahospital.on.ca\/fr\/services-cliniques\/deptpgrmcs\/programmes\/dons-de-rein\/evaluation\/etape-1\/","title":{"rendered":"\u00c9tape I"},"content":{"rendered":"<p>Cette \u00e9tape consiste \u00e0 consulter votre m\u00e9decin de famille, \u00e0 r\u00e9pondre \u00e0 un questionnaire et \u00e0 passer une analyse visant \u00e0 d\u00e9terminer votre type de tissus (typage tissulaire).<\/p>\n<h2>Consultation de votre m\u00e9decin de famille<\/h2>\n<p>D\u00e8s que vous aurez inform\u00e9 la coordonnatrice des dons de rein de personnes vivantes que vous souhaitez vraiment donner un de vos reins, vous devez prendre rendez-vous avec votre m\u00e9decin de famille. Vous devez lui dire que vous voulez donner un rein de votre vivant. Votre m\u00e9decin de famille recevra une lettre expliquant les examens et analyses que vous devez subir. Il se peut que votre m\u00e9decin vous ait fait passer certains de ces examens au cours des\u00a012\u00a0derniers mois. Il s\u2019agit d\u2019une prise d\u2019un \u00e9chantillon de sang et d\u2019urine, ainsi que de deux \u00a0collections d\u2019urine pendant une p\u00e9riode de\u00a024\u00a0heures. Les femmes qui souhaitent donner un rein devront passer un test de Pap, un examen des seins et, possiblement, une mammographie. Les donneurs de plus de\u00a050\u00a0ans devront peut-\u00eatre aussi donner un \u00e9chantillon de selles. Il est aussi possible que vous deviez subir un test de sensibilit\u00e9 cutan\u00e9 \u00e0 la tuberculine.<\/p>\n<h2>Questionnaire<\/h2>\n<p>Ce document est compos\u00e9 de questions sur vos ant\u00e9c\u00e9dents m\u00e9dicaux, sociaux et de voyage. Vous le recevrez par la poste. Vous pourrez le remettre \u00e0 la coordonnatrice des dons de rein de personnes vivantes.<\/p>\n<h2>\u00c9preuve de typage tissulaire<\/h2>\n<p>Le donneur n\u2019a qu\u2019\u00e0 fournir un \u00e9chantillon de sang. Les techniciens de laboratoire feront des analyses pour d\u00e9terminer s\u2019il est compatible avec le receveur. Les techniciens examineront les antig\u00e8nes du syst\u00e8me HLA (human leukocyte antigen). Chaque personne en poss\u00e8de six, dont 3 transmis par la m\u00e8re et 3 par le p\u00e8re. Il est pr\u00e9f\u00e9rable que le syst\u00e8me\u00a0HLA du donneur corresponde \u00e0 celui du receveur, mais ce n\u2019est pas absolument n\u00e9cessaire pour la transplantation.<\/p>\n<h2>\u00c9preuve de compatibilit\u00e9 crois\u00e9e<\/h2>\n<p>Cette analyse sanguine se pratique en m\u00eame temps que le typage tissulaire. Elle permet de savoir si le receveur est susceptible de r\u00e9agir au rein du donneur. Les globules blancs du donneur sont m\u00e9lang\u00e9s aux globules rouges du receveur. Si les cellules du receveur attaquent et d\u00e9truisent les cellules du donneur, l\u2019\u00e9preuve de comptabilit\u00e9 crois\u00e9e est \u00ab\u00a0positive\u00a0\u00bb. Cela signifie que le donneur et le receveur <strong>ne sont pas<\/strong> <strong>compatibles<\/strong> et que l\u2019organisme du receveur rejettera probablement le rein. Si les cellules du donneur ne sont pas d\u00e9truites, l\u2019\u00e9preuve de compatibilit\u00e9 crois\u00e9e est \u00ab\u00a0n\u00e9gative\u00a0\u00bb. Le donneur et le receveur sont donc compatibles. Le corps du receveur risque moins de rejeter le rein du donneur lorsque l\u2019\u00e9preuve de compatibilit\u00e9 crois\u00e9e est n\u00e9gative.<\/p>\n<p>Il est important que vous arriviez \u00e0 l\u2019heure \u00e0 cet examen. Les techniciens de laboratoire doivent pr\u00e9lever un \u00e9chantillon assez t\u00f4t pour pouvoir faire toutes les analyses pendant que le sang est encore frais. Ces analyses sont longues. La coordonnatrice des dons de rein de personnes vivantes prendra un rendez-vous pour le typage tissulaire et vous informera de la date.<\/p>\n<p>Si vous n\u2019\u00eates pas compatible avec le receveur choisi, la coordonnatrice des dons de rein de personnes vivantes discutera avec vous de la possibilit\u00e9 de recourir au Registre de donneurs vivants jumel\u00e9s par \u00e9change de b\u00e9n\u00e9ficiaires.<\/p>\n<p>Si vous \u00eates compatibles avec le receveur, vous passerez \u00e0 la deuxi\u00e8me \u00e9tape de l\u2019\u00e9valuation.<\/p>\n","protected":false},"excerpt":{"rendered":"<p>Cette \u00e9tape consiste \u00e0 consulter votre m\u00e9decin de famille, \u00e0 r\u00e9pondre \u00e0 un questionnaire et \u00e0 passer une analyse visant \u00e0 d\u00e9terminer votre type de tissus (typage tissulaire). Consultation de votre m\u00e9decin de famille D\u00e8s que vous aurez inform\u00e9 la coordonnatrice des dons de rein de personnes vivantes que vous souhaitez vraiment donner un de [&hellip;]<\/p>\n","protected":false},"author":25,"featured_media":0,"parent":13173,"menu_order":1,"comment_status":"closed","ping_status":"closed","template":"","meta":{"_acf_changed":false,"_mc_calendar":[],"footnotes":""},"class_list":["post-13180","page","type-page","status-publish","hentry"],"acf":[],"wps_subtitle":"","_links":{"self":[{"href":"https:\/\/www.ottawahospital.on.ca\/fr\/wp-json\/wp\/v2\/pages\/13180","targetHints":{"allow":["GET"]}}],"collection":[{"href":"https:\/\/www.ottawahospital.on.ca\/fr\/wp-json\/wp\/v2\/pages"}],"about":[{"href":"https:\/\/www.ottawahospital.on.ca\/fr\/wp-json\/wp\/v2\/types\/page"}],"author":[{"embeddable":true,"href":"https:\/\/www.ottawahospital.on.ca\/fr\/wp-json\/wp\/v2\/users\/25"}],"replies":[{"embeddable":true,"href":"https:\/\/www.ottawahospital.on.ca\/fr\/wp-json\/wp\/v2\/comments?post=13180"}],"version-history":[{"count":0,"href":"https:\/\/www.ottawahospital.on.ca\/fr\/wp-json\/wp\/v2\/pages\/13180\/revisions"}],"up":[{"embeddable":true,"href":"https:\/\/www.ottawahospital.on.ca\/fr\/wp-json\/wp\/v2\/pages\/13173"}],"wp:attachment":[{"href":"https:\/\/www.ottawahospital.on.ca\/fr\/wp-json\/wp\/v2\/media?parent=13180"}],"curies":[{"name":"wp","href":"https:\/\/api.w.org\/{rel}","templated":true}]}}