{"id":13173,"date":"2016-12-05T12:58:49","date_gmt":"2016-12-05T17:58:49","guid":{"rendered":"http:\/\/52.229.122.34\/fr\/?page_id=13173"},"modified":"2016-12-05T12:58:49","modified_gmt":"2016-12-05T17:58:49","slug":"evaluation","status":"publish","type":"page","link":"https:\/\/www.ottawahospital.on.ca\/fr\/services-cliniques\/deptpgrmcs\/programmes\/dons-de-rein\/evaluation\/","title":{"rendered":"\u00c9valuation"},"content":{"rendered":"<p>Nous \u00e9valuons soigneusement votre \u00e9tat de sant\u00e9 pour avoir la certitude que le don de rein de votre vivant ne sera pas nuisible pour vous. Parfois, pendant les analyses et les examens, nous d\u00e9couvrons des probl\u00e8mes de sant\u00e9 inconnus du donneur. Si cela se produit, nous vous recommanderons un sp\u00e9cialiste ou nous vous demanderons de retourner voir votre m\u00e9decin de famille. Si vous pr\u00e9voyez vous souscrire \u00e0 une assurance, \u00a0par exemple \u00a0une assurance-vie, une assurance invalidit\u00e9 ou une assurance maladie grave, vous devriez le faire avant le d\u00e9but de l\u2019\u00e9valuation. Si nous d\u00e9couvrons des probl\u00e8mes de sant\u00e9 pendant l\u2019\u00e9valuation, vous pourriez avoir de la difficult\u00e9 \u00e0 vous procurer une assurance. \u00a0Cette d\u00e9cision est la votre. \u00a0Vous n\u2019avez pas besoin d\u2019une assurance pour devenir donneur.<\/p>\n<p>Le processus d\u2019\u00e9valuation se fait en deux \u00e9tapes.<\/p>\n","protected":false},"excerpt":{"rendered":"<p>Nous \u00e9valuons soigneusement votre \u00e9tat de sant\u00e9 pour avoir la certitude que le don de rein de votre vivant ne sera pas nuisible pour vous. Parfois, pendant les analyses et les examens, nous d\u00e9couvrons des probl\u00e8mes de sant\u00e9 inconnus du donneur. Si cela se produit, nous vous recommanderons un sp\u00e9cialiste ou nous vous demanderons de [&hellip;]<\/p>\n","protected":false},"author":25,"featured_media":0,"parent":12780,"menu_order":3,"comment_status":"closed","ping_status":"closed","template":"","meta":{"_acf_changed":false,"_mc_calendar":[],"footnotes":""},"class_list":["post-13173","page","type-page","status-publish","hentry"],"acf":[],"wps_subtitle":"","_links":{"self":[{"href":"https:\/\/www.ottawahospital.on.ca\/fr\/wp-json\/wp\/v2\/pages\/13173","targetHints":{"allow":["GET"]}}],"collection":[{"href":"https:\/\/www.ottawahospital.on.ca\/fr\/wp-json\/wp\/v2\/pages"}],"about":[{"href":"https:\/\/www.ottawahospital.on.ca\/fr\/wp-json\/wp\/v2\/types\/page"}],"author":[{"embeddable":true,"href":"https:\/\/www.ottawahospital.on.ca\/fr\/wp-json\/wp\/v2\/users\/25"}],"replies":[{"embeddable":true,"href":"https:\/\/www.ottawahospital.on.ca\/fr\/wp-json\/wp\/v2\/comments?post=13173"}],"version-history":[{"count":0,"href":"https:\/\/www.ottawahospital.on.ca\/fr\/wp-json\/wp\/v2\/pages\/13173\/revisions"}],"up":[{"embeddable":true,"href":"https:\/\/www.ottawahospital.on.ca\/fr\/wp-json\/wp\/v2\/pages\/12780"}],"wp:attachment":[{"href":"https:\/\/www.ottawahospital.on.ca\/fr\/wp-json\/wp\/v2\/media?parent=13173"}],"curies":[{"name":"wp","href":"https:\/\/api.w.org\/{rel}","templated":true}]}}