{"id":13163,"date":"2016-12-05T12:54:47","date_gmt":"2016-12-05T17:54:47","guid":{"rendered":"http:\/\/52.229.122.34\/fr\/?page_id=13163"},"modified":"2016-12-05T12:57:27","modified_gmt":"2016-12-05T17:57:27","slug":"types-de-don","status":"publish","type":"page","link":"https:\/\/www.ottawahospital.on.ca\/fr\/services-cliniques\/deptpgrmcs\/programmes\/dons-de-rein\/le-don-de-rein-de-personnes-vivantes\/types-de-don\/","title":{"rendered":"Types de don"},"content":{"rendered":"<p>Il existe plusieurs types de donneurs de rein vivants.<\/p>\n<h2>La famille<\/h2>\n<p>Ce groupe se compose des personnes ayant un lien de sang avec le receveur\u00a0: fr\u00e8res, s\u0153urs, parents, enfants, tantes, oncles, cousins, cousines, demi-fr\u00e8res, demi-s\u0153urs, ni\u00e8ces et neveux.<\/p>\n<h2>Les proches sans lien de sang<\/h2>\n<p>Ce groupe se compose des conjoints, des beaux-parents, des amis proches et des coll\u00e8gues de travail.<\/p>\n<h2>Le Registre de donneurs vivants jumel\u00e9s par \u00e9change de b\u00e9n\u00e9ficiaires<\/h2>\n<p>Certaines personnes souhaitent donner un rein \u00e0 quelqu\u2019un qu\u2019elles connaissent, mais elles ne peuvent pas le faire pour diff\u00e9rentes raisons, par exemple parce que leur groupe sanguin ou type de tissus est incompatible avec celui du b\u00e9n\u00e9ficiaire. On dit que ces personnes forment une paire incompatible. Dans le cadre du programme de donneurs vivants jumel\u00e9s par \u00e9change de b\u00e9n\u00e9ficiaires, les paires incompatibles sont jumel\u00e9es avec d\u2019autres paires \u00e9galement incompatibles. Le donneur d\u2019une des paires donne ensuite au receveur de l\u2019autre paire et vice-versa. Parfois, il se produit un \u00e9change en domino\u00a0: jusqu\u2019\u00e0 cinq paires incompatibles peuvent \u00e9changer des b\u00e9n\u00e9ficiaires de rein. Plus le Registre de donneurs vivants jumel\u00e9s par \u00e9change de b\u00e9n\u00e9ficiaires compte de paires incompatibles, plus on a de chances de trouver une concordance pour aider les personnes ayant besoin d\u2019une transplantation.<\/p>\n<p>L&rsquo;H\u00f4pital d&rsquo;Ottawa est associ\u00e9 au Registre de donneurs vivants jumel\u00e9s par \u00e9change de b\u00e9n\u00e9ficiaires, qui est d\u2019envergure nationale.<\/p>\n<h2>Donneurs anonymes ou donneurs sans receveur d\u00e9sign\u00e9<\/h2>\n<p>Certaines personnes souhaitent donner un rein, mais ne connaissent pas de receveur. L&rsquo;H\u00f4pital d&rsquo;Ottawa accepte des donneurs anonymes dans le cadre de sa participation au Registre de donneurs vivants jumel\u00e9s par \u00e9change de b\u00e9n\u00e9ficiaires. Les donneurs anonymes sont souvent \u00e0 l\u2019origine d\u2019un \u00e9change en domino qui permet \u00e0 plusieurs receveurs d\u2019obtenir un rein.<\/p>\n<p><strong>Exemple d\u2019\u00e9change en domino<\/strong><\/p>\n<ul>\n<li>Le<strong><em> donneur\u00a01<\/em><\/strong> veut donner un rein au <strong><em>receveur\u00a01,<\/em><\/strong> mais il ne peut pas le faire parce que leurs groupes sanguins sont incompatibles.<\/li>\n<li>Le<strong><em> donneur\u00a02<\/em><\/strong> veut donner un rein au<strong> <em>receveur\u00a02,<\/em><\/strong> mais il ne peut pas le faire parce que leurs types de tissus sont incompatibles.<\/li>\n<li><em>Un<\/em> <strong><em>donneur anonyme<\/em><\/strong> peut donner un rein au <strong><em>receveur\u00a01<\/em><\/strong> parce que leurs groupes sanguins sont compatibles.<\/li>\n<li>De ce fait, le <strong><em>donneur\u00a01<\/em><\/strong> peut donner un rein au <strong><em>receveur\u00a02<\/em><\/strong> parce que leurs groupes sanguins et types de tissus sont compatibles.<\/li>\n<li>Ensuite, le <strong><em>donneur\u00a02<\/em><\/strong> peut donner un rein au <strong><em>receveur\u00a03<\/em><\/strong> (sur la liste d\u2019attente) parce que leurs groupes sanguins et types de tissus sont compatibles.<\/li>\n<li>Le donneur anonyme a permis \u00e0 trois personnes d\u2019obtenir la transplantation de rein attendue qui aurait par ailleurs \u00e9t\u00e9 impossible sans lui.<\/li>\n<\/ul>\n<p>En\u00a02008, L&rsquo;H\u00f4pital d&rsquo;Ottawa a \u00e9t\u00e9 l\u2019un des deux premiers h\u00f4pitaux au Canada \u00e0 pratiquer un \u00e9change en domino.<\/p>\n<p><img decoding=\"async\" class=\"size-full wp-image-13161 img-responsive alignright\" src=\"\/wp-content\/uploads\/2016\/12\/xdvgnkym2011925865089079988.jpg\" alt=\"domino-kidney-transplantation\" width=\"370\" height=\"286\" srcset=\"https:\/\/www.ottawahospital.on.ca\/wp-content\/uploads\/2016\/12\/xdvgnkym2011925865089079988.jpg 370w, https:\/\/www.ottawahospital.on.ca\/wp-content\/uploads\/2016\/12\/xdvgnkym2011925865089079988-300x232.jpg 300w\" sizes=\"(max-width: 370px) 100vw, 370px\" \/><\/p>\n<p>&nbsp;<\/p>\n<p>Domino Kidney Transplantation at TOH =<br \/>\nTransplantation de rein en domino \u00e0 L\u2019HO<\/p>\n<p>Anonymous Donor = Donneur anonyme<\/p>\n<p>DONOR 1, 2 = DONNEUR 1, 2<\/p>\n<p>RECIPIENT 1,2,3 = RECEVEUR 1, 2, 3<\/p>\n<p>Patient from Wait List = Patient inscrit sur la liste d\u2019attente<\/p>\n","protected":false},"excerpt":{"rendered":"<p>Il existe plusieurs types de donneurs de rein vivants. La famille Ce groupe se compose des personnes ayant un lien de sang avec le receveur\u00a0: fr\u00e8res, s\u0153urs, parents, enfants, tantes, oncles, cousins, cousines, demi-fr\u00e8res, demi-s\u0153urs, ni\u00e8ces et neveux. Les proches sans lien de sang Ce groupe se compose des conjoints, des beaux-parents, des amis proches [&hellip;]<\/p>\n","protected":false},"author":25,"featured_media":0,"parent":13140,"menu_order":3,"comment_status":"closed","ping_status":"closed","template":"","meta":{"_acf_changed":false,"_mc_calendar":[],"footnotes":""},"class_list":["post-13163","page","type-page","status-publish","hentry"],"acf":[],"wps_subtitle":"","_links":{"self":[{"href":"https:\/\/www.ottawahospital.on.ca\/fr\/wp-json\/wp\/v2\/pages\/13163","targetHints":{"allow":["GET"]}}],"collection":[{"href":"https:\/\/www.ottawahospital.on.ca\/fr\/wp-json\/wp\/v2\/pages"}],"about":[{"href":"https:\/\/www.ottawahospital.on.ca\/fr\/wp-json\/wp\/v2\/types\/page"}],"author":[{"embeddable":true,"href":"https:\/\/www.ottawahospital.on.ca\/fr\/wp-json\/wp\/v2\/users\/25"}],"replies":[{"embeddable":true,"href":"https:\/\/www.ottawahospital.on.ca\/fr\/wp-json\/wp\/v2\/comments?post=13163"}],"version-history":[{"count":0,"href":"https:\/\/www.ottawahospital.on.ca\/fr\/wp-json\/wp\/v2\/pages\/13163\/revisions"}],"up":[{"embeddable":true,"href":"https:\/\/www.ottawahospital.on.ca\/fr\/wp-json\/wp\/v2\/pages\/13140"}],"wp:attachment":[{"href":"https:\/\/www.ottawahospital.on.ca\/fr\/wp-json\/wp\/v2\/media?parent=13163"}],"curies":[{"name":"wp","href":"https:\/\/api.w.org\/{rel}","templated":true}]}}