{"id":13145,"date":"2016-12-05T12:46:36","date_gmt":"2016-12-05T17:46:36","guid":{"rendered":"http:\/\/52.229.122.34\/fr\/?page_id=13145"},"modified":"2016-12-05T12:46:36","modified_gmt":"2016-12-05T17:46:36","slug":"avantages","status":"publish","type":"page","link":"https:\/\/www.ottawahospital.on.ca\/fr\/services-cliniques\/deptpgrmcs\/programmes\/dons-de-rein\/le-don-de-rein-de-personnes-vivantes\/avantages\/","title":{"rendered":"Avantages"},"content":{"rendered":"<h2>Quels sont les avantages du don de rein de personnes vivantes?<\/h2>\n<p>Le don de rein de personnes vivantes offre une nouvelle possibilit\u00e9 aux personnes en attente d\u2019un rein d\u2019un donneur d\u00e9c\u00e9d\u00e9. Ce type de don pr\u00e9sente de nombreux avantages. En voici quelques-uns.<\/p>\n<p><strong>Du temps pour se pr\u00e9parer<\/strong><br \/>\nIl est possible de faire la transplantation \u00e0 un moment o\u00f9 le donneur et le receveur pr\u00e9sentent le meilleur \u00e9tat de sant\u00e9 possible. Le donneur et le receveur sont inform\u00e9s \u00e0 l\u2019avance de la date de la transplantation afin de pouvoir s\u2019y pr\u00e9parer.<\/p>\n<p><strong>Meilleur taux de r\u00e9ussite<\/strong><br \/>\nLa transplantation du rein d\u2019un donneur vivant a plus de chances de r\u00e9ussir que celle du rein d\u2019un donneur d\u00e9c\u00e9d\u00e9. Le risque de rejet est moins important si l\u2019organe provient d\u2019un donneur vivant. Comme il s\u2019\u00e9coule g\u00e9n\u00e9ralement moins de temps entre le moment o\u00f9 le rein est pr\u00e9lev\u00e9 sur le donneur et celui o\u00f9 il est transplant\u00e9, le rein fonctionne habituellement mieux et plus longtemps.<\/p>\n<p><strong>Moins d\u2019attente<\/strong><br \/>\nLe temps d\u2019attente pour obtenir un rein est beaucoup plus court lorsque l\u2019organe provient d\u2019une personne vivante au lieu d\u2019une personne d\u00e9c\u00e9d\u00e9e. C\u2019est avantageux pour le receveur parce qu\u2019il doit passer moins de temps en dialyse et que la transplantation peut \u00eatre faite lorsqu\u2019il est en bonne sant\u00e9. Cela diminue \u00e9galement la liste d\u2019attente, ce qui est avantageux pour toutes les personnes en attente d\u2019une transplantation.<\/p>\n<p><strong>Dialyse \u00e9vit\u00e9e<\/strong><br \/>\nUne personne peut recevoir un rein beaucoup plus rapidement au cours de l\u2019\u00e9volution de la maladie si elle re\u00e7oit le rein d\u2019une personne vivante. Il est parfois possible de proc\u00e9der \u00e0 la transplantation avant qu\u2019elle ait besoin de dialyse. Cela s\u2019appelle une transplantation pr\u00e9ventive.<\/p>\n<p><strong>Meilleure qualit\u00e9 de vie<\/strong><br \/>\nApr\u00e8s la transplantation, le receveur n\u2019a plus besoin de suivre un r\u00e9gime alimentaire et liquide strict. Il n\u2019aura plus non plus \u00e0 supporter la dialyse, ni la fatigue qu\u2019elle peut causer. Le rein d\u2019un donneur vivant commence en g\u00e9n\u00e9ral \u00e0 fonctionner imm\u00e9diatement. Le donneur vivant peut aider \u00e0 sauver une vie, ce qui peut \u00eatre une exp\u00e9rience tr\u00e8s positive.<\/p>\n","protected":false},"excerpt":{"rendered":"<p>Quels sont les avantages du don de rein de personnes vivantes? Le don de rein de personnes vivantes offre une nouvelle possibilit\u00e9 aux personnes en attente d\u2019un rein d\u2019un donneur d\u00e9c\u00e9d\u00e9. Ce type de don pr\u00e9sente de nombreux avantages. En voici quelques-uns. Du temps pour se pr\u00e9parer Il est possible de faire la transplantation \u00e0 [&hellip;]<\/p>\n","protected":false},"author":25,"featured_media":0,"parent":13140,"menu_order":1,"comment_status":"closed","ping_status":"closed","template":"","meta":{"_acf_changed":false,"_mc_calendar":[],"footnotes":""},"class_list":["post-13145","page","type-page","status-publish","hentry"],"acf":[],"wps_subtitle":"","_links":{"self":[{"href":"https:\/\/www.ottawahospital.on.ca\/fr\/wp-json\/wp\/v2\/pages\/13145","targetHints":{"allow":["GET"]}}],"collection":[{"href":"https:\/\/www.ottawahospital.on.ca\/fr\/wp-json\/wp\/v2\/pages"}],"about":[{"href":"https:\/\/www.ottawahospital.on.ca\/fr\/wp-json\/wp\/v2\/types\/page"}],"author":[{"embeddable":true,"href":"https:\/\/www.ottawahospital.on.ca\/fr\/wp-json\/wp\/v2\/users\/25"}],"replies":[{"embeddable":true,"href":"https:\/\/www.ottawahospital.on.ca\/fr\/wp-json\/wp\/v2\/comments?post=13145"}],"version-history":[{"count":0,"href":"https:\/\/www.ottawahospital.on.ca\/fr\/wp-json\/wp\/v2\/pages\/13145\/revisions"}],"up":[{"embeddable":true,"href":"https:\/\/www.ottawahospital.on.ca\/fr\/wp-json\/wp\/v2\/pages\/13140"}],"wp:attachment":[{"href":"https:\/\/www.ottawahospital.on.ca\/fr\/wp-json\/wp\/v2\/media?parent=13145"}],"curies":[{"name":"wp","href":"https:\/\/api.w.org\/{rel}","templated":true}]}}