{"id":13140,"date":"2016-12-05T12:45:31","date_gmt":"2016-12-05T17:45:31","guid":{"rendered":"http:\/\/52.229.122.34\/fr\/?page_id=13140"},"modified":"2016-12-05T12:45:31","modified_gmt":"2016-12-05T17:45:31","slug":"le-don-de-rein-de-personnes-vivantes","status":"publish","type":"page","link":"https:\/\/www.ottawahospital.on.ca\/fr\/services-cliniques\/deptpgrmcs\/programmes\/dons-de-rein\/le-don-de-rein-de-personnes-vivantes\/","title":{"rendered":"Le don de rein de personnes vivantes"},"content":{"rendered":"<p>Une personne vivante peut d\u00e9cider de donner un de ses reins \u00e0 une personne en attente d\u2019une transplantation. La personne qui donne un rein est appel\u00e9e donneur. La personne qui re\u00e7oit le rein est appel\u00e9e receveur. La premi\u00e8re transplantation r\u00e9ussie d\u2019un organe provenant d\u2019un donneur vivant remonte en\u00a01954.<\/p>\n<p>L&rsquo;H\u00f4pital d&rsquo;Ottawa dispose d\u2019un programme bien \u00e9tabli pour les dons de rein de personnes vivantes. Ces derni\u00e8res ann\u00e9es, il y a eu de plus en plus de transplantations de reins provenant de personnes vivantes. Au Canada, les donneurs vivants sont plus nombreux que les donneurs d\u00e9c\u00e9d\u00e9s. Pourtant, m\u00eame si on a fait un plus grand nombre de transplantations d\u2019organes pr\u00e9lev\u00e9s sur des personnes vivantes \u00e0 Ottawa et dans tout le pays ces derni\u00e8res ann\u00e9es, il y a toujours une p\u00e9nurie de reins pour les patients dont le nom se trouve sur la liste d\u2019attente. Des patients meurent ainsi chaque ann\u00e9e en attente d\u2019un rein.<\/p>\n","protected":false},"excerpt":{"rendered":"<p>Une personne vivante peut d\u00e9cider de donner un de ses reins \u00e0 une personne en attente d\u2019une transplantation. La personne qui donne un rein est appel\u00e9e donneur. La personne qui re\u00e7oit le rein est appel\u00e9e receveur. La premi\u00e8re transplantation r\u00e9ussie d\u2019un organe provenant d\u2019un donneur vivant remonte en\u00a01954. L&rsquo;H\u00f4pital d&rsquo;Ottawa dispose d\u2019un programme bien \u00e9tabli [&hellip;]<\/p>\n","protected":false},"author":25,"featured_media":0,"parent":12780,"menu_order":2,"comment_status":"closed","ping_status":"closed","template":"","meta":{"_acf_changed":false,"_mc_calendar":[],"footnotes":""},"class_list":["post-13140","page","type-page","status-publish","hentry"],"acf":[],"wps_subtitle":"","_links":{"self":[{"href":"https:\/\/www.ottawahospital.on.ca\/fr\/wp-json\/wp\/v2\/pages\/13140","targetHints":{"allow":["GET"]}}],"collection":[{"href":"https:\/\/www.ottawahospital.on.ca\/fr\/wp-json\/wp\/v2\/pages"}],"about":[{"href":"https:\/\/www.ottawahospital.on.ca\/fr\/wp-json\/wp\/v2\/types\/page"}],"author":[{"embeddable":true,"href":"https:\/\/www.ottawahospital.on.ca\/fr\/wp-json\/wp\/v2\/users\/25"}],"replies":[{"embeddable":true,"href":"https:\/\/www.ottawahospital.on.ca\/fr\/wp-json\/wp\/v2\/comments?post=13140"}],"version-history":[{"count":0,"href":"https:\/\/www.ottawahospital.on.ca\/fr\/wp-json\/wp\/v2\/pages\/13140\/revisions"}],"up":[{"embeddable":true,"href":"https:\/\/www.ottawahospital.on.ca\/fr\/wp-json\/wp\/v2\/pages\/12780"}],"wp:attachment":[{"href":"https:\/\/www.ottawahospital.on.ca\/fr\/wp-json\/wp\/v2\/media?parent=13140"}],"curies":[{"name":"wp","href":"https:\/\/api.w.org\/{rel}","templated":true}]}}