{"id":13133,"date":"2016-12-05T12:43:27","date_gmt":"2016-12-05T17:43:27","guid":{"rendered":"http:\/\/52.229.122.34\/fr\/?page_id=13133"},"modified":"2016-12-23T09:17:39","modified_gmt":"2016-12-23T14:17:39","slug":"traitement","status":"publish","type":"page","link":"https:\/\/www.ottawahospital.on.ca\/fr\/services-cliniques\/deptpgrmcs\/programmes\/dons-de-rein\/les-reins\/traitement\/","title":{"rendered":"Traitement"},"content":{"rendered":"<p>Les possibilit\u00e9s de traitement de l\u2019insuffisance r\u00e9nale sont la <strong>dialyse<\/strong> ou la <strong>transplantation<\/strong>.<\/p>\n<p>Les traitements de dialyse comportent de nombreuses difficult\u00e9s. Il faut les recevoir r\u00e9guli\u00e8rement et suivre un r\u00e9gime alimentaire strict. Pour ces deux raisons, la personne en dialyse peut \u00eatre fatigu\u00e9e la plupart du temps. Il existe deux types de dialyse\u00a0: l\u2019h\u00e9modialyse et la dialyse p\u00e9riton\u00e9ale.<\/p>\n<h2>H\u00e9modialyse<\/h2>\n<p>Durant l\u2019h\u00e9modialyse, le sang passe dans un appareil \u00e0 l\u2019ext\u00e9rieur du corps pour y \u00eatre nettoy\u00e9. La proc\u00e9dure peut durer trois \u00e0 quatre heures, et il faut s\u2019y soumettre trois fois par semaine. Il est \u00e9galement possible de recevoir un traitement d\u2019h\u00e9modialyse six fois par semaine pendant de plus courtes p\u00e9riodes ou de le recevoir la nuit, pendant qu\u2019on dort. C\u2019est ce qu\u2019on appelle l\u2019h\u00e9modialyse nocturne. L\u2019h\u00e9modialyse peut se faire \u00e0 l\u2019h\u00f4pital ou le patient peut suivre une formation sp\u00e9ciale pour la faire \u00e0 la maison.<\/p>\n<p>&nbsp;<\/p>\n<div style=\"float: left;\">\n<p>Hemodialyzer = H\u00e9modialyseur (o\u00f9 a lieu la filtration)<\/p>\n<p>Hemodialyzer machine = Appareil d\u2019h\u00e9modialyse<\/p>\n<p>Filtered blood = Sang filtr\u00e9 renvoy\u00e9 dans l\u2019organisme<\/p>\n<p>Blood flows = Sang achemin\u00e9 vers l\u2019h\u00e9modialyseur<\/p>\n<\/div>\n<p><img decoding=\"async\" class=\"size-full wp-image-13128 aligncenter img-responsive\" src=\"\/wp-content\/uploads\/2016\/12\/evoobwae9086472457245262154.jpg\" alt=\"Hemodialysis\" width=\"280\" height=\"324\" srcset=\"https:\/\/www.ottawahospital.on.ca\/wp-content\/uploads\/2016\/12\/evoobwae9086472457245262154.jpg 280w, https:\/\/www.ottawahospital.on.ca\/wp-content\/uploads\/2016\/12\/evoobwae9086472457245262154-259x300.jpg 259w\" sizes=\"(max-width: 280px) 100vw, 280px\" \/><\/p>\n<h2>Dialyse p\u00e9riton\u00e9ale<\/h2>\n<p>Lors d\u2019une dialyse p\u00e9riton\u00e9ale, le sang est nettoy\u00e9 \u00e0 l\u2019int\u00e9rieur du corps plut\u00f4t qu\u2019au moyen d\u2019un rein artificiel. La cavit\u00e9 p\u00e9riton\u00e9ale est l\u2019espace situ\u00e9 autour des intestins et des autres organes de l\u2019abdomen (ventre). Pendant une dialyse p\u00e9riton\u00e9ale, cette cavit\u00e9 est remplie d\u2019un liquide de dialyse. Les d\u00e9chets et l\u2019exc\u00e8s de liquides passent de la cavit\u00e9 p\u00e9riton\u00e9ale et se m\u00e9langent \u00e0 ce liquide, qui est ensuite drain\u00e9. C\u2019est ce qu\u2019on appelle un \u00e9change de fluides.<\/p>\n<p>&nbsp;<\/p>\n<div style=\"float: left;\">Catheter = Cath\u00e9ter<\/div>\n<p><img decoding=\"async\" class=\"aligncenter size-full wp-image-13127 img-responsive\" src=\"\/wp-content\/uploads\/2016\/12\/gyorxjwb1681528801776043473.gif\" alt=\"Peritoneal Dialysis\" width=\"285\" height=\"196\" \/><\/p>\n<p>Il faut faire une dialyse p\u00e9riton\u00e9ale tous les jours. Un appareil peut faire l\u2019\u00e9change de fluides pendant qu\u2019on dort. On peut \u00e9galement faire l\u2019\u00e9change de fluides soi-m\u00eame quatre \u00e0 cinq fois par jour. Les personnes qui choisissent la dialyse p\u00e9riton\u00e9ale re\u00e7oivent une formation sp\u00e9ciale pour la faire elles-m\u00eames \u00e0 la maison.<br \/>\n<img decoding=\"async\" class=\"aligncenter size-full wp-image-13126 img-responsive\" src=\"\/wp-content\/uploads\/2016\/12\/uspriqhm714865520339982567.jpg\" alt=\"Peritoneal Dialysis-2\" width=\"253\" height=\"310\" srcset=\"https:\/\/www.ottawahospital.on.ca\/wp-content\/uploads\/2016\/12\/uspriqhm714865520339982567.jpg 253w, https:\/\/www.ottawahospital.on.ca\/wp-content\/uploads\/2016\/12\/uspriqhm714865520339982567-245x300.jpg 245w\" sizes=\"(max-width: 253px) 100vw, 253px\" \/><\/p>\n<h2>Transplantation<\/h2>\n<p>Actuellement, le meilleur traitement contre l\u2019insuffisance r\u00e9nale est la transplantation r\u00e9nale. La transplantation d\u2019un rein en bonne sant\u00e9 permet aux personnes atteintes d\u2019insuffisance r\u00e9nale de vivre plus longtemps et d\u2019avoir une meilleure qualit\u00e9 de vie. La transplantation r\u00e9nale ne convient toutefois pas \u00e0 tout le monde.<\/p>\n<p>Pendant une transplantation, le nouveau rein est ins\u00e9r\u00e9 dans l\u2019abdomen pr\u00e8s de la vessie. Les reins du receveur ne sont pas retir\u00e9s \u00e0 moins que les m\u00e9decins aient une bonne raison pour le faire.<\/p>\n<p>Il existe deux types de transplantation\u00a0: <strong>celle du rein d\u2019une personne d\u00e9c\u00e9d\u00e9e ou celle du rein d\u2019une personne vivante. <\/strong>Le rein d\u2019un donneur d\u00e9c\u00e9d\u00e9 est offert \u00e0 la personne dont le nom se trouve sur la liste d\u2019attente des dons d\u2019organes de personnes d\u00e9c\u00e9d\u00e9es. L\u2019organe provient d\u2019une personne qui vient de mourir et que sa famille accepte de faire un don de reins.<\/p>\n<p>&nbsp;<\/p>\n<div style=\"float: left;\">\n<p>New kidney = Nouveau rein<\/p>\n<p>Location of transplanted kidney =<br \/>\nEmplacement du rein transplant\u00e9<\/p>\n<\/div>\n<p><img decoding=\"async\" class=\"size-full wp-image-13125 aligncenter img-responsive\" src=\"\/wp-content\/uploads\/2016\/12\/gmqrmkzy6817104837485528064.gif\" alt=\"Transplantation\" width=\"311\" height=\"340\" \/><\/p>\n<p>La liste d\u2019attente pour obtenir un rein d\u2019un donneur d\u00e9c\u00e9d\u00e9 ne cesse de s\u2019allonger. Le temps d\u2019attente moyen sur cette liste est de cinq ans pour les personnes vivant dans la r\u00e9gion d\u2019Ottawa. Les transplantations de reins de donneurs d\u00e9c\u00e9d\u00e9s sont r\u00e9ussies chez de nombreuses personnes, mais il est pr\u00e9f\u00e9rable de recevoir le rein d\u2019une personne vivante. Nous allons maintenant aborder exclusivement les dons de rein de personnes vivantes.<\/p>\n","protected":false},"excerpt":{"rendered":"<p>Les possibilit\u00e9s de traitement de l\u2019insuffisance r\u00e9nale sont la dialyse ou la transplantation. Les traitements de dialyse comportent de nombreuses difficult\u00e9s. Il faut les recevoir r\u00e9guli\u00e8rement et suivre un r\u00e9gime alimentaire strict. Pour ces deux raisons, la personne en dialyse peut \u00eatre fatigu\u00e9e la plupart du temps. Il existe deux types de dialyse\u00a0: l\u2019h\u00e9modialyse et [&hellip;]<\/p>\n","protected":false},"author":25,"featured_media":0,"parent":13102,"menu_order":2,"comment_status":"closed","ping_status":"closed","template":"","meta":{"_acf_changed":false,"_mc_calendar":[],"footnotes":""},"class_list":["post-13133","page","type-page","status-publish","hentry"],"acf":[],"wps_subtitle":"","_links":{"self":[{"href":"https:\/\/www.ottawahospital.on.ca\/fr\/wp-json\/wp\/v2\/pages\/13133","targetHints":{"allow":["GET"]}}],"collection":[{"href":"https:\/\/www.ottawahospital.on.ca\/fr\/wp-json\/wp\/v2\/pages"}],"about":[{"href":"https:\/\/www.ottawahospital.on.ca\/fr\/wp-json\/wp\/v2\/types\/page"}],"author":[{"embeddable":true,"href":"https:\/\/www.ottawahospital.on.ca\/fr\/wp-json\/wp\/v2\/users\/25"}],"replies":[{"embeddable":true,"href":"https:\/\/www.ottawahospital.on.ca\/fr\/wp-json\/wp\/v2\/comments?post=13133"}],"version-history":[{"count":0,"href":"https:\/\/www.ottawahospital.on.ca\/fr\/wp-json\/wp\/v2\/pages\/13133\/revisions"}],"up":[{"embeddable":true,"href":"https:\/\/www.ottawahospital.on.ca\/fr\/wp-json\/wp\/v2\/pages\/13102"}],"wp:attachment":[{"href":"https:\/\/www.ottawahospital.on.ca\/fr\/wp-json\/wp\/v2\/media?parent=13133"}],"curies":[{"name":"wp","href":"https:\/\/api.w.org\/{rel}","templated":true}]}}