{"id":13116,"date":"2016-12-05T12:26:31","date_gmt":"2016-12-05T17:26:31","guid":{"rendered":"http:\/\/52.229.122.34\/fr\/?page_id=13116"},"modified":"2023-10-30T17:27:37","modified_gmt":"2023-10-30T21:27:37","slug":"maladie","status":"publish","type":"page","link":"https:\/\/www.ottawahospital.on.ca\/fr\/services-cliniques\/deptpgrmcs\/programmes\/dons-de-rein\/les-reins\/maladie\/","title":{"rendered":"Maladie"},"content":{"rendered":"<p>Plusieurs facteurs peuvent causer une maladie r\u00e9nale, qui repr\u00e9sente d\u2019ailleurs un probl\u00e8me de sant\u00e9 de plus en plus important au Canada. Les deux principales causes au Canada sont le <strong>diab\u00e8te<\/strong> et l\u2019<strong>hypertension art\u00e9rielle.<\/strong><\/p>\n<p>Les autres causes courantes sont :<\/p>\n<ul>\n<li>une maladie vasculaire provoquant un durcissement des art\u00e8res<\/li>\n<li>une glom\u00e9rulon\u00e9phrite, soit une inflammation des unit\u00e9s de filtration des reins<\/li>\n<li>la maladie polykystique des reins (cysts aux reins)<\/li>\n<li>reli\u00e9 \u00e0 un effet secondaire d\u2019un m\u00e9dicament<\/li>\n<li>une py\u00e9lon\u00e9phrite, soit une infection interne du rein<\/li>\n<li>reli\u00e9 \u00e0 une obstruction des voies urinaires<\/li>\n<li>d\u2019autres maladies g\u00e9n\u00e9tiques rares.<\/li>\n<\/ul>\n<h2>Stades d\u2019une maladie r\u00e9nale<\/h2>\n<div class=\"table-responsive\">\n<table class=\"table text-left\" title=\"Stades d\u2019une maladie r\u00e9nale\">\n<caption class=\"hidecontent\">Stades d\u2019une maladie r\u00e9nale<\/caption>\n<tbody>\n<tr style=\"background-color: #d6e0ec;\">\n<th style=\"width: 97px;\" scope=\"col\"><\/th>\n<th style=\"width: 96px;\" scope=\"col\">Stade 1<\/th>\n<th style=\"width: 108px;\" scope=\"col\">Stade 2<\/th>\n<th style=\"width: 114px;\" scope=\"col\">Stade 3<\/th>\n<th style=\"width: 126px;\" scope=\"col\">Stade 4<\/th>\n<th style=\"width: 124px;\" scope=\"col\">Stade 5 (phase terminale)<\/th>\n<\/tr>\n<tr>\n<th style=\"width: 97px;\"><strong>Fonction<br \/>\nr\u00e9nale<\/strong><\/th>\n<td style=\"width: 96px;\">&gt; 90 %<\/td>\n<td style=\"width: 108px;\">de 60 \u00e0 89 %<\/td>\n<td style=\"width: 114px;\">de 30 \u00e0 59 %<\/td>\n<td style=\"width: 126px;\">de 15 \u00e0 30 %<\/td>\n<td style=\"width: 124px;\">&lt; 15 %<\/td>\n<\/tr>\n<tr>\n<th style=\"width: 97px;\"><strong>Sympt\u00f4mes<\/strong><\/th>\n<td style=\"width: 96px;\">Aucun<\/td>\n<td style=\"width: 108px;\">Aucun<\/td>\n<td style=\"width: 114px;\">Fatigue<br \/>\nApp\u00e9tit r\u00e9duit<br \/>\nL\u00e9g\u00e8re an\u00e9mie<\/td>\n<td style=\"width: 126px;\">Fatigue importante<br \/>\nNaus\u00e9es<br \/>\nAn\u00e9mie<br \/>\nD\u00e9mangeaisons cutan\u00e9es<\/td>\n<td style=\"width: 124px;\">Troubles du sommeil<br \/>\nEssoufflement<br \/>\nVomissements<br \/>\nD\u00e9mangeaisons cutan\u00e9es<br \/>\nCrampes dans les jambes<\/td>\n<\/tr>\n<tr>\n<th style=\"width: 97px;\"><strong>Traitement<\/strong><\/th>\n<td style=\"width: 96px;\">D\u00e9terminer la cause, tenter de la r\u00e9soudre ou de limiter les dommages aux reins<\/td>\n<td style=\"width: 108px;\">Surveiller le taux de cr\u00e9atinine,<br \/>\nla tension art\u00e9rielle et<br \/>\nla glyc\u00e9mie<\/td>\n<td style=\"width: 114px;\">Informer le patient sur la maladie et les possibilit\u00e9s de traitement<\/td>\n<td style=\"width: 126px;\">Planifier et cr\u00e9er un acc\u00e8s pour la dialyse et\/ou commencer les analyses pr\u00e9alables \u00e0 une transplantation<\/td>\n<td style=\"width: 124px;\">Commencer un traitement r\u00e9nal substitutif-dialyse en vue d\u2019une transplantation<\/td>\n<\/tr>\n<\/tbody>\n<\/table>\n<\/div>\n<p><strong>L\u2019insuffisance r\u00e9nale <\/strong>se produit lorsque les reins ne sont plus en mesure de filtrer correctement le sang, ce qui provoque l\u2019accumulation de d\u00e9chets toxiques et de fluides dans le sang.<\/p>\n","protected":false},"excerpt":{"rendered":"<p>Plusieurs facteurs peuvent causer une maladie r\u00e9nale, qui repr\u00e9sente d\u2019ailleurs un probl\u00e8me de sant\u00e9 de plus en plus important au Canada. Les deux principales causes au Canada sont le diab\u00e8te et l\u2019hypertension art\u00e9rielle. Les autres causes courantes sont : une maladie vasculaire provoquant un durcissement des art\u00e8res une glom\u00e9rulon\u00e9phrite, soit une inflammation des unit\u00e9s de [&hellip;]<\/p>\n","protected":false},"author":25,"featured_media":0,"parent":13102,"menu_order":1,"comment_status":"closed","ping_status":"closed","template":"","meta":{"_acf_changed":false,"_mc_calendar":[],"footnotes":""},"class_list":["post-13116","page","type-page","status-publish","hentry"],"acf":[],"wps_subtitle":"","_links":{"self":[{"href":"https:\/\/www.ottawahospital.on.ca\/fr\/wp-json\/wp\/v2\/pages\/13116","targetHints":{"allow":["GET"]}}],"collection":[{"href":"https:\/\/www.ottawahospital.on.ca\/fr\/wp-json\/wp\/v2\/pages"}],"about":[{"href":"https:\/\/www.ottawahospital.on.ca\/fr\/wp-json\/wp\/v2\/types\/page"}],"author":[{"embeddable":true,"href":"https:\/\/www.ottawahospital.on.ca\/fr\/wp-json\/wp\/v2\/users\/25"}],"replies":[{"embeddable":true,"href":"https:\/\/www.ottawahospital.on.ca\/fr\/wp-json\/wp\/v2\/comments?post=13116"}],"version-history":[{"count":0,"href":"https:\/\/www.ottawahospital.on.ca\/fr\/wp-json\/wp\/v2\/pages\/13116\/revisions"}],"up":[{"embeddable":true,"href":"https:\/\/www.ottawahospital.on.ca\/fr\/wp-json\/wp\/v2\/pages\/13102"}],"wp:attachment":[{"href":"https:\/\/www.ottawahospital.on.ca\/fr\/wp-json\/wp\/v2\/media?parent=13116"}],"curies":[{"name":"wp","href":"https:\/\/api.w.org\/{rel}","templated":true}]}}