{"id":13091,"date":"2016-12-05T12:08:02","date_gmt":"2016-12-05T17:08:02","guid":{"rendered":"http:\/\/52.229.122.34\/fr\/?page_id=13091"},"modified":"2025-07-10T08:24:53","modified_gmt":"2025-07-10T12:24:53","slug":"soins-urgents","status":"publish","type":"page","link":"https:\/\/www.ottawahospital.on.ca\/fr\/services-cliniques\/deptpgrmcs\/programmes\/equipe-de-sante-familiale\/nous-joindre\/soins-urgents\/","title":{"rendered":"Soins urgents"},"content":{"rendered":"<h2>Renseignements sur notre clinique de soins d\u2019urgence apr\u00e8s les heures normales de bureau.<\/h2>\n<div class=\"emer-alert-inner supernora\" style=\"margin-top: 0; margin-bottom: 5%;\">\n<p class=\"emer-alert-text\"><i class=\"fa fa-exclamation-circle fa-lg\"><\/i> Veuillez noter que les services d\u2019urgence sont disponible pour les patients inscrits \u00e0 notre clinique de sant\u00e9 familiale seulement. Les cliniques sans rendez-vous ne sont pas accept\u00e9es.<\/p>\n<\/div>\n<h3>Qu\u2019est-ce que des \u00ab soins urgents \u00bb?<\/h3>\n<p>Un patient a besoin de soins urgents s\u2019il a une blessure ou une maladie qui doit \u00eatre soign\u00e9e imm\u00e9diatement, mais qui n\u2019est pas assez grave pour se pr\u00e9senter \u00e0 l\u2019urgence.<\/p>\n<h3>Quelles sont mes possibilit\u00e9s si j\u2019ai besoin de soins urgents?<\/h3>\n<p>Vous pouvez consulter un m\u00e9decin de l\u2019\u00c9quipe universitaire de sant\u00e9 familiale en soir\u00e9e et la fin de semaine pour des probl\u00e8mes urgents.<\/p>\n<p>Voici les heures d\u2019ouverture :<\/p>\n<div style=\"background-color: #d6e0ec; padding: 10px;\">\n<div class=\"row\">\n<div class=\"col-md-6\">\n<p><strong>Clinique de soins urgents au Campus Civic<\/strong><\/p>\n<ul>\n<li>Lundi : 17 h \u00e0 20 h<\/li>\n<li><span data-olk-copy-source=\"MessageBody\">Mardi\u00a0: Aucune plage horaire, sauf au lendemain d\u2019un jour f\u00e9ri\u00e9.<\/span><\/li>\n<li>Jeudi: 17 h \u00e0 20 h<\/li>\n<li>Samedi: 10 h \u00e0 15 h<\/li>\n<\/ul>\n<p><strong>Clinique de soins urgents au Campus Riverside<\/strong><\/p>\n<ul>\n<li>Mercredi: 17 h \u00e0 20 h<\/li>\n<\/ul>\n<\/div>\n<\/div>\n<\/div>\n<p>Si vous avez besoin d\u2019aide en dehors de ces heures, vous pouvez appeler le Service t\u00e9l\u00e9phonique d\u2019info-sant\u00e9 de l\u2019\u00c9quipe de sant\u00e9 familiale pour obtenir les conseils d\u2019une infirmi\u00e8re autoris\u00e9e \u00e0 propos de probl\u00e8mes urgents de sant\u00e9.<\/p>\n<h3>Comment communiquer avec le Service t\u00e9l\u00e9phonique d\u2019info-sant\u00e9?<\/h3>\n<div class=\"row\">\n<div class=\"col-md-6\"><strong>Heures d\u2019ouverture<\/strong><br \/>\nDu lundi au jeudi : de 17 h \u00e0 9 h<br \/>\nFin de semaine et jours f\u00e9ri\u00e9s : de 17 h le vendredi \u00e0 9 h le lundi<\/div>\n<div class=\"col-md-6\"><strong>Phone Number:<\/strong><br \/>\n1-866-553-7205<\/div>\n<\/div>\n<h3>Si c\u2019est une urgence, que devrais-je faire?<\/h3>\n<p>Pour les urgences, rendez-vous directement \u00e0 l\u2019urgence la plus proche ou composez le 911 au besoin.<\/p>\n<p>Si votre \u00e9tat de sant\u00e9 n\u00e9cessite une hospitalisation, vous pourriez \u00eatre admis en M\u00e9decine familiale. Tous les m\u00e9decins de l\u2019\u00c9quipe de sant\u00e9 familiale b\u00e9n\u00e9ficient de droits d\u2019admission \u00e0 L\u2019H\u00f4pital d\u2019Ottawa et certains participent activement aux soins prodigu\u00e9s aux patients hospitalis\u00e9s.<\/p>\n","protected":false},"excerpt":{"rendered":"<p>Renseignements sur notre clinique de soins d\u2019urgence apr\u00e8s les heures normales de bureau. Veuillez noter que les services d\u2019urgence sont disponible pour les patients inscrits \u00e0 notre clinique de sant\u00e9 familiale seulement. Les cliniques sans rendez-vous ne sont pas accept\u00e9es. Qu\u2019est-ce que des \u00ab soins urgents \u00bb? Un patient a besoin de soins urgents s\u2019il [&hellip;]<\/p>\n","protected":false},"author":25,"featured_media":0,"parent":13079,"menu_order":1,"comment_status":"closed","ping_status":"closed","template":"","meta":{"_acf_changed":false,"_mc_calendar":[],"footnotes":""},"class_list":["post-13091","page","type-page","status-publish","hentry"],"acf":[],"wps_subtitle":"","_links":{"self":[{"href":"https:\/\/www.ottawahospital.on.ca\/fr\/wp-json\/wp\/v2\/pages\/13091","targetHints":{"allow":["GET"]}}],"collection":[{"href":"https:\/\/www.ottawahospital.on.ca\/fr\/wp-json\/wp\/v2\/pages"}],"about":[{"href":"https:\/\/www.ottawahospital.on.ca\/fr\/wp-json\/wp\/v2\/types\/page"}],"author":[{"embeddable":true,"href":"https:\/\/www.ottawahospital.on.ca\/fr\/wp-json\/wp\/v2\/users\/25"}],"replies":[{"embeddable":true,"href":"https:\/\/www.ottawahospital.on.ca\/fr\/wp-json\/wp\/v2\/comments?post=13091"}],"version-history":[{"count":0,"href":"https:\/\/www.ottawahospital.on.ca\/fr\/wp-json\/wp\/v2\/pages\/13091\/revisions"}],"up":[{"embeddable":true,"href":"https:\/\/www.ottawahospital.on.ca\/fr\/wp-json\/wp\/v2\/pages\/13079"}],"wp:attachment":[{"href":"https:\/\/www.ottawahospital.on.ca\/fr\/wp-json\/wp\/v2\/media?parent=13091"}],"curies":[{"name":"wp","href":"https:\/\/api.w.org\/{rel}","templated":true}]}}