{"id":13079,"date":"2016-12-05T11:54:02","date_gmt":"2016-12-05T16:54:02","guid":{"rendered":"http:\/\/52.229.122.34\/fr\/?page_id=13079"},"modified":"2025-07-04T11:46:58","modified_gmt":"2025-07-04T15:46:58","slug":"nous-joindre","status":"publish","type":"page","link":"https:\/\/www.ottawahospital.on.ca\/fr\/services-cliniques\/deptpgrmcs\/programmes\/equipe-de-sante-familiale\/nous-joindre\/","title":{"rendered":"Nous joindre"},"content":{"rendered":"<ul>\n<li><a href=\"#civic\">\u00c9quipe de sant\u00e9 familiale au Campus Civic<\/a><\/li>\n<li><a href=\"#riverside\">\u00c9quipe de sant\u00e9 familiale au Campus Riverside<\/a><\/li>\n<\/ul>\n<h2 id=\"civic\" class=\"text-center\" style=\"text-align: left;\">\u00c9quipe de sant\u00e9 familiale au Campus Civic<\/h2>\n<div class=\"table-responsive\">\n<table class=\"table\">\n<tbody>\n<tr>\n<td>\n<div><iframe style=\"width: 450px; height: 488px;\" title=\"\u00c9quipe de sant\u00e9 familiale au Campus Civic\" src=\"https:\/\/www.google.com\/maps\/embed?pb=%211m14%211m8%211m3%211d11207.172321911306%212d-75.7195544%213d45.3933447%213m2%211i1024%212i768%214f13.1%213m3%211m2%211s0x0%3A0x6210f5134887ea2d%212sThe+Ottawa+Hospital+Academic+Family+Health+Team%215e0%213m2%211sen%212sca%214v1439997112682&amp;output=embed&amp;iwloc=near\" allowfullscreen=\"allowfullscreen\" data-mce-fragment=\"1\"><\/iframe><\/div>\n<\/td>\n<td>\n<p class=\"text-center\"><strong>N<sup>o<\/sup> de t\u00e9l\u00e9phone<br \/>\n<\/strong>613-761-4334<\/p>\n<p class=\"text-center\"><strong>N<sup>o<\/sup> de t\u00e9l\u00e9copieur<br \/>\n<\/strong>613-761-4200<\/p>\n<p class=\"text-center\"><strong>Adresse<br \/>\n<\/strong>210, avenue Melrose<br \/>\nPavillon Maurice Grimes \u2013 Rez-de-chauss\u00e9e<br \/>\nOttawa ON\u00a0 K1Y 4K7<\/p>\n<\/td>\n<\/tr>\n<\/tbody>\n<\/table>\n<\/div>\n<h3>Heures d\u2019ouverture \u2013 Clinique<\/h3>\n<ul>\n<li>Lundi : de 8 h 30 \u00e0 20 h<\/li>\n<li>Mardi : de 8 h 30 \u00e0 16 h 30<\/li>\n<li>Mercredi : de 8 h 30 \u00e0 16 h 30<\/li>\n<li>Jeudi : de 8 h 30 \u00e0 20 h<\/li>\n<li>Vendredi : de 8 h 30 \u00e0 16 h 30<\/li>\n<li>Samedi : de 10 h \u00e0 15 h<\/li>\n<li>Dimanche : Ferm\u00e9<\/li>\n<\/ul>\n<p><strong><span class=\"TextRun Highlight SCXW85410134 BCX0\" lang=\"EN-CA\" xml:lang=\"EN-CA\" data-contrast=\"auto\"><span class=\"NormalTextRun SCXW85410134 BCX0\">Les <\/span><span class=\"NormalTextRun SpellingErrorV2Themed SCXW85410134 BCX0\">soins<\/span> <span class=\"NormalTextRun SpellingErrorV2Themed SCXW85410134 BCX0\">offert<\/span> <span class=\"NormalTextRun SCXW85410134 BCX0\">apr\u00e8s les <\/span><span class=\"NormalTextRun SpellingErrorV2Themed SCXW85410134 BCX0\">heures<\/span> <span class=\"NormalTextRun SpellingErrorV2Themed SCXW85410134 BCX0\">normales<\/span> <span class=\"NormalTextRun SpellingErrorV2Themed SCXW85410134 BCX0\">sont<\/span> <span class=\"NormalTextRun SpellingErrorV2Themed SCXW85410134 BCX0\">r\u00e9serv\u00e9<\/span> <span class=\"NormalTextRun SCXW85410134 BCX0\">pour <\/span><span class=\"NormalTextRun SCXW85410134 BCX0\">les <\/span><span class=\"NormalTextRun SCXW85410134 BCX0\">patients <\/span><span class=\"NormalTextRun SpellingErrorV2Themed SCXW85410134 BCX0\">inscrit<\/span><span class=\"NormalTextRun SCXW85410134 BCX0\"> \u00e0 <\/span><span class=\"NormalTextRun SpellingErrorV2Themed SCXW85410134 BCX0\">notre<\/span> <span class=\"NormalTextRun SCXW85410134 BCX0\">clinique<\/span> <span class=\"NormalTextRun SCXW85410134 BCX0\">de <\/span><span class=\"NormalTextRun SpellingErrorV2Themed SCXW85410134 BCX0\">sant\u00e9<\/span> <span class=\"NormalTextRun SpellingErrorV2Themed SCXW85410134 BCX0\">familiale<\/span><span class=\"NormalTextRun SCXW85410134 BCX0\">.\u00a0 <\/span><\/span><span class=\"TextRun Highlight SCXW85410134 BCX0\" lang=\"EN-CA\" xml:lang=\"EN-CA\" data-contrast=\"auto\"><span class=\"NormalTextRun SCXW85410134 BCX0\">Il <\/span><span class=\"NormalTextRun SpellingErrorV2Themed SCXW85410134 BCX0\">n\u2019y<\/span> <span class=\"NormalTextRun SCXW85410134 BCX0\">a<\/span> <span class=\"NormalTextRun SpellingErrorV2Themed SCXW85410134 BCX0\">aucune<\/span> <span class=\"NormalTextRun SCXW85410134 BCX0\">clinique<\/span> <span class=\"NormalTextRun SpellingErrorV2Themed SCXW85410134 BCX0\">m\u00e9dicale<\/span><span class=\"NormalTextRun SCXW85410134 BCX0\"> sans <\/span><span class=\"NormalTextRun SpellingErrorV2Themed SCXW85410134 BCX0\">rendez-vous<\/span><span class=\"NormalTextRun SCXW85410134 BCX0\">.<\/span> <\/span><span class=\"TextRun Highlight SCXW85410134 BCX0\" lang=\"EN-CA\" xml:lang=\"EN-CA\" data-contrast=\"auto\"><span class=\"NormalTextRun SCXW85410134 BCX0\">Pour <\/span><span class=\"NormalTextRun SCXW85410134 BCX0\">en<\/span><span class=\"NormalTextRun SCXW85410134 BCX0\"> savoir plus sur les <\/span><span class=\"NormalTextRun SpellingErrorV2Themed SCXW85410134 BCX0\">soins<\/span><span class=\"NormalTextRun SCXW85410134 BCX0\"> apr\u00e8s les <\/span><span class=\"NormalTextRun SpellingErrorV2Themed SCXW85410134 BCX0\">heures<\/span> <span class=\"NormalTextRun SpellingErrorV2Themed SCXW85410134 BCX0\">normales<\/span><span class=\"NormalTextRun SCXW85410134 BCX0\">,<\/span><\/span> <\/strong><a href=\"https:\/\/www.ottawahospital.on.ca\/fr\/services-cliniques\/deptpgrmcs\/programmes\/equipe-de-sante-familiale\/nous-joindre\/soins-urgents\/\"><strong>cliquez ici<\/strong><\/a><strong>.<\/strong><\/p>\n<h2 id=\"riverside\" class=\"text-center\" style=\"text-align: left;\">\u00c9quipe de sant\u00e9 familiale au Campus Riverside<\/h2>\n<div class=\"table-responsive\">\n<table class=\"table\">\n<tbody>\n<tr>\n<td>\n<div><iframe title=\"\u00c9quipe de sant\u00e9 familiale au Campus Riverside\" src=\"https:\/\/www.google.com\/maps\/embed?pb=%211m18%211m12%211m3%211d2801.6438510880684%212d-75.66885570000001%213d45.396354699999996%212m3%211f0%212f0%213f0%213m2%211i1024%212i768%214f13.1%213m3%211m2%211s0x4cce05f26fcb3fab%3A0x953d5dfc308fe481%212s1967+Riverside+Dr%2C+Ottawa%2C+ON+K1H+7W9%215e0%213m2%211sen%212sca%214v1439997248027&amp;output=embed&amp;iwloc=near\" width=\"450\" height=\"488\" allowfullscreen=\"allowfullscreen\" data-mce-fragment=\"1\"><\/iframe><\/div>\n<\/td>\n<td>\n<p class=\"text-center\"><strong>N<sup>o<\/sup> de t\u00e9l\u00e9phone<br \/>\n<\/strong>613-738-8219<\/p>\n<p class=\"text-center\"><strong>N<sup>o<\/sup> de t\u00e9l\u00e9copieur<br \/>\n<\/strong>613-738-8217<\/p>\n<p class=\"text-center\"><strong>Adresse<\/strong><br \/>\n1967, promenade Riverside \u2013 Rez-de-chauss\u00e9e<br \/>\n(Entr\u00e9e donnant sur le stationnement principal)<br \/>\nOttawa ON\u00a0 K1H 7W9<\/p>\n<\/td>\n<\/tr>\n<\/tbody>\n<\/table>\n<\/div>\n<h3 class=\"text-center\" style=\"text-align: left;\">Heures d\u2019ouverture \u2013 Clinique<\/h3>\n<ul>\n<li class=\"text-center\" style=\"text-align: left;\">Lundi : 8 h 30 \u00e0 16 h 30<\/li>\n<li class=\"text-center\" style=\"text-align: left;\">Mardi : 8 h 30 \u00e0 16 h 30<\/li>\n<li class=\"text-center\" style=\"text-align: left;\">Mercredi : 8 h 30 \u00e0 20 h<\/li>\n<li class=\"text-center\" style=\"text-align: left;\">Jeudi : 8 h 30 \u00e0 16 h 30<\/li>\n<li class=\"text-center\" style=\"text-align: left;\">Vendredi : 9 h \u00e0 16 h<\/li>\n<li class=\"text-center\" style=\"text-align: left;\">Samedi : Ferm\u00e9<\/li>\n<li class=\"text-center\" style=\"text-align: left;\">Dimanche\u00a0: Ferm\u00e9<\/li>\n<\/ul>\n<p><strong><span class=\"TextRun Highlight SCXW85410134 BCX0\" lang=\"EN-CA\" xml:lang=\"EN-CA\" data-contrast=\"auto\"><span class=\"NormalTextRun SCXW85410134 BCX0\">Les <\/span><span class=\"NormalTextRun SpellingErrorV2Themed SCXW85410134 BCX0\">soins<\/span> <span class=\"NormalTextRun SpellingErrorV2Themed SCXW85410134 BCX0\">offert<\/span> <span class=\"NormalTextRun SCXW85410134 BCX0\">apr\u00e8s les <\/span><span class=\"NormalTextRun SpellingErrorV2Themed SCXW85410134 BCX0\">heures<\/span> <span class=\"NormalTextRun SpellingErrorV2Themed SCXW85410134 BCX0\">normales<\/span> <span class=\"NormalTextRun SpellingErrorV2Themed SCXW85410134 BCX0\">sont<\/span> <span class=\"NormalTextRun SpellingErrorV2Themed SCXW85410134 BCX0\">r\u00e9serv\u00e9<\/span> <span class=\"NormalTextRun SCXW85410134 BCX0\">pour <\/span><span class=\"NormalTextRun SCXW85410134 BCX0\">les <\/span><span class=\"NormalTextRun SCXW85410134 BCX0\">patients <\/span><span class=\"NormalTextRun SpellingErrorV2Themed SCXW85410134 BCX0\">inscrit<\/span><span class=\"NormalTextRun SCXW85410134 BCX0\"> \u00e0 <\/span><span class=\"NormalTextRun SpellingErrorV2Themed SCXW85410134 BCX0\">notre<\/span> <span class=\"NormalTextRun SCXW85410134 BCX0\">clinique<\/span> <span class=\"NormalTextRun SCXW85410134 BCX0\">de <\/span><span class=\"NormalTextRun SpellingErrorV2Themed SCXW85410134 BCX0\">sant\u00e9<\/span> <span class=\"NormalTextRun SpellingErrorV2Themed SCXW85410134 BCX0\">familiale<\/span><span class=\"NormalTextRun SCXW85410134 BCX0\">.\u00a0 <\/span><\/span><span class=\"TextRun Highlight SCXW85410134 BCX0\" lang=\"EN-CA\" xml:lang=\"EN-CA\" data-contrast=\"auto\"><span class=\"NormalTextRun SCXW85410134 BCX0\">Il <\/span><span class=\"NormalTextRun SpellingErrorV2Themed SCXW85410134 BCX0\">n\u2019y<\/span> <span class=\"NormalTextRun SCXW85410134 BCX0\">a<\/span> <span class=\"NormalTextRun SpellingErrorV2Themed SCXW85410134 BCX0\">aucune<\/span> <span class=\"NormalTextRun SCXW85410134 BCX0\">clinique<\/span> <span class=\"NormalTextRun SpellingErrorV2Themed SCXW85410134 BCX0\">m\u00e9dicale<\/span><span class=\"NormalTextRun SCXW85410134 BCX0\"> sans <\/span><span class=\"NormalTextRun SpellingErrorV2Themed SCXW85410134 BCX0\">rendez-vous<\/span><span class=\"NormalTextRun SCXW85410134 BCX0\">.<\/span> <\/span><span class=\"TextRun Highlight SCXW85410134 BCX0\" lang=\"EN-CA\" xml:lang=\"EN-CA\" data-contrast=\"auto\"><span class=\"NormalTextRun SCXW85410134 BCX0\">Pour <\/span><span class=\"NormalTextRun SCXW85410134 BCX0\">en<\/span><span class=\"NormalTextRun SCXW85410134 BCX0\"> savoir plus sur les <\/span><span class=\"NormalTextRun SpellingErrorV2Themed SCXW85410134 BCX0\">soins<\/span><span class=\"NormalTextRun SCXW85410134 BCX0\"> apr\u00e8s les <\/span><span class=\"NormalTextRun SpellingErrorV2Themed SCXW85410134 BCX0\">heures<\/span> <span class=\"NormalTextRun SpellingErrorV2Themed SCXW85410134 BCX0\">normales<\/span><span class=\"NormalTextRun SCXW85410134 BCX0\">,<\/span><\/span> <\/strong><a href=\"https:\/\/www.ottawahospital.on.ca\/fr\/services-cliniques\/deptpgrmcs\/programmes\/equipe-de-sante-familiale\/nous-joindre\/soins-urgents\/\"><strong>cliquez ici<\/strong><\/a><strong>.<\/strong><\/p>\n<h3 class=\"text-center\" style=\"text-align: left;\">Heures d\u2019ouverture \u2013 laboratoire<\/h3>\n<ul>\n<li class=\"text-center\" style=\"text-align: left;\">Lundi : 7 h 15 \u2013 17 h<\/li>\n<li class=\"text-center\" style=\"text-align: left;\">Mardi : 7 h 15 \u2013 17 h<\/li>\n<li class=\"text-center\" style=\"text-align: left;\">Mercredi : 7 h 15 \u2013 17 h<\/li>\n<li class=\"text-center\" style=\"text-align: left;\">Jeudi : 7 h 15 \u2013 17 h<\/li>\n<li class=\"text-center\" style=\"text-align: left;\">Vendredi\u00a0: 7\u00a0h\u00a015 \u2013 17\u00a0h<\/li>\n<\/ul>\n<p><strong>Le laboratoire est situ\u00e9 au rez-de-chauss\u00e9e du Campus Riverside, en face des ascenseurs, tout pr\u00e8s de la clinique de l\u2019\u00c9quipe de sant\u00e9 familiale.<\/strong><\/p>\n","protected":false},"excerpt":{"rendered":"<p>\u00c9quipe de sant\u00e9 familiale au Campus Civic \u00c9quipe de sant\u00e9 familiale au Campus Riverside \u00c9quipe de sant\u00e9 familiale au Campus Civic No de t\u00e9l\u00e9phone 613-761-4334 No de t\u00e9l\u00e9copieur 613-761-4200 Adresse 210, avenue Melrose Pavillon Maurice Grimes \u2013 Rez-de-chauss\u00e9e Ottawa ON\u00a0 K1Y 4K7 Heures d\u2019ouverture \u2013 Clinique Lundi : de 8 h 30 \u00e0 20 h [&hellip;]<\/p>\n","protected":false},"author":25,"featured_media":0,"parent":11764,"menu_order":6,"comment_status":"closed","ping_status":"closed","template":"","meta":{"_acf_changed":false,"_mc_calendar":[],"footnotes":""},"class_list":["post-13079","page","type-page","status-publish","hentry"],"acf":[],"wps_subtitle":"","_links":{"self":[{"href":"https:\/\/www.ottawahospital.on.ca\/fr\/wp-json\/wp\/v2\/pages\/13079","targetHints":{"allow":["GET"]}}],"collection":[{"href":"https:\/\/www.ottawahospital.on.ca\/fr\/wp-json\/wp\/v2\/pages"}],"about":[{"href":"https:\/\/www.ottawahospital.on.ca\/fr\/wp-json\/wp\/v2\/types\/page"}],"author":[{"embeddable":true,"href":"https:\/\/www.ottawahospital.on.ca\/fr\/wp-json\/wp\/v2\/users\/25"}],"replies":[{"embeddable":true,"href":"https:\/\/www.ottawahospital.on.ca\/fr\/wp-json\/wp\/v2\/comments?post=13079"}],"version-history":[{"count":0,"href":"https:\/\/www.ottawahospital.on.ca\/fr\/wp-json\/wp\/v2\/pages\/13079\/revisions"}],"up":[{"embeddable":true,"href":"https:\/\/www.ottawahospital.on.ca\/fr\/wp-json\/wp\/v2\/pages\/11764"}],"wp:attachment":[{"href":"https:\/\/www.ottawahospital.on.ca\/fr\/wp-json\/wp\/v2\/media?parent=13079"}],"curies":[{"name":"wp","href":"https:\/\/api.w.org\/{rel}","templated":true}]}}