{"id":13071,"date":"2016-12-05T11:42:16","date_gmt":"2016-12-05T16:42:16","guid":{"rendered":"http:\/\/52.229.122.34\/fr\/?page_id=13071"},"modified":"2017-01-09T14:27:30","modified_gmt":"2017-01-09T19:27:30","slug":"sante-cardiovasculaire","status":"publish","type":"page","link":"https:\/\/www.ottawahospital.on.ca\/fr\/services-cliniques\/deptpgrmcs\/programmes\/equipe-de-sante-familiale\/ressources-communautaires\/sante-cardiovasculaire\/","title":{"rendered":"Sant\u00e9 cardiovasculaire"},"content":{"rendered":"<p>Voici des ressources communautaires sur la sant\u00e9 cardiovasculaire qui pourraient vous \u00eatre utiles\u00a0:<\/p>\n<ul>\n<li><a href=\"https:\/\/www.ottawaheart.ca\/fr\/professionnels-de-la-sant%C3%A9\/ressources-destin%C3%A9es-aux-patients\" target=\"_blank\">Institut de cardiologie de l\u2019Universit\u00e9 d\u2019Ottawa <\/a>\u2013 Cinq liens utiles sur la sant\u00e9 du c\u0153ur.<\/li>\n<li><a href=\"https:\/\/www.coeuretavc.ca\/\" target=\"_blank\">Fondation des maladies du c\u0153ur et de l\u2019AVC<\/a> \u2013 Obtenez des renseignements sur les AVC, les maladies du c\u0153ur et un mode de vie sain, comprenant des recettes et des ressources multiculturelles.<\/li>\n<li><strong>Fondation sur la sant\u00e9 cardiaque du Canada<\/strong> (<a href=\"https:\/\/www.cardiachealth.ca\/\" target=\"_blank\">Cardiac Health Foundation of Canada<\/a>) \u2013 Lisez les derni\u00e8res nouvelles en mati\u00e8re de promotion de la sant\u00e9 cardiaque, de r\u00e9adaptation et de sant\u00e9.<\/li>\n<\/ul>\n","protected":false},"excerpt":{"rendered":"<p>Voici des ressources communautaires sur la sant\u00e9 cardiovasculaire qui pourraient vous \u00eatre utiles\u00a0: Institut de cardiologie de l\u2019Universit\u00e9 d\u2019Ottawa \u2013 Cinq liens utiles sur la sant\u00e9 du c\u0153ur. Fondation des maladies du c\u0153ur et de l\u2019AVC \u2013 Obtenez des renseignements sur les AVC, les maladies du c\u0153ur et un mode de vie sain, comprenant des [&hellip;]<\/p>\n","protected":false},"author":25,"featured_media":0,"parent":13003,"menu_order":9,"comment_status":"closed","ping_status":"closed","template":"","meta":{"_acf_changed":false,"_mc_calendar":[],"footnotes":""},"class_list":["post-13071","page","type-page","status-publish","hentry"],"acf":[],"wps_subtitle":"","_links":{"self":[{"href":"https:\/\/www.ottawahospital.on.ca\/fr\/wp-json\/wp\/v2\/pages\/13071","targetHints":{"allow":["GET"]}}],"collection":[{"href":"https:\/\/www.ottawahospital.on.ca\/fr\/wp-json\/wp\/v2\/pages"}],"about":[{"href":"https:\/\/www.ottawahospital.on.ca\/fr\/wp-json\/wp\/v2\/types\/page"}],"author":[{"embeddable":true,"href":"https:\/\/www.ottawahospital.on.ca\/fr\/wp-json\/wp\/v2\/users\/25"}],"replies":[{"embeddable":true,"href":"https:\/\/www.ottawahospital.on.ca\/fr\/wp-json\/wp\/v2\/comments?post=13071"}],"version-history":[{"count":0,"href":"https:\/\/www.ottawahospital.on.ca\/fr\/wp-json\/wp\/v2\/pages\/13071\/revisions"}],"up":[{"embeddable":true,"href":"https:\/\/www.ottawahospital.on.ca\/fr\/wp-json\/wp\/v2\/pages\/13003"}],"wp:attachment":[{"href":"https:\/\/www.ottawahospital.on.ca\/fr\/wp-json\/wp\/v2\/media?parent=13071"}],"curies":[{"name":"wp","href":"https:\/\/api.w.org\/{rel}","templated":true}]}}