{"id":13065,"date":"2016-12-05T11:39:34","date_gmt":"2016-12-05T16:39:34","guid":{"rendered":"http:\/\/52.229.122.34\/fr\/?page_id=13065"},"modified":"2017-01-09T14:13:02","modified_gmt":"2017-01-09T19:13:02","slug":"sante-sexuelle","status":"publish","type":"page","link":"https:\/\/www.ottawahospital.on.ca\/fr\/services-cliniques\/deptpgrmcs\/programmes\/equipe-de-sante-familiale\/ressources-communautaires\/sante-sexuelle\/","title":{"rendered":"Sant\u00e9 sexuelle"},"content":{"rendered":"<p>Voici des ressources communautaires sur <strong>Sexual Health<\/strong> qui pourront vous \u00eatre utiles.<\/p>\n<ul>\n<li><a href=\"https:\/\/www.sexandu.ca\/fr\/\" target=\"_blank\">Ma Sexualit\u00e9<\/a> \u2013 Le site www.masexualite.ca s\u2019engage \u00e0 pr\u00e9senter des renseignements cr\u00e9dibles et \u00e0 jour sur\u00a0 la sant\u00e9 sexuelle.<\/li>\n<\/ul>\n","protected":false},"excerpt":{"rendered":"<p>Voici des ressources communautaires sur Sexual Health qui pourront vous \u00eatre utiles. Ma Sexualit\u00e9 \u2013 Le site www.masexualite.ca s\u2019engage \u00e0 pr\u00e9senter des renseignements cr\u00e9dibles et \u00e0 jour sur\u00a0 la sant\u00e9 sexuelle.<\/p>\n","protected":false},"author":25,"featured_media":0,"parent":13003,"menu_order":8,"comment_status":"closed","ping_status":"closed","template":"","meta":{"_acf_changed":false,"_mc_calendar":[],"footnotes":""},"class_list":["post-13065","page","type-page","status-publish","hentry"],"acf":[],"wps_subtitle":"","_links":{"self":[{"href":"https:\/\/www.ottawahospital.on.ca\/fr\/wp-json\/wp\/v2\/pages\/13065","targetHints":{"allow":["GET"]}}],"collection":[{"href":"https:\/\/www.ottawahospital.on.ca\/fr\/wp-json\/wp\/v2\/pages"}],"about":[{"href":"https:\/\/www.ottawahospital.on.ca\/fr\/wp-json\/wp\/v2\/types\/page"}],"author":[{"embeddable":true,"href":"https:\/\/www.ottawahospital.on.ca\/fr\/wp-json\/wp\/v2\/users\/25"}],"replies":[{"embeddable":true,"href":"https:\/\/www.ottawahospital.on.ca\/fr\/wp-json\/wp\/v2\/comments?post=13065"}],"version-history":[{"count":0,"href":"https:\/\/www.ottawahospital.on.ca\/fr\/wp-json\/wp\/v2\/pages\/13065\/revisions"}],"up":[{"embeddable":true,"href":"https:\/\/www.ottawahospital.on.ca\/fr\/wp-json\/wp\/v2\/pages\/13003"}],"wp:attachment":[{"href":"https:\/\/www.ottawahospital.on.ca\/fr\/wp-json\/wp\/v2\/media?parent=13065"}],"curies":[{"name":"wp","href":"https:\/\/api.w.org\/{rel}","templated":true}]}}