{"id":13059,"date":"2016-12-05T11:32:12","date_gmt":"2016-12-05T16:32:12","guid":{"rendered":"http:\/\/52.229.122.34\/fr\/?page_id=13059"},"modified":"2021-06-09T10:03:03","modified_gmt":"2021-06-09T14:03:03","slug":"sante-des-femmes","status":"publish","type":"page","link":"https:\/\/www.ottawahospital.on.ca\/fr\/services-cliniques\/deptpgrmcs\/programmes\/equipe-de-sante-familiale\/ressources-communautaires\/sante-des-femmes\/","title":{"rendered":"Sant\u00e9 des femmes"},"content":{"rendered":"<p>Voici des ressources communautaires sur la sant\u00e9 des femmes qui pourront vous \u00eatre utiles.<\/p>\n<ul>\n<li><a href=\"https:\/\/www.menopauseandu.ca\/fr\/\" target=\"_blank\" rel=\"noopener noreferrer\">mamenopause.ca<\/a> \u2013 Ce site Web pr\u00e9sente des renseignements fiables sur la m\u00e9nopause et l\u2019ost\u00e9oporose \u00e0 l\u2019intention du grand public et des professionnels de la sant\u00e9.<\/li>\n<li>Motherisk \u2013 Depuis 1985, Motherisk veille au bien-\u00eatre des m\u00e8res et de leur b\u00e9b\u00e9 aux quatre coins du monde. Ce site Web offre des renseignements, des ressources et du soutien concernant la grossesse et l\u2019allaitement.<\/li>\n<li>Newman Breastfeeding Clinic and Institute\u00a0\u2013 Vous y trouverez diverses ressources gratuites en ligne \u00e0 l\u2019intention des m\u00e8res qui allaitent.<\/li>\n<\/ul>\n<p><img decoding=\"async\" class=\"size-full wp-image-13055 alignleft img-responsive\" src=\"\/wp-content\/uploads\/2016\/12\/Soci\u00e9t\u00e9AlzheimerSociety.jpg\" alt=\"societealzheimersociety\" width=\"463\" height=\"58\" srcset=\"https:\/\/www.ottawahospital.on.ca\/wp-content\/uploads\/2016\/12\/Soci\u00e9t\u00e9AlzheimerSociety.jpg 463w, https:\/\/www.ottawahospital.on.ca\/wp-content\/uploads\/2016\/12\/Soci\u00e9t\u00e9AlzheimerSociety-300x38.jpg 300w\" sizes=\"(max-width: 463px) 100vw, 463px\" \/> <img decoding=\"async\" class=\"wp-image-13047 alignleft img-responsive\" src=\"\/wp-content\/uploads\/2016\/12\/arrow_right.jpg\" alt=\"arrow_right\" width=\"38\" height=\"40\" \/>La Soci\u00e9t\u00e9 Alzheimer offre du soutien, de l\u2019information et des ressources \u00e0 ceux qui vivent avec la d\u00e9mence.<\/p>\n","protected":false},"excerpt":{"rendered":"<p>Voici des ressources communautaires sur la sant\u00e9 des femmes qui pourront vous \u00eatre utiles. mamenopause.ca \u2013 Ce site Web pr\u00e9sente des renseignements fiables sur la m\u00e9nopause et l\u2019ost\u00e9oporose \u00e0 l\u2019intention du grand public et des professionnels de la sant\u00e9. Motherisk \u2013 Depuis 1985, Motherisk veille au bien-\u00eatre des m\u00e8res et de leur b\u00e9b\u00e9 aux quatre [&hellip;]<\/p>\n","protected":false},"author":25,"featured_media":0,"parent":13003,"menu_order":7,"comment_status":"closed","ping_status":"closed","template":"","meta":{"_acf_changed":false,"_mc_calendar":[],"footnotes":""},"class_list":["post-13059","page","type-page","status-publish","hentry"],"acf":[],"wps_subtitle":"","_links":{"self":[{"href":"https:\/\/www.ottawahospital.on.ca\/fr\/wp-json\/wp\/v2\/pages\/13059","targetHints":{"allow":["GET"]}}],"collection":[{"href":"https:\/\/www.ottawahospital.on.ca\/fr\/wp-json\/wp\/v2\/pages"}],"about":[{"href":"https:\/\/www.ottawahospital.on.ca\/fr\/wp-json\/wp\/v2\/types\/page"}],"author":[{"embeddable":true,"href":"https:\/\/www.ottawahospital.on.ca\/fr\/wp-json\/wp\/v2\/users\/25"}],"replies":[{"embeddable":true,"href":"https:\/\/www.ottawahospital.on.ca\/fr\/wp-json\/wp\/v2\/comments?post=13059"}],"version-history":[{"count":0,"href":"https:\/\/www.ottawahospital.on.ca\/fr\/wp-json\/wp\/v2\/pages\/13059\/revisions"}],"up":[{"embeddable":true,"href":"https:\/\/www.ottawahospital.on.ca\/fr\/wp-json\/wp\/v2\/pages\/13003"}],"wp:attachment":[{"href":"https:\/\/www.ottawahospital.on.ca\/fr\/wp-json\/wp\/v2\/media?parent=13059"}],"curies":[{"name":"wp","href":"https:\/\/api.w.org\/{rel}","templated":true}]}}