{"id":13052,"date":"2016-12-05T11:27:46","date_gmt":"2016-12-05T16:27:46","guid":{"rendered":"http:\/\/52.229.122.34\/fr\/?page_id=13052"},"modified":"2023-11-03T11:57:25","modified_gmt":"2023-11-03T15:57:25","slug":"sante-des-aines","status":"publish","type":"page","link":"https:\/\/www.ottawahospital.on.ca\/fr\/services-cliniques\/deptpgrmcs\/programmes\/equipe-de-sante-familiale\/ressources-communautaires\/sante-des-aines\/","title":{"rendered":"Sant\u00e9 des a\u00een\u00e9s"},"content":{"rendered":"<p>Voici des ressources communautaires sur la sant\u00e9 des a\u00een\u00e9s qui pourront vous \u00eatre utiles.<\/p>\n<ul>\n<li>Les d\u00e9mences, on y repense \u2013 Ce site Web vise \u00e0 aider le public \u00e0 comprendre la d\u00e9mence et \u00e0 obtenir plus facilement de l\u2019information et du soutien \u00e0 ce sujet.<\/li>\n<li><a href=\"https:\/\/www.osteoporosecanada.ca\/\" target=\"_blank\" rel=\"noopener\">Ost\u00e9oporose Canada<\/a> \u2013 Ost\u00e9oporose\u00a0Canada est au service des personnes atteintes d\u2019ost\u00e9oporose et de celles qui en sont \u00e0 risque.<\/li>\n<li><a href=\"https:\/\/www.alzheimer.ca\/fr\" target=\"_blank\" rel=\"noopener\">Soci\u00e9t\u00e9 Alzheimer Canada<\/a> \u2013 Apprenez-en au sujet de la recherche sur l\u2019Alzheimer, des soins, des nouvelles, des activit\u00e9s, des maladies connexes et bien plus.<\/li>\n<li><a href=\"https:\/\/www.homeadvisor.com\/r\/aging-at-home-problems-solutions\/\">Aging at Home: Common Problems and Solutions<\/a> (en anglais seulement)<\/li>\n<li><a href=\"https:\/\/www.customers.com\/forum\/how-seniors-are-designing-social-support-networks\/\">How Seniors are Designing Social Support Networks<\/a> (en anglais seulement)<\/li>\n<li><a href=\"https:\/\/www.redfin.com\/blog\/2016\/04\/the-ultimate-guide-to-home-accommodations-for-persons-with-disabilities.html\">The Ultimate Guide to Home Accommodations for Persons with Disabilities<\/a> (en anglais seulement)<\/li>\n<li><a href=\"https:\/\/www.newbeginningsdrugrehab.org\/guide-to-addiction-prevention-for-seniors\/\">Guide to Addiction Prevention for Seniors<\/a> (en anglais seulement)<\/li>\n<li><a href=\"https:\/\/mashable.com\/2016\/06\/09\/queer-family-senior-citizens\/\">Finding a Family: Discovering Your Queer Community When You\u2019re 65<\/a> (en anglais seulement)<\/li>\n<li><a href=\"https:\/\/www.coastdental.com\/blog\/dental-care-tips-for-caregivers\">Dental Care Tips for Caregivers<\/a> (en anglais seulement)<\/li>\n<\/ul>\n<p><img decoding=\"async\" class=\"size-full wp-image-13046 alignleft img-responsive\" src=\"\/wp-content\/uploads\/2016\/12\/DementiaFriendsCanada.jpg\" alt=\"dementiafriendscanada\" width=\"388\" height=\"158\" srcset=\"https:\/\/www.ottawahospital.on.ca\/wp-content\/uploads\/2016\/12\/DementiaFriendsCanada.jpg 388w, https:\/\/www.ottawahospital.on.ca\/wp-content\/uploads\/2016\/12\/DementiaFriendsCanada-300x122.jpg 300w\" sizes=\"(max-width: 388px) 100vw, 388px\" \/> <img decoding=\"async\" class=\"wp-image-13047 alignleft img-responsive\" src=\"\/wp-content\/uploads\/2016\/12\/arrow_right.jpg\" alt=\"arrow_right\" width=\"38\" height=\"40\" \/>Amis de la sant\u00e9 cognitive vise \u00e0 vous informer ainsi qu\u2019\u00e0 dissiper les mythes et les pr\u00e9jug\u00e9s concernant la d\u00e9mence.<\/p>\n","protected":false},"excerpt":{"rendered":"<p>Voici des ressources communautaires sur la sant\u00e9 des a\u00een\u00e9s qui pourront vous \u00eatre utiles. Les d\u00e9mences, on y repense \u2013 Ce site Web vise \u00e0 aider le public \u00e0 comprendre la d\u00e9mence et \u00e0 obtenir plus facilement de l\u2019information et du soutien \u00e0 ce sujet. Ost\u00e9oporose Canada \u2013 Ost\u00e9oporose\u00a0Canada est au service des personnes atteintes [&hellip;]<\/p>\n","protected":false},"author":25,"featured_media":0,"parent":13003,"menu_order":6,"comment_status":"closed","ping_status":"closed","template":"","meta":{"_acf_changed":false,"_mc_calendar":[],"footnotes":""},"class_list":["post-13052","page","type-page","status-publish","hentry"],"acf":[],"wps_subtitle":"","_links":{"self":[{"href":"https:\/\/www.ottawahospital.on.ca\/fr\/wp-json\/wp\/v2\/pages\/13052","targetHints":{"allow":["GET"]}}],"collection":[{"href":"https:\/\/www.ottawahospital.on.ca\/fr\/wp-json\/wp\/v2\/pages"}],"about":[{"href":"https:\/\/www.ottawahospital.on.ca\/fr\/wp-json\/wp\/v2\/types\/page"}],"author":[{"embeddable":true,"href":"https:\/\/www.ottawahospital.on.ca\/fr\/wp-json\/wp\/v2\/users\/25"}],"replies":[{"embeddable":true,"href":"https:\/\/www.ottawahospital.on.ca\/fr\/wp-json\/wp\/v2\/comments?post=13052"}],"version-history":[{"count":0,"href":"https:\/\/www.ottawahospital.on.ca\/fr\/wp-json\/wp\/v2\/pages\/13052\/revisions"}],"up":[{"embeddable":true,"href":"https:\/\/www.ottawahospital.on.ca\/fr\/wp-json\/wp\/v2\/pages\/13003"}],"wp:attachment":[{"href":"https:\/\/www.ottawahospital.on.ca\/fr\/wp-json\/wp\/v2\/media?parent=13052"}],"curies":[{"name":"wp","href":"https:\/\/api.w.org\/{rel}","templated":true}]}}