{"id":13039,"date":"2016-12-05T11:19:04","date_gmt":"2016-12-05T16:19:04","guid":{"rendered":"http:\/\/52.229.122.34\/fr\/?page_id=13039"},"modified":"2023-11-03T11:58:38","modified_gmt":"2023-11-03T15:58:38","slug":"ressources-generales","status":"publish","type":"page","link":"https:\/\/www.ottawahospital.on.ca\/fr\/services-cliniques\/deptpgrmcs\/programmes\/equipe-de-sante-familiale\/ressources-communautaires\/ressources-generales\/","title":{"rendered":"Ressources g\u00e9n\u00e9rales"},"content":{"rendered":"<p>L\u2019\u00c9quipe universitaire de sant\u00e9 familiale oriente les patients vers de nombreuses ressources communautaires.<\/p>\n<p>Voici des ressources g\u00e9n\u00e9rales qui pourront vous \u00eatre utiles.<\/p>\n<ul>\n<li><a href=\"https:\/\/portal.cfpc.ca\/CFPC\/Resources\/Landing_Page\/Audience\/Patients.aspx\" target=\"_blank\" rel=\"noopener noreferrer\">Coll\u00e8ge des m\u00e9decins de famille du Canada (CMFC)<\/a> \u2013 Ce site pr\u00e9sente des renseignements utiles sur le mode de vie sain. Tout renseignement m\u00e9dical ou sur la sant\u00e9 est \u00e0 titre indicatif seulement. Il ne vise pas \u00e0 remplacer les conseils ou les soins d\u2019un professionnel de la sant\u00e9.<\/li>\n<li><a href=\"https:\/\/www.coalitionottawa.ca\/fr\/accueil.aspx\" target=\"_blank\" rel=\"noopener noreferrer\">Coalition des centres de ressources et de sant\u00e9 communautaires d\u2019Ottawa<\/a> \u2013 La Coalition des centres de ressources et de sant\u00e9 communautaires d\u2019Ottawa vous aide \u00e0 comprendre les questions de sant\u00e9 et sociales locales et pr\u00e9sente les ressources disponibles par secteur.<\/li>\n<li><a href=\"https:\/\/www.santepubliqueottawa.ca\/fr\/index.aspx\" target=\"_blank\" rel=\"noopener noreferrer\">Sant\u00e9 publique Ottawa<\/a> \u2013 Sant\u00e9 publique Ottawa offre diff\u00e9rents services, notamment des services de protection et de promotion de la sant\u00e9, de pr\u00e9vention des maladies et des blessures, de contr\u00f4le des maladies transmissibles et de sant\u00e9 familiale.<\/li>\n<li>Ontario 211<\/li>\n<\/ul>\n<h2 class=\"text-center\">Soutien juridique<\/h2>\n<ul>\n<li><a href=\"https:\/\/www.cleo.on.ca\/fr\" target=\"_blank\" rel=\"noopener noreferrer\">\u00c9ducation juridique communautaire Ontario (CLEO)<\/a> \u2013 CLEO est une clinique juridique communautaire. Fond\u00e9e en 1974, elle se sp\u00e9cialise en \u00e9ducation juridique du public.<\/li>\n<li><a href=\"https:\/\/undroitdefamille.ca\/\" target=\"_blank\" rel=\"noopener noreferrer\">Femmes ontariennes et droit de la famille (FODF)<\/a><strong> \u2013 <\/strong>FODF est un projet public d\u2019\u00e9ducation juridique financ\u00e9 par le gouvernement de l\u2019Ontario qui vise \u00e0 aider les femmes \u00e0 comprendre leurs droits en mati\u00e8re familiale.<\/li>\n<\/ul>\n","protected":false},"excerpt":{"rendered":"<p>L\u2019\u00c9quipe universitaire de sant\u00e9 familiale oriente les patients vers de nombreuses ressources communautaires. Voici des ressources g\u00e9n\u00e9rales qui pourront vous \u00eatre utiles. Coll\u00e8ge des m\u00e9decins de famille du Canada (CMFC) \u2013 Ce site pr\u00e9sente des renseignements utiles sur le mode de vie sain. Tout renseignement m\u00e9dical ou sur la sant\u00e9 est \u00e0 titre indicatif seulement. [&hellip;]<\/p>\n","protected":false},"author":25,"featured_media":0,"parent":13003,"menu_order":5,"comment_status":"closed","ping_status":"closed","template":"","meta":{"_acf_changed":false,"_mc_calendar":[],"footnotes":""},"class_list":["post-13039","page","type-page","status-publish","hentry"],"acf":[],"wps_subtitle":"","_links":{"self":[{"href":"https:\/\/www.ottawahospital.on.ca\/fr\/wp-json\/wp\/v2\/pages\/13039","targetHints":{"allow":["GET"]}}],"collection":[{"href":"https:\/\/www.ottawahospital.on.ca\/fr\/wp-json\/wp\/v2\/pages"}],"about":[{"href":"https:\/\/www.ottawahospital.on.ca\/fr\/wp-json\/wp\/v2\/types\/page"}],"author":[{"embeddable":true,"href":"https:\/\/www.ottawahospital.on.ca\/fr\/wp-json\/wp\/v2\/users\/25"}],"replies":[{"embeddable":true,"href":"https:\/\/www.ottawahospital.on.ca\/fr\/wp-json\/wp\/v2\/comments?post=13039"}],"version-history":[{"count":0,"href":"https:\/\/www.ottawahospital.on.ca\/fr\/wp-json\/wp\/v2\/pages\/13039\/revisions"}],"up":[{"embeddable":true,"href":"https:\/\/www.ottawahospital.on.ca\/fr\/wp-json\/wp\/v2\/pages\/13003"}],"wp:attachment":[{"href":"https:\/\/www.ottawahospital.on.ca\/fr\/wp-json\/wp\/v2\/media?parent=13039"}],"curies":[{"name":"wp","href":"https:\/\/api.w.org\/{rel}","templated":true}]}}