{"id":13031,"date":"2016-12-05T11:16:12","date_gmt":"2016-12-05T16:16:12","guid":{"rendered":"http:\/\/52.229.122.34\/fr\/?page_id=13031"},"modified":"2021-05-19T11:11:35","modified_gmt":"2021-05-19T15:11:35","slug":"nutrition","status":"publish","type":"page","link":"https:\/\/www.ottawahospital.on.ca\/fr\/services-cliniques\/deptpgrmcs\/programmes\/equipe-de-sante-familiale\/ressources-communautaires\/nutrition\/","title":{"rendered":"Nutrition"},"content":{"rendered":"<p>Voici des ressources communautaires utiles sur la nutrition et une saine alimentation\u00a0:<\/p>\n<ul>\n<li><a href=\"https:\/\/www.dietitians.ca\/\" target=\"_blank\" rel=\"noopener noreferrer\">Les di\u00e9t\u00e9tistes du Canada<\/a> \u2013 Ce site pr\u00e9sente des renseignements fiables sur l\u2019alimentation et la nutrition.<\/li>\n<li><a href=\"https:\/\/www.eatrightontario.ca\/DoorwayFR.aspx\" target=\"_blank\" rel=\"noopener noreferrer\">Saine alimentation Ontario<\/a> \u2013 Ce site pr\u00e9sente des renseignements conviviaux en mati\u00e8re de nutrition qui vous aideront \u00e0 faire des choix alimentaires plus sains.<\/li>\n<li><a href=\"https:\/\/www.coeuretavc.ca\/vivez-sainement\/saine-alimentation\" target=\"_blank\" rel=\"noopener noreferrer\">Fondation des maladies du c\u0153ur et de l\u2019AVC<\/a> \u2013 Ce site pr\u00e9sente les \u00e9tapes \u00e0 suivre pour adopter une alimentation saine pour le c\u0153ur. Que vous cuisiniez \u00e0 la maison ou que vous mangiez au restaurant, vous serez en mesure de choisir des aliments sains qui vous aideront \u00e0 r\u00e9duire vos risques de maladies du c\u0153ur et d\u2019AVC.<\/li>\n<li><a href=\"https:\/\/www.ottawabreastfeeds.ca\/\" target=\"_blank\" rel=\"noopener noreferrer\">Ottawa Breastfeeds<\/a> \u2013 Offre aux familles d\u2019Ottawa des renseignements et des ressources sur l\u2019allaitement.<\/li>\n<li><a href=\"https:\/\/www.etreparentaottawa.ca\/fr\/babies-and-toddlers\/resources\/documents\/Feeding-Baby-Brochure-Starting-Solids-2018-01-FR.pdf\" target=\"_blank\" rel=\"noopener noreferrer\">Introduction d\u2019aliments solides<\/a> \u2013 Ce que vous devez savoir pour commencer \u00e0 donner des aliments solides \u00e0 votre b\u00e9b\u00e9.<\/li>\n<li><a href=\"https:\/\/www.nutritionscreen.ca\/toddler\/your_info.aspx?lang=fr\" target=\"_blank\" rel=\"noopener noreferrer\">Questionnaire NutriSTEP<\/a> \u2013 NutriSTEP est un questionnaire simple qui permet d\u2019\u00e9valuer l\u2019alimentation de votre enfant, son activit\u00e9 physique, le temps qu\u2019il passe devant un \u00e9cran et bien plus.<\/li>\n<li><a href=\"https:\/\/www.santepubliqueottawa.ca\/fr\/public-health-topics\/eating-and-nutrition.aspx\" target=\"_blank\" rel=\"noopener noreferrer\">Saine alimentation<\/a> \u2013 Renseignements de base pour une saine alimentation: Comment congeler des fruits et des l\u00e9gumes, comment faire des boissons fouett\u00e9es (smoothies) et bien plus.<\/li>\n<\/ul>\n\n\n<p><\/p>\n","protected":false},"excerpt":{"rendered":"<p>Voici des ressources communautaires utiles sur la nutrition et une saine alimentation\u00a0: Les di\u00e9t\u00e9tistes du Canada \u2013 Ce site pr\u00e9sente des renseignements fiables sur l\u2019alimentation et la nutrition. Saine alimentation Ontario \u2013 Ce site pr\u00e9sente des renseignements conviviaux en mati\u00e8re de nutrition qui vous aideront \u00e0 faire des choix alimentaires plus sains. Fondation des maladies [&hellip;]<\/p>\n","protected":false},"author":25,"featured_media":0,"parent":13003,"menu_order":4,"comment_status":"closed","ping_status":"closed","template":"","meta":{"_acf_changed":false,"_mc_calendar":[],"footnotes":""},"class_list":["post-13031","page","type-page","status-publish","hentry"],"acf":[],"wps_subtitle":"","_links":{"self":[{"href":"https:\/\/www.ottawahospital.on.ca\/fr\/wp-json\/wp\/v2\/pages\/13031","targetHints":{"allow":["GET"]}}],"collection":[{"href":"https:\/\/www.ottawahospital.on.ca\/fr\/wp-json\/wp\/v2\/pages"}],"about":[{"href":"https:\/\/www.ottawahospital.on.ca\/fr\/wp-json\/wp\/v2\/types\/page"}],"author":[{"embeddable":true,"href":"https:\/\/www.ottawahospital.on.ca\/fr\/wp-json\/wp\/v2\/users\/25"}],"replies":[{"embeddable":true,"href":"https:\/\/www.ottawahospital.on.ca\/fr\/wp-json\/wp\/v2\/comments?post=13031"}],"version-history":[{"count":0,"href":"https:\/\/www.ottawahospital.on.ca\/fr\/wp-json\/wp\/v2\/pages\/13031\/revisions"}],"up":[{"embeddable":true,"href":"https:\/\/www.ottawahospital.on.ca\/fr\/wp-json\/wp\/v2\/pages\/13003"}],"wp:attachment":[{"href":"https:\/\/www.ottawahospital.on.ca\/fr\/wp-json\/wp\/v2\/media?parent=13031"}],"curies":[{"name":"wp","href":"https:\/\/api.w.org\/{rel}","templated":true}]}}