{"id":13027,"date":"2016-12-05T11:14:23","date_gmt":"2016-12-05T16:14:23","guid":{"rendered":"http:\/\/52.229.122.34\/fr\/?page_id=13027"},"modified":"2023-11-03T11:28:16","modified_gmt":"2023-11-03T15:28:16","slug":"sante-mentale-toxicomanie-et-soutien-en-cas-de-crise","status":"publish","type":"page","link":"https:\/\/www.ottawahospital.on.ca\/fr\/services-cliniques\/deptpgrmcs\/programmes\/equipe-de-sante-familiale\/ressources-communautaires\/sante-mentale-toxicomanie-et-soutien-en-cas-de-crise\/","title":{"rendered":"Sant\u00e9 mentale, toxicomanie et soutien en cas de crise"},"content":{"rendered":"<p>Voici des ressources communautaires sur sant\u00e9 mentale, toxicomanie et soutien en cas de crise qui pourront vous \u00eatre utiles.<\/p>\n<ul>\n<li><a href=\"https:\/\/www.ementalhealth.ca\/Ottawa-Carleton\/Home\/index.php?m=home\" target=\"_blank\" rel=\"noopener\">ESant\u00e9Mentale<\/a><strong> \u2013 <\/strong>Est Une initiative anonyme offerte en ligne, on y trouve des renseignements confidentiels sur les services et les ressources offertes aux Canadiens en mati\u00e8re de sant\u00e9 mentale.<\/li>\n<li><a href=\"https:\/\/www.anxietydisordersontario.ca\/\" target=\"_blank\" rel=\"noopener\">Anxiety Disorders Association Of Ontario<\/a><strong> \u2013<\/strong>The Anxiety Disorders Association of Ontario (ADAO) s\u2019int\u00e9resse principalement aux exp\u00e9riences et aux points de vue des personnes qui vivent de l\u2019anxi\u00e9t\u00e9.(En Anglais Seulement)<\/li>\n<li><a href=\"https:\/\/www.ementalhealth.ca\/index.php?m=record&amp;ID=9470\" target=\"_blank\" rel=\"noopener\">Programme d&rsquo;\u00e9valuation et de traitement de l&rsquo;alcoolisme et de la toxicomanie chez les personnes \u00e2g\u00e9es (LESA)<\/a>&#8211; Programme d&rsquo;\u00e9valuation et de traitement de l&rsquo;alcoolisme et de la toxicomanie chez les personnes \u00e2g\u00e9es est un service de toxicomanie et service de counseling pour personnes aux prises avec un probl\u00e8me de jeu compulsif offerts dans la ville d&rsquo;Ottawa.<\/li>\n<li><a href=\"https:\/\/www.crisisline.ca\/francais\/\" target=\"_blank\" rel=\"noopener\">Ligne de Crise &#8211; Sant\u00e9 Mentale<\/a><strong>\u2013 <\/strong>La ligne de crise en sant\u00e9 mentale est accessible gratuitement 24 heures sur 24 et 7\u00a0jours sur 7 en fran\u00e7ais et en Anglais. On y offre des services de d\u00e9pistage, d&rsquo;\u00e9valuation, d&rsquo;aiguillage, de soutien en situation de crise, de pr\u00e9vention du suicide et de transmission de cas \u00e0 l&rsquo;\u00e9quipe locale d&rsquo;intervention en cas de crise ou aux services d&rsquo;urgence, lorsque cela est conseill\u00e9. R\u00e9gion d\u2019Ottawa: 613-722-6914<br \/>\nExt\u00e9rieur d\u2019Ottawa: 1-866-996-0991<br \/>\nQu\u00e9bec: 819-595-9999 or 1-866-277-3553<\/li>\n<li>Ligne de Crise pour Enfants, Jeunes et Familles de l&rsquo;Est de l&rsquo;Ontario &#8211; La ligne de crise permet d\u2019offrir des services de soutien aux parents et aux jeunes qui se sentent d\u00e9pass\u00e9s ou qui sont en crise. R\u00e9gion d\u2019Ottawa: 613-260-2360<br \/>\nNum\u00e9ro sans frais: 1-877-377-7775<\/li>\n<li><a href=\"https:\/\/moodgym.anu.edu.au\/welcome\" target=\"_blank\" rel=\"noopener\">Mood Gym<\/a><\/li>\n<\/ul>\n","protected":false},"excerpt":{"rendered":"<p>Voici des ressources communautaires sur sant\u00e9 mentale, toxicomanie et soutien en cas de crise qui pourront vous \u00eatre utiles. ESant\u00e9Mentale \u2013 Est Une initiative anonyme offerte en ligne, on y trouve des renseignements confidentiels sur les services et les ressources offertes aux Canadiens en mati\u00e8re de sant\u00e9 mentale. Anxiety Disorders Association Of Ontario \u2013The Anxiety [&hellip;]<\/p>\n","protected":false},"author":25,"featured_media":0,"parent":13003,"menu_order":3,"comment_status":"closed","ping_status":"closed","template":"","meta":{"_acf_changed":false,"_mc_calendar":[],"footnotes":""},"class_list":["post-13027","page","type-page","status-publish","hentry"],"acf":[],"wps_subtitle":"","_links":{"self":[{"href":"https:\/\/www.ottawahospital.on.ca\/fr\/wp-json\/wp\/v2\/pages\/13027","targetHints":{"allow":["GET"]}}],"collection":[{"href":"https:\/\/www.ottawahospital.on.ca\/fr\/wp-json\/wp\/v2\/pages"}],"about":[{"href":"https:\/\/www.ottawahospital.on.ca\/fr\/wp-json\/wp\/v2\/types\/page"}],"author":[{"embeddable":true,"href":"https:\/\/www.ottawahospital.on.ca\/fr\/wp-json\/wp\/v2\/users\/25"}],"replies":[{"embeddable":true,"href":"https:\/\/www.ottawahospital.on.ca\/fr\/wp-json\/wp\/v2\/comments?post=13027"}],"version-history":[{"count":0,"href":"https:\/\/www.ottawahospital.on.ca\/fr\/wp-json\/wp\/v2\/pages\/13027\/revisions"}],"up":[{"embeddable":true,"href":"https:\/\/www.ottawahospital.on.ca\/fr\/wp-json\/wp\/v2\/pages\/13003"}],"wp:attachment":[{"href":"https:\/\/www.ottawahospital.on.ca\/fr\/wp-json\/wp\/v2\/media?parent=13027"}],"curies":[{"name":"wp","href":"https:\/\/api.w.org\/{rel}","templated":true}]}}