{"id":13009,"date":"2016-12-05T11:03:49","date_gmt":"2016-12-05T16:03:49","guid":{"rendered":"http:\/\/52.229.122.34\/fr\/?page_id=13009"},"modified":"2021-02-25T15:15:06","modified_gmt":"2021-02-25T20:15:06","slug":"enfants-et-parents","status":"publish","type":"page","link":"https:\/\/www.ottawahospital.on.ca\/fr\/services-cliniques\/deptpgrmcs\/programmes\/equipe-de-sante-familiale\/ressources-communautaires\/enfants-et-parents\/","title":{"rendered":"Enfants et parents"},"content":{"rendered":"<p>Voici des ressources communautaires utiles pour les parents\u00a0:<\/p>\n<ul>\n<li><a href=\"https:\/\/www.soinsdenosenfants.cps.ca\/\" target=\"_blank\" rel=\"noopener noreferrer\">Soins de nos enfants<\/a> \u2013 Ce site pr\u00e9sente des renseignements sur la sant\u00e9 et le bien-\u00eatre des enfants \u00e0 l\u2019intention des parents.<\/li>\n<li><a href=\"https:\/\/parentresource.ca\/fr\/\" target=\"_blank\" rel=\"noopener noreferrer\">Centre de ressources pour les parents<\/a> \u2013 Le Centre de ressources pour parents travaille en partenariat avec les familles et les professionnels pour fournir notamment des ressources, du soutien, des programmes et des ateliers.<\/li>\n<li><a href=\"https:\/\/www.ysb.ca\/index.php?page=home&amp;hl=fra\" target=\"_blank\" rel=\"noopener noreferrer\">Bureau des services \u00e0 la jeunesse d\u2019Ottawa<\/a> \u2013 Le Bureau des services \u00e0 la jeunesse offre des programmes et des services pour soutenir les jeunes \u00e0 risque et leur famille. Il offre des services concernant l\u2019emploi, la sant\u00e9 et le logement, la sant\u00e9 mentale, l\u2019engagement et la justice chez les jeunes.<\/li>\n<\/ul>\n","protected":false},"excerpt":{"rendered":"<p>Voici des ressources communautaires utiles pour les parents\u00a0: Soins de nos enfants \u2013 Ce site pr\u00e9sente des renseignements sur la sant\u00e9 et le bien-\u00eatre des enfants \u00e0 l\u2019intention des parents. Centre de ressources pour les parents \u2013 Le Centre de ressources pour parents travaille en partenariat avec les familles et les professionnels pour fournir notamment [&hellip;]<\/p>\n","protected":false},"author":25,"featured_media":0,"parent":13003,"menu_order":1,"comment_status":"closed","ping_status":"closed","template":"","meta":{"_acf_changed":false,"_mc_calendar":[],"footnotes":""},"class_list":["post-13009","page","type-page","status-publish","hentry"],"acf":[],"wps_subtitle":"","_links":{"self":[{"href":"https:\/\/www.ottawahospital.on.ca\/fr\/wp-json\/wp\/v2\/pages\/13009","targetHints":{"allow":["GET"]}}],"collection":[{"href":"https:\/\/www.ottawahospital.on.ca\/fr\/wp-json\/wp\/v2\/pages"}],"about":[{"href":"https:\/\/www.ottawahospital.on.ca\/fr\/wp-json\/wp\/v2\/types\/page"}],"author":[{"embeddable":true,"href":"https:\/\/www.ottawahospital.on.ca\/fr\/wp-json\/wp\/v2\/users\/25"}],"replies":[{"embeddable":true,"href":"https:\/\/www.ottawahospital.on.ca\/fr\/wp-json\/wp\/v2\/comments?post=13009"}],"version-history":[{"count":0,"href":"https:\/\/www.ottawahospital.on.ca\/fr\/wp-json\/wp\/v2\/pages\/13009\/revisions"}],"up":[{"embeddable":true,"href":"https:\/\/www.ottawahospital.on.ca\/fr\/wp-json\/wp\/v2\/pages\/13003"}],"wp:attachment":[{"href":"https:\/\/www.ottawahospital.on.ca\/fr\/wp-json\/wp\/v2\/media?parent=13009"}],"curies":[{"name":"wp","href":"https:\/\/api.w.org\/{rel}","templated":true}]}}