{"id":13003,"date":"2016-12-05T11:01:14","date_gmt":"2016-12-05T16:01:14","guid":{"rendered":"http:\/\/52.229.122.34\/fr\/?page_id=13003"},"modified":"2017-06-20T11:22:25","modified_gmt":"2017-06-20T15:22:25","slug":"ressources-communautaires","status":"publish","type":"page","link":"https:\/\/www.ottawahospital.on.ca\/fr\/services-cliniques\/deptpgrmcs\/programmes\/equipe-de-sante-familiale\/ressources-communautaires\/","title":{"rendered":"Ressources communautaires"},"content":{"rendered":"<p>L\u2019\u00c9quipe universitaire de sant\u00e9 familiale de L\u2019H\u00f4pital d\u2019Ottawa offre aux patients de nombreuses ressources communautaires externes.<br \/>\nPour en savoir plus, cliquez sur l\u2019une des cat\u00e9gories suivantes.<\/p>\n<div class=\"text-center col-md-4 col-sm-6 col-xs-12 paddingbottom20\">\n<p><a href=\"\/fr\/services-cliniques\/deptpgrmcs\/programmes\/equipe-de-sante-familiale\/ressources-communautaires\/enfants-et-parents\/\"><img decoding=\"async\" class=\"img-responsive aligncenter wp-image-12990 size-full img-responsive\" src=\"\/wp-content\/uploads\/2016\/12\/1-ChildrenandParenting.jpg\" alt=\"1-childrenandparenting\" width=\"214\" height=\"132\" \/><br \/>\n<strong>Enfants et parents<\/strong><br \/>\n<\/a><\/p>\n<\/div>\n<div class=\"text-center col-md-4 col-sm-6 col-xs-12 paddingbottom20\">\n<p><a href=\"\/fr\/services-cliniques\/deptpgrmcs\/programmes\/equipe-de-sante-familiale\/ressources-communautaires\/immunisation\/\"><img decoding=\"async\" class=\"img-responsive aligncenter wp-image-12992 size-full img-responsive\" src=\"\/wp-content\/uploads\/2016\/12\/2-Immunization.jpg\" alt=\"2-immunization\" width=\"199\" height=\"132\" \/><br \/>\n<strong>Immunisation<\/strong><br \/>\n<\/a><\/p>\n<\/div>\n<div class=\"text-center col-md-4 col-sm-6 col-xs-12 paddingbottom20\">\n<p><a href=\"\/fr\/services-cliniques\/deptpgrmcs\/programmes\/equipe-de-sante-familiale\/ressources-communautaires\/sante-mentale-toxicomanie-et-soutien-en-cas-de-crise\/\"><img decoding=\"async\" class=\"img-responsive aligncenter wp-image-12993 size-full img-responsive\" src=\"\/wp-content\/uploads\/2016\/12\/3-MentalHealthAddictionsandCrisisSupport.jpg\" alt=\"3-mentalhealthaddictionsandcrisissupport\" width=\"199\" height=\"132\" \/><br \/>\n<strong>Sant\u00e9 mentale, toxicomanie et soutien en case de crise<\/strong><\/a><\/p>\n<\/div>\n<div style=\"display: block; width: 100%; height: 20px; clear: both;\"><\/div>\n<div class=\"text-center col-md-4 col-sm-6 col-xs-12 paddingbottom20\">\n<p><a href=\"\/services-cliniques\/deptpgrmcs\/programmes\/equipe-de-sante-familiale\/ressources-communautaires\/nutrition\/\"><img decoding=\"async\" class=\"img-responsive img-responsive aligncenter wp-image-12994 size-full img-responsive\" src=\"\/wp-content\/uploads\/2016\/12\/4-Nutrition.jpg\" alt=\"4-nutrition\" width=\"150\" height=\"132\" \/><br \/>\n<strong>Nutrition<\/strong><br \/>\n<\/a><\/p>\n<\/div>\n<div class=\"text-center col-md-4 col-sm-6 col-xs-12 paddingbottom20\">\n<p><a href=\"\/fr\/services-cliniques\/deptpgrmcs\/programmes\/equipe-de-sante-familiale\/ressources-communautaires\/ressources-generales\/\"><img decoding=\"async\" class=\"img-responsive img-responsive aligncenter wp-image-12996 size-full img-responsive\" src=\"\/wp-content\/uploads\/2016\/12\/5-GeneralResources.jpg\" alt=\"5-generalresources\" width=\"199\" height=\"132\" \/><br \/>\n<strong>Ressources g\u00e9n\u00e9rales<\/strong><br \/>\n<\/a><\/p>\n<\/div>\n<div class=\"text-center col-md-4 col-sm-6 col-xs-12 paddingbottom20\">\n<p><a href=\"\/fr\/services-cliniques\/deptpgrmcs\/programmes\/equipe-de-sante-familiale\/ressources-communautaires\/sante-des-aines\/\"><img decoding=\"async\" class=\"img-responsive img-responsive aligncenter wp-image-12997 size-full img-responsive\" src=\"\/wp-content\/uploads\/2016\/12\/6-SeniorsHealth.jpg\" alt=\"6-seniorshealth\" width=\"107\" height=\"132\" \/><br \/>\n<strong>Sant\u00e9 des a\u00een\u00e9s<\/strong><\/a><\/p>\n<\/div>\n<div style=\"display: block; width: 100%; height: 20px; clear: both;\"><\/div>\n<div class=\"text-center col-md-4 col-sm-6 col-xs-12 paddingbottom20\">\n<p><a href=\"\/fr\/services-cliniques\/deptpgrmcs\/programmes\/equipe-de-sante-familiale\/ressources-communautaires\/sante-des-femmes\/\"><img decoding=\"async\" class=\"img-responsive img-responsive img-responsive aligncenter wp-image-13000 size-full img-responsive\" src=\"\/wp-content\/uploads\/2016\/12\/7-WomensHealth.jpg\" alt=\"7-womenshealth\" width=\"198\" height=\"132\" \/><br \/>\n<strong>Sant\u00e9 des femmes<\/strong><br \/>\n<\/a><\/p>\n<\/div>\n<div class=\"text-center col-md-4 col-sm-6 col-xs-12 paddingbottom20\">\n<p><a href=\"\/fr\/services-cliniques\/deptpgrmcs\/programmes\/equipe-de-sante-familiale\/ressources-communautaires\/sante-sexuelle\/\"><img decoding=\"async\" class=\"img-responsive img-responsive img-responsive aligncenter wp-image-12999 size-full img-responsive\" src=\"\/wp-content\/uploads\/2016\/12\/8-SexualHealth.jpg\" alt=\"8-sexualhealth\" width=\"169\" height=\"132\" \/><br \/>\n<strong>Sant\u00e9 sexuelle<\/strong><br \/>\n<\/a><\/p>\n<\/div>\n<div class=\"text-center col-md-4 col-sm-6 col-xs-12 paddingbottom20\">\n<p><a href=\"\/fr\/services-cliniques\/deptpgrmcs\/programmes\/equipe-de-sante-familiale\/ressources-communautaires\/sante-cardiovasculaire\/\"><img decoding=\"async\" class=\"img-responsive img-responsive img-responsive aligncenter wp-image-12998 size-full img-responsive\" src=\"\/wp-content\/uploads\/2016\/12\/9-CardiovascularHealth.jpg\" alt=\"9-cardiovascularhealth\" width=\"211\" height=\"132\" \/><br \/>\n<strong>Sant\u00e9 cardiovasculaire<\/strong><\/a><\/p>\n<\/div>\n","protected":false},"excerpt":{"rendered":"<p>L\u2019\u00c9quipe universitaire de sant\u00e9 familiale de L\u2019H\u00f4pital d\u2019Ottawa offre aux patients de nombreuses ressources communautaires externes. Pour en savoir plus, cliquez sur l\u2019une des cat\u00e9gories suivantes. Enfants et parents Immunisation Sant\u00e9 mentale, toxicomanie et soutien en case de crise Nutrition Ressources g\u00e9n\u00e9rales Sant\u00e9 des a\u00een\u00e9s Sant\u00e9 des femmes Sant\u00e9 sexuelle Sant\u00e9 cardiovasculaire<\/p>\n","protected":false},"author":25,"featured_media":0,"parent":11764,"menu_order":5,"comment_status":"closed","ping_status":"closed","template":"","meta":{"_acf_changed":false,"_mc_calendar":[],"footnotes":""},"class_list":["post-13003","page","type-page","status-publish","hentry"],"acf":[],"wps_subtitle":"","_links":{"self":[{"href":"https:\/\/www.ottawahospital.on.ca\/fr\/wp-json\/wp\/v2\/pages\/13003","targetHints":{"allow":["GET"]}}],"collection":[{"href":"https:\/\/www.ottawahospital.on.ca\/fr\/wp-json\/wp\/v2\/pages"}],"about":[{"href":"https:\/\/www.ottawahospital.on.ca\/fr\/wp-json\/wp\/v2\/types\/page"}],"author":[{"embeddable":true,"href":"https:\/\/www.ottawahospital.on.ca\/fr\/wp-json\/wp\/v2\/users\/25"}],"replies":[{"embeddable":true,"href":"https:\/\/www.ottawahospital.on.ca\/fr\/wp-json\/wp\/v2\/comments?post=13003"}],"version-history":[{"count":0,"href":"https:\/\/www.ottawahospital.on.ca\/fr\/wp-json\/wp\/v2\/pages\/13003\/revisions"}],"up":[{"embeddable":true,"href":"https:\/\/www.ottawahospital.on.ca\/fr\/wp-json\/wp\/v2\/pages\/11764"}],"wp:attachment":[{"href":"https:\/\/www.ottawahospital.on.ca\/fr\/wp-json\/wp\/v2\/media?parent=13003"}],"curies":[{"name":"wp","href":"https:\/\/api.w.org\/{rel}","templated":true}]}}