{"id":12963,"date":"2016-12-02T16:16:36","date_gmt":"2016-12-02T21:16:36","guid":{"rendered":"http:\/\/52.229.122.34\/fr\/?page_id=12963"},"modified":"2016-12-02T16:16:36","modified_gmt":"2016-12-02T21:16:36","slug":"service-de-suppleance-a-la-communication-orale-et-ecrite","status":"publish","type":"page","link":"https:\/\/www.ottawahospital.on.ca\/fr\/services-cliniques\/deptpgrmcs\/departements\/centre-de-readaptation\/services-et-cliniques\/services-specialises\/service-de-suppleance-a-la-communication-orale-et-ecrite\/","title":{"rendered":"Service de suppl\u00e9ance \u00e0 la communication orale et \u00e9crite"},"content":{"rendered":"<p>Le Service de suppl\u00e9ance \u00e0 la communication orale et \u00e9crite offre des services aux adultes qui vivent avec une incapacit\u00e9 physique. Par services de suppl\u00e9ance \u00e0 la communication orale et \u00e9crite, on entend diverses strat\u00e9gies et technologies utilis\u00e9es pour aider les personnes qui n\u2019arrivent pas \u00e0 parler ou \u00e0 \u00e9crire de mani\u00e8re autonome.<\/p>\n<p>Ces strat\u00e9gies peuvent comprendre des techniques de communication non verbale comme l\u2019expression du visage et le pointage \u00e0 l\u2019\u0153il, ainsi que des syst\u00e8mes comme\u00a0:<\/p>\n<ul>\n<li>un tableau alphab\u00e9tique, un tableau de pictogrammes ou de symboles<\/li>\n<li>des appareils \u00e9lectroniques qui produisent une voix synth\u00e9tique ou num\u00e9rique<\/li>\n<li>des syst\u00e8mes informatiques adapt\u00e9s<\/li>\n<\/ul>\n<h2>Nos services<\/h2>\n<p>Notre \u00e9quipe \u00e9value les besoins et les capacit\u00e9s de chaque personne avant de recommander un syst\u00e8me de suppl\u00e9ance \u00e0 la communication. Elle l\u2019aide aussi \u00e0 obtenir et \u00e0 installer l&rsquo;\u00e9quipement recommand\u00e9.<\/p>\n<p>Comme nous sommes reconnus par le Programme des appareils et accessoires fonctionnels (niveau avanc\u00e9), nous pouvons recommander toute une gamme d&rsquo;appareils de suppl\u00e9ance \u00e0 la communication dont la location ou l\u2019achat est rembours\u00e9 par le Programme, au besoin.<\/p>\n<p>Notre \u00e9quipe fait aussi des essais d&rsquo;\u00e9quipement, en plus d&rsquo;offrir un soutien continu.<\/p>\n<h2>Notre \u00e9quipe<\/h2>\n<p>Notre \u00e9quipe comprend des professionnels comp\u00e9tents et qualifi\u00e9s de diff\u00e9rentes disciplines, dont\u00a0:<\/p>\n<ul>\n<li>l\u2019orthophonie<\/li>\n<li>l\u2019ergoth\u00e9rapie<\/li>\n<li>le technog\u00e9nie de la r\u00e9adaptation<\/li>\n<\/ul>\n<h2>Rendez-vous<\/h2>\n<p>Nous acceptons les patients de 18 ans ou plus qui ont une incapacit\u00e9 physique acquise ou cong\u00e9nitale qui\u00a0:<\/p>\n<ul>\n<li>les emp\u00eache de parler ou de comprendre les paroles des autres, en partie ou en totalit\u00e9, pour faire seuls les activit\u00e9s de tous les jours (communication en personne)<\/li>\n<li>les emp\u00eache d\u2019\u00e9crire pour faire seuls les activit\u00e9s de tous les jours (communication \u00e9crite).<\/li>\n<\/ul>\n<p>Le SSCOE est un service du Centre de r\u00e9adaptation de L\u2019H\u00f4pital d\u2019Ottawa et accepte les personnes r\u00e9f\u00e9r\u00e9es par un physiatre du Centre de r\u00e9adaptation. Les m\u00e9decins de famille peuvent aussi r\u00e9f\u00e9rer un patient, mais celui-ci devra rencontrer un physiatre. Il faut aussi remplir un formulaire de tri.<\/p>\n<h2>Pour nous joindre<\/h2>\n<p>Voici nos coordonn\u00e9es.<br \/>\nCentre de r\u00e9adaptation de L\u2019H\u00f4pital d\u2019Ottawa<br \/>\n505, chemin Smyth<br \/>\nOttawa ON K1H 8M2<br \/>\nT\u00e9l\u00e9phone\u00a0: 613-737-8899, poste 78254<\/p>\n","protected":false},"excerpt":{"rendered":"<p>Le Service de suppl\u00e9ance \u00e0 la communication orale et \u00e9crite offre des services aux adultes qui vivent avec une incapacit\u00e9 physique. Par services de suppl\u00e9ance \u00e0 la communication orale et \u00e9crite, on entend diverses strat\u00e9gies et technologies utilis\u00e9es pour aider les personnes qui n\u2019arrivent pas \u00e0 parler ou \u00e0 \u00e9crire de mani\u00e8re autonome. Ces strat\u00e9gies [&hellip;]<\/p>\n","protected":false},"author":25,"featured_media":0,"parent":12917,"menu_order":6,"comment_status":"closed","ping_status":"closed","template":"","meta":{"_acf_changed":false,"_mc_calendar":[],"footnotes":""},"class_list":["post-12963","page","type-page","status-publish","hentry"],"acf":[],"wps_subtitle":"","_links":{"self":[{"href":"https:\/\/www.ottawahospital.on.ca\/fr\/wp-json\/wp\/v2\/pages\/12963","targetHints":{"allow":["GET"]}}],"collection":[{"href":"https:\/\/www.ottawahospital.on.ca\/fr\/wp-json\/wp\/v2\/pages"}],"about":[{"href":"https:\/\/www.ottawahospital.on.ca\/fr\/wp-json\/wp\/v2\/types\/page"}],"author":[{"embeddable":true,"href":"https:\/\/www.ottawahospital.on.ca\/fr\/wp-json\/wp\/v2\/users\/25"}],"replies":[{"embeddable":true,"href":"https:\/\/www.ottawahospital.on.ca\/fr\/wp-json\/wp\/v2\/comments?post=12963"}],"version-history":[{"count":0,"href":"https:\/\/www.ottawahospital.on.ca\/fr\/wp-json\/wp\/v2\/pages\/12963\/revisions"}],"up":[{"embeddable":true,"href":"https:\/\/www.ottawahospital.on.ca\/fr\/wp-json\/wp\/v2\/pages\/12917"}],"wp:attachment":[{"href":"https:\/\/www.ottawahospital.on.ca\/fr\/wp-json\/wp\/v2\/media?parent=12963"}],"curies":[{"name":"wp","href":"https:\/\/api.w.org\/{rel}","templated":true}]}}