{"id":12951,"date":"2016-12-02T16:12:18","date_gmt":"2016-12-02T21:12:18","guid":{"rendered":"http:\/\/52.229.122.34\/fr\/?page_id=12951"},"modified":"2016-12-02T16:12:18","modified_gmt":"2016-12-02T21:12:18","slug":"technogenie-de-la-readaptation","status":"publish","type":"page","link":"https:\/\/www.ottawahospital.on.ca\/fr\/services-cliniques\/deptpgrmcs\/departements\/centre-de-readaptation\/services-et-cliniques\/services-specialises\/technogenie-de-la-readaptation\/","title":{"rendered":"Technog\u00e9nie de la r\u00e9adaptation"},"content":{"rendered":"<p>Au Service de technog\u00e9nie de la r\u00e9adaptation, nous mettons \u00e0 profit les principes, la science et la technologie de l\u2019ing\u00e9nierie pour am\u00e9liorer la qualit\u00e9 de vie des personnes atteintes d\u2019une incapacit\u00e9 physique. Nous nous concentrons sur la mobilit\u00e9, la communication, la conduite automobile, l\u2019autonomie et les loisirs.<\/p>\n<p>Le Service du technog\u00e9nie de la r\u00e9adaptation du Centre de r\u00e9adaptation dispose d\u2019un certificat d\u2019autorisation de l\u2019ordre des ing\u00e9nieurs de l\u2019Ontario (Professional Engineers Ontario) pour offrir des services au public.<\/p>\n<h2>Services cliniques<\/h2>\n<p>Nous offrons des services de consultation, de conception et de fabrication d\u2019appareils de r\u00e9adaptation personnalis\u00e9s. Nous pouvons cr\u00e9er un nouvel appareil sur mesure s\u2019il n\u2019existe aucun appareil pouvant r\u00e9pondre aux besoins d\u2019un patient ou encore modifier un appareil. Bien souvent, il suffit d\u2019apporter un changement ing\u00e9nieux \u00e0 un produit d\u00e9j\u00e0 disponible pour grandement am\u00e9liorer l\u2019autonomie et la qualit\u00e9 de vie d\u2019un patient.<\/p>\n<p>Nous offrons des services \u00e0 toute personne qui a une incapacit\u00e9 physique et des probl\u00e8mes d\u2019\u00e9quipement. Nos patients sont en g\u00e9n\u00e9ral des adultes ayant des besoins complexes ou tr\u00e8s particuliers.<\/p>\n<p>Voici un aper\u00e7u des services :<\/p>\n<ul>\n<li>consultation, \u00e9valuation des besoins, devis, conception et fabrication d\u2019appareils personnalis\u00e9s<\/li>\n<li>\u00e9valuation, mise \u00e0 l\u2019essai, modification, ajustement, r\u00e9paration et entretien d\u2019appareils<\/li>\n<li>programme de pr\u00eat pour acheter un lit d\u2019enfant accessible (pour les patients du Centre de r\u00e9adaptation)<\/li>\n<li>r\u00e9paration et entretien d\u2019appareils non con\u00e7us par notre \u00e9quipe (seulement si ce service n\u2019est pas disponible ailleurs dans la r\u00e9gion)<\/li>\n<li>consultation pour le professionnel de la r\u00e9adaptation qui a des questions au sujet de l\u2019appareil d\u2019un patient ou d\u2019\u00e9quipement de traitement.<\/li>\n<\/ul>\n<p>Il y a des frais pour certains de ces services. Bien souvent, les patients sont admissibles \u00e0 une aide financi\u00e8re du gouvernement ou d\u2019une autre source et peuvent se faire rembourser une grande partie des frais. Nous offrons une garantie \u00e9crite pour chaque solution personnalis\u00e9e.<\/p>\n<p>Le patient doit \u00eatre pr\u00e9sent \u00e0 l\u2019\u00e9valuation ou \u00e0 la consultation initiale, qui a habituellement lieu au Centre de r\u00e9adaptation. Pendant l\u2019\u00e9valuation, notre \u00e9quipe d\u00e9terminera :<\/p>\n<ul>\n<li>les objectifs \u00e0 atteindre<\/li>\n<li>les capacit\u00e9s du patient<\/li>\n<li>l\u2019\u00e9quipement qui doit fonctionner avec la solution (p. ex. compatibilit\u00e9 et capacit\u00e9 d\u2019\u00e9volution)<\/li>\n<li>les pr\u00e9f\u00e9rences esth\u00e9tiques et le budget \u00e0 respecter.<\/li>\n<\/ul>\n<p>Nous demandons au patient ce qu\u2019il pense des solutions propos\u00e9es. Il doit g\u00e9n\u00e9ralement venir une ou deux fois au Centre pour nous permettre de fixer ou d\u2019ajuster la solution choisie. Il doit payer tous les frais non couverts par une source de financement externe. S\u2019il a des pr\u00e9occupations ou des questions ou a besoin d\u2019un ajustement ou d\u2019une r\u00e9paration apr\u00e8s avoir re\u00e7u son appareil, il doit communiquer avec l\u2019\u00e9quipe du Technog\u00e9nie de la r\u00e9adaptation.<\/p>\n<h2>Notre \u00e9quipe<\/h2>\n<p>Notre \u00e9quipe est compos\u00e9e d\u2019ing\u00e9nieurs et de technologues en \u00e9lectronique et en m\u00e9canique. Un ing\u00e9nieur clinicien collabore avec le patient et son professionnel de la sant\u00e9 pour concevoir la meilleure solution possible. C\u2019est bien souvent un ergoth\u00e9rapeute, un orthophoniste, un physioth\u00e9rapeute ou un physiatre qui nous demande une solution \u00e0 un probl\u00e8me d\u2019\u00e9quipement.<\/p>\n<h2>Rendez-vous<\/h2>\n<p>Le patient doit \u00eatre r\u00e9f\u00e9r\u00e9 par un professionnel de la sant\u00e9. La personne qui a une incapacit\u00e9 ou un de ses proches peut aussi nous appeler pour obtenir des renseignements g\u00e9n\u00e9raux. Pour obtenir une consultation au sujet d\u2019un appareil, le professionnel de la sant\u00e9 peut nous appeler directement.<\/p>\n<h2>Pour nous joindre<\/h2>\n<p>Pour en savoir plus, communiquez avec:<\/p>\n<p>Louis Goudreau, P.Eng., ing\u00e9nieur clinicien<br \/>\nCentre de r\u00e9adaptation de L\u2019H\u00f4pital d\u2019Ottawa<br \/>\n505, chemin Smyth, pi\u00e8ce 1401<br \/>\nOttawa ON \u00a0K1H 8M2 Canada<br \/>\nT\u00e9l\u00e9phone : 613-737-8899, poste 75587<br \/>\nCourriel : <a href=\"mailto:lgoudreau@lho.ca\">lgoudreau@lho.ca<\/a><\/p>\n","protected":false},"excerpt":{"rendered":"<p>Au Service de technog\u00e9nie de la r\u00e9adaptation, nous mettons \u00e0 profit les principes, la science et la technologie de l\u2019ing\u00e9nierie pour am\u00e9liorer la qualit\u00e9 de vie des personnes atteintes d\u2019une incapacit\u00e9 physique. Nous nous concentrons sur la mobilit\u00e9, la communication, la conduite automobile, l\u2019autonomie et les loisirs. Le Service du technog\u00e9nie de la r\u00e9adaptation du [&hellip;]<\/p>\n","protected":false},"author":25,"featured_media":0,"parent":12917,"menu_order":4,"comment_status":"closed","ping_status":"closed","template":"","meta":{"_acf_changed":false,"_mc_calendar":[],"footnotes":""},"class_list":["post-12951","page","type-page","status-publish","hentry"],"acf":[],"wps_subtitle":"","_links":{"self":[{"href":"https:\/\/www.ottawahospital.on.ca\/fr\/wp-json\/wp\/v2\/pages\/12951","targetHints":{"allow":["GET"]}}],"collection":[{"href":"https:\/\/www.ottawahospital.on.ca\/fr\/wp-json\/wp\/v2\/pages"}],"about":[{"href":"https:\/\/www.ottawahospital.on.ca\/fr\/wp-json\/wp\/v2\/types\/page"}],"author":[{"embeddable":true,"href":"https:\/\/www.ottawahospital.on.ca\/fr\/wp-json\/wp\/v2\/users\/25"}],"replies":[{"embeddable":true,"href":"https:\/\/www.ottawahospital.on.ca\/fr\/wp-json\/wp\/v2\/comments?post=12951"}],"version-history":[{"count":0,"href":"https:\/\/www.ottawahospital.on.ca\/fr\/wp-json\/wp\/v2\/pages\/12951\/revisions"}],"up":[{"embeddable":true,"href":"https:\/\/www.ottawahospital.on.ca\/fr\/wp-json\/wp\/v2\/pages\/12917"}],"wp:attachment":[{"href":"https:\/\/www.ottawahospital.on.ca\/fr\/wp-json\/wp\/v2\/media?parent=12951"}],"curies":[{"name":"wp","href":"https:\/\/api.w.org\/{rel}","templated":true}]}}