{"id":12943,"date":"2016-12-02T16:09:28","date_gmt":"2016-12-02T21:09:28","guid":{"rendered":"http:\/\/52.229.122.34\/fr\/?page_id=12943"},"modified":"2016-12-02T16:09:28","modified_gmt":"2016-12-02T21:09:28","slug":"service-dorthetique","status":"publish","type":"page","link":"https:\/\/www.ottawahospital.on.ca\/fr\/services-cliniques\/deptpgrmcs\/departements\/centre-de-readaptation\/services-et-cliniques\/services-specialises\/service-dorthetique\/","title":{"rendered":"Service d&rsquo;orth\u00e9tique"},"content":{"rendered":"<p>Le Service d\u2019orth\u00e9tique du Centre de r\u00e9adaptation de L\u2019H\u00f4pital d\u2019Ottawa fabrique des appareils orth\u00e9tiques sur mesure (orth\u00e8ses ou attelles) pour les personnes qui ont des probl\u00e8mes orthop\u00e9diques ou neurologiques. Ces appareils fournissent un soutien, en plus d\u2019aider \u00e0 contr\u00f4ler les mouvements et \u00e0 faire les activit\u00e9s quotidiennes.<\/p>\n<p>Le personnel poss\u00e8de une vaste exp\u00e9rience du travail aupr\u00e8s d\u2019adultes et d\u2019enfants aux prises avec une vari\u00e9t\u00e9 de troubles neuromusculaires ou orthop\u00e9diques comme la scl\u00e9rose en plaques, un accident vasculaire c\u00e9r\u00e9bral (AVC), la scl\u00e9rose lat\u00e9rale amyotrophique, la poliomy\u00e9lite, une neuropathie diab\u00e9tique, la paralysie c\u00e9r\u00e9brale, le spina bifida, un traumatisme c\u00e9r\u00e9bral, la dystrophie musculaire, l\u2019arthrite, la scoliose idiopathique et la plagioc\u00e9phalie.<\/p>\n<h2>Nos services<\/h2>\n<p>Nous collaborons avec le patient pour concevoir un appareil orth\u00e9tique novateur et fonctionnel qui int\u00e8gre les nouvelles technologies et les recherches actuelles afin de r\u00e9pondre le mieux possible \u00e0 ses besoins tout en tenant compte de son style de vie.<\/p>\n<h2>Notre \u00e9quipe<\/h2>\n<p>Nous sommes agr\u00e9\u00e9s par le Conseil canadien de la certification des proth\u00e9sistes et orth\u00e9sistes. Nous misons sur les comp\u00e9tences et l\u2019expertise d\u2019orth\u00e9sistes certifi\u00e9s et de techniciens en orth\u00e9tique inscrits. Les orth\u00e9sistes travaillent avec le patient et d\u2019autres professionnels de la sant\u00e9 comme les m\u00e9decins, les physioth\u00e9rapeutes et les ergoth\u00e9rapeutes pour \u00e9valuer les besoins du patient et concevoir l\u2019orth\u00e8se ou l\u2019attelle qui lui convient. Les techniciens en orth\u00e9tique fabriquent l\u2019appareil. Nous avons actuellement quatre employ\u00e9s certifi\u00e9s qui se sp\u00e9cialisent en orth\u00e9tique chez l\u2019adulte et l\u2019enfant. Nos cliniciens sont inscrits \u00e0 titre de signataires autoris\u00e9s aupr\u00e8s du Programme des appareils et accessoires fonctionnels du minist\u00e8re de la Sant\u00e9 de l\u2019Ontario.<\/p>\n<h2>Rendez-vous<\/h2>\n<p>Le personnel offre des services aux personnes qui ont besoin d\u2019appareils orth\u00e9tiques. Elles doivent toutefois avoir une ordonnance d\u2019un m\u00e9decin. En Ontario, le Programme des appareils et accessoires fonctionnels (PAAF) rembourse partiellement les appareils admissibles. Toute personne qui d\u00e9tient une carte d\u2019assurance-sant\u00e9 de l\u2019Ontario est admissible au PAAF.<\/p>\n<p>Nous offrons aussi des services aux personnes assur\u00e9es par la Commission de la s\u00e9curit\u00e9 professionnelle et de l\u2019assurance contre les accidents du travail (CSPAAT), le Programme des services de sant\u00e9 non assur\u00e9s (SSNA), le Programme ontarien de soutien aux personnes handicap\u00e9es (POSPH), ainsi qu\u2019\u00e0 celles couvertes par les services sociaux. Les r\u00e9gimes priv\u00e9s d\u2019assurance-sant\u00e9 compl\u00e9mentaire fournissent aussi souvent le remboursement partiel de service d\u2019orth\u00e9tique.<\/p>\n<p>C\u2019est le patient qui doit d\u00e9terminer si son r\u00e9gime d\u2019assurance couvre des orth\u00e8ses. Nous en discutons d\u2019ailleurs avec lui pendant la premi\u00e8re visite d\u2019\u00e9valuation.<\/p>\n<p>D\u00e9roulement du processus<\/p>\n<ul>\n<li>Il faut la plupart du temps venir \u00e0 trois \u00e0 quatre rendez-vous, selon la complexit\u00e9 de l\u2019appareil. Au premier rendez-vous, l\u2019orth\u00e9siste fait une \u00e9valuation biom\u00e9canique compl\u00e8te et une analyse de la d\u00e9marche, au besoin. Nous faisons aussi un moule s\u2019il faut fabriquer une orth\u00e8se sur mesure.<\/li>\n<li>Au deuxi\u00e8me rendez-vous, l\u2019orth\u00e9siste ajuste l\u2019appareil. Il s\u2019assure qu\u2019il fonctionne bien et que le patient est confortable avant de lui remettre l\u2019appareil.<\/li>\n<li>Le patient doit ensuite le porter pendant deux \u00e0 trois semaines avant de revenir \u00e0 un rendez-vous de suivi pour que l\u2019orth\u00e9siste puisse v\u00e9rifier que l\u2019appareil fonctionne comme pr\u00e9vu et n\u2019a pas caus\u00e9 de probl\u00e8mes de peau.<\/li>\n<li>Le patient peut \u00eatre appel\u00e9 \u00e0 venir \u00e0 d\u2019autres rendez-vous au besoin pour r\u00e9gler des probl\u00e8mes ou faire faire des r\u00e9parations.<\/li>\n<\/ul>\n<h2>Pour nous joindre<\/h2>\n<p>Les patients doivent pr\u00e9senter une ordonnance m\u00e9dicale pour obtenir nos services. Le patient ou son m\u00e9decin peut appeler pour obtenir un rendez-vous avec un orth\u00e9siste.<\/p>\n<p>Il suffit d\u2019appeler notre r\u00e9ceptionniste au 613-737-7350, poste 75314. Si vous avez des questions sur l\u2019orth\u00e9tique, vous pouvez demander \u00e0 parler avec un de nos orth\u00e9sistes cliniques.<\/p>\n<p>Le Service d\u2019orth\u00e9tique est ouvert de 8 h 30 \u00e0 16 h du lundi au vendredi (sauf les jours f\u00e9ri\u00e9s). Il est ferm\u00e9 entre midi et 13 h. Le personnel peut offrir des services en fran\u00e7ais ou en anglais.<\/p>\n<p>Nous sommes situ\u00e9s dans la pi\u00e8ce 1209 du Centre de r\u00e9adaptation.<\/p>\n","protected":false},"excerpt":{"rendered":"<p>Le Service d\u2019orth\u00e9tique du Centre de r\u00e9adaptation de L\u2019H\u00f4pital d\u2019Ottawa fabrique des appareils orth\u00e9tiques sur mesure (orth\u00e8ses ou attelles) pour les personnes qui ont des probl\u00e8mes orthop\u00e9diques ou neurologiques. Ces appareils fournissent un soutien, en plus d\u2019aider \u00e0 contr\u00f4ler les mouvements et \u00e0 faire les activit\u00e9s quotidiennes. Le personnel poss\u00e8de une vaste exp\u00e9rience du travail [&hellip;]<\/p>\n","protected":false},"author":25,"featured_media":0,"parent":12917,"menu_order":3,"comment_status":"closed","ping_status":"closed","template":"","meta":{"_acf_changed":false,"_mc_calendar":[],"footnotes":""},"class_list":["post-12943","page","type-page","status-publish","hentry"],"acf":[],"wps_subtitle":"","_links":{"self":[{"href":"https:\/\/www.ottawahospital.on.ca\/fr\/wp-json\/wp\/v2\/pages\/12943","targetHints":{"allow":["GET"]}}],"collection":[{"href":"https:\/\/www.ottawahospital.on.ca\/fr\/wp-json\/wp\/v2\/pages"}],"about":[{"href":"https:\/\/www.ottawahospital.on.ca\/fr\/wp-json\/wp\/v2\/types\/page"}],"author":[{"embeddable":true,"href":"https:\/\/www.ottawahospital.on.ca\/fr\/wp-json\/wp\/v2\/users\/25"}],"replies":[{"embeddable":true,"href":"https:\/\/www.ottawahospital.on.ca\/fr\/wp-json\/wp\/v2\/comments?post=12943"}],"version-history":[{"count":0,"href":"https:\/\/www.ottawahospital.on.ca\/fr\/wp-json\/wp\/v2\/pages\/12943\/revisions"}],"up":[{"embeddable":true,"href":"https:\/\/www.ottawahospital.on.ca\/fr\/wp-json\/wp\/v2\/pages\/12917"}],"wp:attachment":[{"href":"https:\/\/www.ottawahospital.on.ca\/fr\/wp-json\/wp\/v2\/media?parent=12943"}],"curies":[{"name":"wp","href":"https:\/\/api.w.org\/{rel}","templated":true}]}}