{"id":12934,"date":"2016-12-02T16:05:49","date_gmt":"2016-12-02T21:05:49","guid":{"rendered":"http:\/\/52.229.122.34\/fr\/?page_id=12934"},"modified":"2017-06-20T15:55:42","modified_gmt":"2017-06-20T19:55:42","slug":"service-de-prothetique","status":"publish","type":"page","link":"https:\/\/www.ottawahospital.on.ca\/fr\/services-cliniques\/deptpgrmcs\/departements\/centre-de-readaptation\/services-et-cliniques\/services-specialises\/service-de-prothetique\/","title":{"rendered":"Service de proth\u00e9tique"},"content":{"rendered":"<div class=\"row\">\n<div class=\"col-md-8\">\nLe Service de proth\u00e9tique du Centre de r\u00e9adaptation de L\u2019H\u00f4pital d\u2019Ottawa offre une vaste gamme d\u2019appareils proth\u00e9tiques aux enfants et aux adultes amput\u00e9s, y compris des appareils myo\u00e9lectriques, et en fait l\u2019entretien et la r\u00e9paration. Des proth\u00e9sistes certifi\u00e9s au Canada fabriquent et ajustent chaque appareil fait sur mesure selon les plus hautes normes de qualit\u00e9 \u00e0 l\u2019aide de techniques et mat\u00e9riaux \u00e0 la fine pointe de la technologie. Le personnel dispose aussi d\u2019un vaste \u00e9ventail de bas, y compris de compression, de gaines et de manchons de suspension.<\/p>\n<h2>Nos services<\/h2>\n<p>Tous les amput\u00e9s, quel que soit leur \u00e2ge ou le niveau de l\u2019amputation, peuvent b\u00e9n\u00e9ficier de nos services. Certains des patients trait\u00e9s au Centre de r\u00e9adaptation ont perdu un membre \u00e0 cause de probl\u00e8mes de circulation, de complications du diab\u00e8te, d\u2019un traumatisme, d\u2019une blessure au travail ou du cancer. D\u2019autres ne l\u2019avaient pas \u00e0 leur naissance.<\/p>\n<p>Le co\u00fbt des appareils proth\u00e9tiques peut \u00eatre couvert par le Programme des appareils et accessoires fonctionnels (PAAF), le Programme ontarien de soutien aux personnes handicap\u00e9es (POSPH), la Commission de la s\u00e9curit\u00e9 professionnelle et de l&rsquo;assurance contre les accidents du travail (CSPAAT), le Programme des services de sant\u00e9 non assur\u00e9s (SSNA) ou des compagnies d\u2019assurance priv\u00e9es. C\u2019est au patient qu\u2019il incombe de v\u00e9rifier si son assurance rembourse le co\u00fbt d\u2019appareils proth\u00e9tiques. L\u2019ordonnance d\u2019un m\u00e9decin est aussi requise dans la plupart des cas.<\/p>\n<p>Un membre artificiel bien ajust\u00e9 peut am\u00e9liorer la qualit\u00e9 de vie d\u2019une personne et lui permettre de marcher, de saisir et de manipuler des objets, de retourner au travail, d\u2019avoir des loisirs et d\u2019am\u00e9liorer son image corporelle et son estime de soi, ce qui augmente son autonomie. Nous faisons la r\u00e9paration, l\u2019entretien et l\u2019ajustement d\u2019appareils proth\u00e9tiques, souvent dans un d\u00e9lai de 24 heures, pour permettre aux amput\u00e9s de reprendre leurs activit\u00e9s quotidiennes avec plus de confort.\n<\/p><\/div>\n<div class=\"col-md-4\">\n<img decoding=\"async\" class=\"alignright img-responsive\" src=\"\/wp-content\/uploads\/2016\/12\/Prosthetics3.jpg\" alt=\"Prosthetics\" width=\"230\" height=\"314\" \/>\n<\/div>\n<\/div>\n<div class=\"row\">\n<div class=\"col-md-7\">\n<h2>Notre \u00e9quipe<\/h2>\n<p>Notre \u00e9quipe comprend un sp\u00e9cialiste m\u00e9dical et des membres des services de soins infirmiers, de proth\u00e9tique, de physioth\u00e9rapie et d\u2019ergoth\u00e9rapie. Chacun d\u2019entre eux joue un r\u00f4le unique pour aider les patients \u00e0 atteindre leur plein potentiel.<\/p>\n<h2>Pour nous joindre<\/h2>\n<p>Vous pouvez nous joindre au 613-737-7350, poste 75314 entre 8 h 30 et 16 h.<br \/>\nNous sommes situ\u00e9s dans la pi\u00e8ce 1209 du Centre de r\u00e9adaptation.\n<\/p><\/div>\n<div class=\"col-md-4\">\n<img decoding=\"async\" class=\"alignright img-responsive\" src=\"\/wp-content\/uploads\/2016\/12\/Prosthetics2.jpg\" alt=\"Prosthetics\" width=\"194\" height=\"247\" \/>\n<\/div>\n<\/div>\n","protected":false},"excerpt":{"rendered":"<p>Le Service de proth\u00e9tique du Centre de r\u00e9adaptation de L\u2019H\u00f4pital d\u2019Ottawa offre une vaste gamme d\u2019appareils proth\u00e9tiques aux enfants et aux adultes amput\u00e9s, y compris des appareils myo\u00e9lectriques, et en fait l\u2019entretien et la r\u00e9paration. Des proth\u00e9sistes certifi\u00e9s au Canada fabriquent et ajustent chaque appareil fait sur mesure selon les plus hautes normes de qualit\u00e9 [&hellip;]<\/p>\n","protected":false},"author":25,"featured_media":0,"parent":12917,"menu_order":2,"comment_status":"closed","ping_status":"closed","template":"","meta":{"_acf_changed":false,"_mc_calendar":[],"footnotes":""},"class_list":["post-12934","page","type-page","status-publish","hentry"],"acf":[],"wps_subtitle":"","_links":{"self":[{"href":"https:\/\/www.ottawahospital.on.ca\/fr\/wp-json\/wp\/v2\/pages\/12934","targetHints":{"allow":["GET"]}}],"collection":[{"href":"https:\/\/www.ottawahospital.on.ca\/fr\/wp-json\/wp\/v2\/pages"}],"about":[{"href":"https:\/\/www.ottawahospital.on.ca\/fr\/wp-json\/wp\/v2\/types\/page"}],"author":[{"embeddable":true,"href":"https:\/\/www.ottawahospital.on.ca\/fr\/wp-json\/wp\/v2\/users\/25"}],"replies":[{"embeddable":true,"href":"https:\/\/www.ottawahospital.on.ca\/fr\/wp-json\/wp\/v2\/comments?post=12934"}],"version-history":[{"count":0,"href":"https:\/\/www.ottawahospital.on.ca\/fr\/wp-json\/wp\/v2\/pages\/12934\/revisions"}],"up":[{"embeddable":true,"href":"https:\/\/www.ottawahospital.on.ca\/fr\/wp-json\/wp\/v2\/pages\/12917"}],"wp:attachment":[{"href":"https:\/\/www.ottawahospital.on.ca\/fr\/wp-json\/wp\/v2\/media?parent=12934"}],"curies":[{"name":"wp","href":"https:\/\/api.w.org\/{rel}","templated":true}]}}