{"id":12917,"date":"2016-12-02T15:59:35","date_gmt":"2016-12-02T20:59:35","guid":{"rendered":"http:\/\/52.229.122.34\/fr\/?page_id=12917"},"modified":"2021-03-05T15:35:27","modified_gmt":"2021-03-05T20:35:27","slug":"services-specialises","status":"publish","type":"page","link":"https:\/\/www.ottawahospital.on.ca\/fr\/services-cliniques\/deptpgrmcs\/departements\/centre-de-readaptation\/services-et-cliniques\/services-specialises\/","title":{"rendered":"Services sp\u00e9cialis\u00e9s"},"content":{"rendered":"<p>L\u2019\u00e9quipe des Services sp\u00e9cialis\u00e9s offre des services aux patients ayant une incapacit\u00e9 physique qui ont des besoins sp\u00e9ciaux.<\/p>\n<h2>Nos services<\/h2>\n<p>Notre \u00e9quipe offre les services suivants :<\/p>\n<ul>\n<li><a href=\"\/fr\/services-cliniques\/deptpgrmcs\/departements\/centre-de-readaptation\/services-et-cliniques\/services-specialises\/service-de-suppleance-a-la-communication-orale-et-ecrite\/\" target=\"_blank\" rel=\"noopener\"><strong>Service de suppl\u00e9ance \u00e0 la communication orale et \u00e9crite<\/strong><\/a><strong><br \/>\n<\/strong>L\u2019\u00e9quipe sp\u00e9cialis\u00e9e fournit des services interdisciplinaires aux adultes qui n\u2019arrivent pas \u00e0 parler ou \u00e9crire de mani\u00e8re fonctionnelle. Ces services s\u2019adressent notamment aux personnes qui perdent peu \u00e0 peu leur capacit\u00e9 de communiquer en raison d\u2019un trouble m\u00e9dical. Le service offre diverses solutions personnalis\u00e9es, comme des tableaux de lettres ou d\u2019images, des appareils de communication vocale et des ordinateurs. Cette \u00e9quipe sp\u00e9cialis\u00e9e offre des services dans plusieurs disciplines aux adultes qui n\u2019arrivent pas \u00e0 parler ou \u00e9crire de mani\u00e8re fonctionnelle. Ces services s\u2019adressent notamment aux personnes qui perdent peu \u00e0 peu leur capacit\u00e9 de communiquer en raison d\u2019un probl\u00e8me m\u00e9dical. Le service offre diverses solutions personnalis\u00e9es, comme des appareils de communication vocale, des ordinateurs ou des tableaux de lettres ou d\u2019images.<\/li>\n<li><a href=\"\/fr\/services-cliniques\/deptpgrmcs\/departements\/centre-de-readaptation\/services-et-cliniques\/services-specialises\/service-de-readaptation-a-la-conduite-automobile\/\" target=\"_blank\" rel=\"noopener\"><strong>Service de r\u00e9adaptation \u00e0 la conduite automobile<\/strong><\/a><br \/>\nDepuis 1973, le Service de r\u00e9adaptation \u00e0 la conduite automobile \u00e9value les patients dont la maladie ou l\u2019incapacit\u00e9 peut r\u00e9duire leur capacit\u00e9 de conduire. Un ergoth\u00e9rapeute \u00e9value leur capacit\u00e9 de conduire un v\u00e9hicule motoris\u00e9 et d\u00e9termine s\u2019ils peuvent l\u2019am\u00e9liorer en suivant une formation. Nous fournissons aussi de l\u2019\u00e9quipement adapt\u00e9 et de nouvelles techniques de conduite au besoin.<\/li>\n<li><img decoding=\"async\" class=\"alignright img-responsive\" src=\"\/wp-content\/uploads\/2016\/12\/ProstheticsandOrthotics.jpg\" alt=\"Prosthetics and Orthotics\" width=\"250\" height=\"250\" \/><a href=\"\/fr\/services-cliniques\/deptpgrmcs\/departements\/centre-de-readaptation\/services-et-cliniques\/services-specialises\/service-de-prothetique\/\" target=\"_blank\" rel=\"noopener\"><strong>Service de proth\u00e9tique<\/strong><\/a><br \/>\nLe Service de proth\u00e9tique du Centre de r\u00e9adaptation de L\u2019H\u00f4pital d\u2019Ottawa offre une vaste gamme d\u2019appareils proth\u00e9tiques aux enfants et aux adultes amput\u00e9s, y compris des appareils myo\u00e9lectriques, et en fait l\u2019entretien et la r\u00e9paration. Des proth\u00e9sistes certifi\u00e9s au Canada fabriquent et ajustent chaque appareil fait sur mesure selon les plus hautes normes de qualit\u00e9 \u00e0 l\u2019aide de techniques et de mat\u00e9riaux \u00e0 la fine pointe de la technologie. Le personnel dispose aussi d\u2019un vaste \u00e9ventail de bas, y compris de compression, de gaines et de manchons de suspension<\/li>\n<li><a href=\"\/fr\/services-cliniques\/deptpgrmcs\/departements\/centre-de-readaptation\/services-et-cliniques\/services-specialises\/service-dorthetique\/\" target=\"_blank\" rel=\"noopener\"><strong>Service d\u2019orth\u00e9tique<\/strong><\/a><br \/>\nLe Service d\u2019orth\u00e9tique du Centre de r\u00e9adaptation de L\u2019H\u00f4pital d\u2019Ottawa fabrique des appareils orth\u00e9tiques sur mesure (orth\u00e8ses ou attelles) pour les personnes qui ont des probl\u00e8mes orthop\u00e9diques ou neurologiques. Ces appareils fournissent un soutien, en plus d\u2019aider \u00e0 contr\u00f4ler les mouvements et \u00e0 faire les activit\u00e9s quotidiennes.<\/li>\n<li><a href=\"\/fr\/services-cliniques\/deptpgrmcs\/departements\/centre-de-readaptation\/services-et-cliniques\/services-specialises\/technogenie-de-la-readaptation\/\" target=\"_blank\" rel=\"noopener\"><strong>Technog\u00e9nie de la r\u00e9adaptation<\/strong><\/a><br \/>\nAu Service de technog\u00e9nie de la r\u00e9adaptation, nous mettons \u00e0 profit les principes, la science et la technologie de l\u2019ing\u00e9nierie pour am\u00e9liorer la qualit\u00e9 de vie des personnes vivant avec une incapacit\u00e9 physique. Nous nous concentrons sur la mobilit\u00e9, la communication, la conduite automobile, l\u2019autonomie et les loisirs.<\/li>\n<li><a href=\"\/fr\/services-cliniques\/deptpgrmcs\/departements\/centre-de-readaptation\/services-et-cliniques\/services-specialises\/podologie-podo-orthesiste\/\" target=\"_blank\" rel=\"noopener noreferrer\"><strong>Podologie et podo-orth\u00e9siste<\/strong><\/a><br \/>\nLe Podologie et podo-orth\u00e9siste offre une vari\u00e9t\u00e9 de services de pr\u00e9vention, de diagnostic et de gestion des troubles du pied et de la cheville (podologie), notamment par des sp\u00e9cialistes en orth\u00e8se et en chaussures form\u00e9s pour \u00e9valuer l\u2019anatomie et la biom\u00e9canique des membres inf\u00e9rieurs (podo-orth\u00e9tique).<\/li>\n<\/ul>\n<h2>Notre \u00e9quipe<\/h2>\n<p>Notre \u00e9quipe interdisciplinaire est compos\u00e9e de professionnels d\u00e9vou\u00e9s :<\/p>\n<ul>\n<li>Proth\u00e9sistes<\/li>\n<li>Techniciens en proth\u00e9tique<\/li>\n<li>Orth\u00e9sistes<\/li>\n<li>Techniciens en orth\u00e9tique<\/li>\n<li>Ergoth\u00e9rapeutes<\/li>\n<li>Orthophonistes<\/li>\n<li>Podologues<\/li>\n<li>Techniciens en chaussures<\/li>\n<li>Ing\u00e9nieurs de la r\u00e9adaptation<\/li>\n<li>Technologues en \u00e9lectronique<\/li>\n<li>Technologue en m\u00e9canique<\/li>\n<li>Op\u00e9rateurs du laboratoire de r\u00e9alit\u00e9 virtuelle<\/li>\n<li>Conseiller en r\u00e9adaptation professionnelle<\/li>\n<\/ul>\n<h2>Rendez-vous<\/h2>\n<p>Le processus \u00e0 suivre pour obtenir un rendez-vous et les crit\u00e8res d\u2019acc\u00e8s aux services varient selon le service.<br \/>\nVeuillez communiquer avec le service qui vous int\u00e9resse pour en savoir plus.<\/p>\n<div class=\"card\">\n<h2 class=\"card-header h2-mock\">Pour nous joindre<\/h2>\n<div class=\"card-body\">\n<p>Service de r\u00e9adaptation \u00e0 la conduite automobile : 613-737-7350, poste 75359<\/p>\n<p>Proth\u00e9tique et orth\u00e9tique : 613-737-7350, poste 75314<\/p>\n<p>Podologie et podo-orth\u00e9siste \u2013 Centre de r\u00e9adaptation \u2013 613-737-8899, poste 75612<\/p>\n<\/div>\n<\/div>\n","protected":false},"excerpt":{"rendered":"<p>L\u2019\u00e9quipe des Services sp\u00e9cialis\u00e9s offre des services aux patients ayant une incapacit\u00e9 physique qui ont des besoins sp\u00e9ciaux. Nos services Notre \u00e9quipe offre les services suivants : Service de suppl\u00e9ance \u00e0 la communication orale et \u00e9crite L\u2019\u00e9quipe sp\u00e9cialis\u00e9e fournit des services interdisciplinaires aux adultes qui n\u2019arrivent pas \u00e0 parler ou \u00e9crire de mani\u00e8re fonctionnelle. Ces [&hellip;]<\/p>\n","protected":false},"author":25,"featured_media":0,"parent":12791,"menu_order":4,"comment_status":"closed","ping_status":"closed","template":"","meta":{"_acf_changed":false,"_mc_calendar":[],"footnotes":""},"class_list":["post-12917","page","type-page","status-publish","hentry"],"acf":[],"wps_subtitle":"","_links":{"self":[{"href":"https:\/\/www.ottawahospital.on.ca\/fr\/wp-json\/wp\/v2\/pages\/12917","targetHints":{"allow":["GET"]}}],"collection":[{"href":"https:\/\/www.ottawahospital.on.ca\/fr\/wp-json\/wp\/v2\/pages"}],"about":[{"href":"https:\/\/www.ottawahospital.on.ca\/fr\/wp-json\/wp\/v2\/types\/page"}],"author":[{"embeddable":true,"href":"https:\/\/www.ottawahospital.on.ca\/fr\/wp-json\/wp\/v2\/users\/25"}],"replies":[{"embeddable":true,"href":"https:\/\/www.ottawahospital.on.ca\/fr\/wp-json\/wp\/v2\/comments?post=12917"}],"version-history":[{"count":0,"href":"https:\/\/www.ottawahospital.on.ca\/fr\/wp-json\/wp\/v2\/pages\/12917\/revisions"}],"up":[{"embeddable":true,"href":"https:\/\/www.ottawahospital.on.ca\/fr\/wp-json\/wp\/v2\/pages\/12791"}],"wp:attachment":[{"href":"https:\/\/www.ottawahospital.on.ca\/fr\/wp-json\/wp\/v2\/media?parent=12917"}],"curies":[{"name":"wp","href":"https:\/\/api.w.org\/{rel}","templated":true}]}}