{"id":12911,"date":"2016-12-02T15:55:14","date_gmt":"2016-12-02T20:55:14","guid":{"rendered":"http:\/\/52.229.122.34\/fr\/?page_id=12911"},"modified":"2021-06-09T09:04:56","modified_gmt":"2021-06-09T13:04:56","slug":"readaptation-respiratoire-en-cas-de-maladie-neuromusculaire","status":"publish","type":"page","link":"https:\/\/www.ottawahospital.on.ca\/fr\/services-cliniques\/deptpgrmcs\/departements\/centre-de-readaptation\/services-et-cliniques\/programme-des-troubles-neuromusculaires\/readaptation-respiratoire-en-cas-de-maladie-neuromusculaire\/","title":{"rendered":"R\u00e9adaptation respiratoire en cas de maladie neuromusculaire"},"content":{"rendered":"<p>Les personnes qui ont une maladie neuromusculaire ou une blessure m\u00e9dullaire et de la difficult\u00e9 \u00e0 respirer (p. ex. scl\u00e9rose lat\u00e9rale amyotrophique, scl\u00e9rose en plaques ou syndrome post-polio) ont besoin d\u2019aides respiratoires diff\u00e9rentes de celles dont ont besoin les personnes qui vivent avec une maladie pulmonaire chronique (p. ex. bronchite chronique ou emphys\u00e8me).<\/p>\n<p>Les muscles qui permettent de respirer et de tousser sont en g\u00e9n\u00e9ral faibles chez les personnes qui ont une maladie neuromusculaire ou une blessure m\u00e9dullaire. Elles parviennent quand m\u00eame \u00e0 faire leurs activit\u00e9s quotidiennes sans trop de difficult\u00e9 respiratoire, sauf si elles contractent une infection ou si la maladie s\u2019aggrave. La prise de mesures pr\u00e9ventives de maintien des voies respiratoires peut aider \u00e0 pr\u00e9venir des visites \u00e0 l\u2019h\u00f4pital et des hospitalisations d\u2019urgence, tout en permettant aux patients de demeurer autonome \u00e0 la maison.<\/p>\n<p>Le personnel des Services respiratoires dispose d\u2019installations CANVent (Canadian Alternatives in Noninvasive Ventilation) et utilise des techniques de maintien des voies respiratoires non invasives depuis 1995. Il a am\u00e9lior\u00e9 les soins offerts aux personnes qui ont une maladie neuromusculaire dans l\u2019ensemble du Canada. Sa grande expertise et la satisfaction accrue des patients lui valent des demandes de consultation et de formation des quatre coins de la plan\u00e8te. Le D<sup>r<\/sup> Douglas McKim, directeur m\u00e9dical des Services respiratoires, a d\u2019ailleurs particip\u00e9 \u00e0 la r\u00e9daction des premi\u00e8res lignes<a href=\"https:\/\/cts-sct.ca\/wp-content\/uploads\/2018\/01\/CTS-HMV-Executive-Summary-2011_Final.pdf\" target=\"_blank\" rel=\"noopener\">\u00a0directrices canadiennes sur la ventilation assist\u00e9e \u00e0 domicile.<\/a><\/p>\n<h2>Nos services<\/h2>\n<p>Les installations CANVent, parmi les plus novatrices, permettent de cibler les patients qui risquent d\u2019avoir besoin de ventilation \u00e0 long terme tr\u00e8s t\u00f4t au d\u00e9but de la maladie.<\/p>\n<p>Notre \u00e9quipe offre des services de consultation et d\u2019information sur la ventilation non invasive pour permettre aux patients et \u00e0 leur famille de choisir le traitement qui convient le mieux \u00e0 leur style de vie.<\/p>\n<p>Aper\u00e7u du programme<\/p>\n<ul>\n<li>Examens respiratoires sp\u00e9cialis\u00e9s<\/li>\n<li>Augmentation du volume d\u2019air dans les poumons<\/li>\n<li>Augmentation de la souplesse des poumons et de la cage thoracique<\/li>\n<li>Am\u00e9lioration des techniques de toux<\/li>\n<li>Pr\u00e9vention des infections<\/li>\n<li>Am\u00e9lioration de l\u2019autonomie gr\u00e2ce \u00e0 une bonne hygi\u00e8ne des poumons<\/li>\n<li>\u00c9valuation de la pr\u00e9sence de troubles respiratoires pendant le sommeil<\/li>\n<li>Soutien des muscles respiratoires pendant jusqu\u2019\u00e0 24 heures par jour avec des aides m\u00e9caniques comme un appareil \u00e0 double niveau et un respirateur<\/li>\n<li>Enseignement de strat\u00e9gies pour \u00e9viter une trach\u00e9ostomie<\/li>\n<li>Aide \u00e0 la prise de d\u00e9cisions en mati\u00e8re de ventilation<\/li>\n<li>Formation des patients et des fournisseurs de soins sur l\u2019utilisation d\u2019aides \u00e0 la respiration et le soutien des muscles respiratoires<\/li>\n<\/ul>\n<h2>Notre \u00e9quipe<\/h2>\n<ul>\n<li>Pneumologue<\/li>\n<li>Th\u00e9rapeute respiratoire inscrit<\/li>\n<li>Infirmi\u00e8re autoris\u00e9e<\/li>\n<\/ul>\n<h2>Rendez-vous<\/h2>\n<p>Nous traitons les patients de 18 ans ou plus qui ont obtenu un des diagnostics suivants\u00a0:<\/p>\n<ul>\n<li>Dystrophie musculaire<\/li>\n<li>Myopathies<\/li>\n<li>Troubles neurologiques<\/li>\n<li>scl\u00e9rose lat\u00e9rale amyotrophique et autres maladies du neurone moteur, poliomy\u00e9lite, neuropathies, paralysie du diaphragme, syndrome de Guillain-Barr\u00e9, scl\u00e9rose en plaques, ataxie de Friedreich, blessures m\u00e9dullaires, etc.<\/li>\n<li>Troubles squelettiques comme la cyphoscoliose<\/li>\n<\/ul>\n<h2>Autres ressources (en anglais seulement)<\/h2>\n<ul>\n<li><a href=\"https:\/\/www.irrd.ca\/education\/presentation.asp?refname=e2r1\" target=\"_blank\" rel=\"noopener\">Protocoles de soins respiratoires : Introduction<\/a><\/li>\n<li><a href=\"https:\/\/www.irrd.ca\/education\/presentation.asp?refname=e2r2\" target=\"_blank\" rel=\"noopener\">Protocoles de soins respiratoires : Anatomie et physiologie<\/a><\/li>\n<li><a href=\"https:\/\/www.irrd.ca\/education\/presentation.asp?refname=e2r3\" target=\"_blank\" rel=\"noopener\">Protocoles de soins respiratoires : Plan clinique<\/a><\/li>\n<li><a href=\"https:\/\/www.irrd.ca\/education\/presentation.asp?refname=e2r4\" target=\"_blank\" rel=\"noopener\">Protocoles de soins respiratoires : Interventions<\/a><\/li>\n<li><a href=\"https:\/\/www.irrd.ca\/education\/presentation.asp?refname=e2r5\" target=\"_blank\" rel=\"noopener\">Appareil d\u2019insufflation-exsufflation CoughAssist MI-E<\/a><\/li>\n<\/ul>\n<h2>Pour nous joindre<\/h2>\n<p>Pour obtenir plus de renseignements, n\u2019h\u00e9sitez pas \u00e0 <a href=\"\/fr\/services-cliniques\/deptpgrmcs\/departements\/centre-de-readaptation\/au-sujet-du-centre-de-readaptation\/pour-nous-joindre\/\">communiquer avec nous<\/a>.<\/p>\n","protected":false},"excerpt":{"rendered":"<p>Les personnes qui ont une maladie neuromusculaire ou une blessure m\u00e9dullaire et de la difficult\u00e9 \u00e0 respirer (p. ex. scl\u00e9rose lat\u00e9rale amyotrophique, scl\u00e9rose en plaques ou syndrome post-polio) ont besoin d\u2019aides respiratoires diff\u00e9rentes de celles dont ont besoin les personnes qui vivent avec une maladie pulmonaire chronique (p. ex. bronchite chronique ou emphys\u00e8me). Les muscles [&hellip;]<\/p>\n","protected":false},"author":25,"featured_media":0,"parent":12895,"menu_order":2,"comment_status":"closed","ping_status":"closed","template":"","meta":{"_acf_changed":false,"_mc_calendar":[],"footnotes":""},"class_list":["post-12911","page","type-page","status-publish","hentry"],"acf":[],"wps_subtitle":"","_links":{"self":[{"href":"https:\/\/www.ottawahospital.on.ca\/fr\/wp-json\/wp\/v2\/pages\/12911","targetHints":{"allow":["GET"]}}],"collection":[{"href":"https:\/\/www.ottawahospital.on.ca\/fr\/wp-json\/wp\/v2\/pages"}],"about":[{"href":"https:\/\/www.ottawahospital.on.ca\/fr\/wp-json\/wp\/v2\/types\/page"}],"author":[{"embeddable":true,"href":"https:\/\/www.ottawahospital.on.ca\/fr\/wp-json\/wp\/v2\/users\/25"}],"replies":[{"embeddable":true,"href":"https:\/\/www.ottawahospital.on.ca\/fr\/wp-json\/wp\/v2\/comments?post=12911"}],"version-history":[{"count":0,"href":"https:\/\/www.ottawahospital.on.ca\/fr\/wp-json\/wp\/v2\/pages\/12911\/revisions"}],"up":[{"embeddable":true,"href":"https:\/\/www.ottawahospital.on.ca\/fr\/wp-json\/wp\/v2\/pages\/12895"}],"wp:attachment":[{"href":"https:\/\/www.ottawahospital.on.ca\/fr\/wp-json\/wp\/v2\/media?parent=12911"}],"curies":[{"name":"wp","href":"https:\/\/api.w.org\/{rel}","templated":true}]}}