{"id":12895,"date":"2016-12-02T15:48:45","date_gmt":"2016-12-02T20:48:45","guid":{"rendered":"http:\/\/52.229.122.34\/fr\/?page_id=12895"},"modified":"2017-08-08T14:14:53","modified_gmt":"2017-08-08T18:14:53","slug":"programme-des-troubles-neuromusculaires","status":"publish","type":"page","link":"https:\/\/www.ottawahospital.on.ca\/fr\/services-cliniques\/deptpgrmcs\/departements\/centre-de-readaptation\/services-et-cliniques\/programme-des-troubles-neuromusculaires\/","title":{"rendered":"Programme des troubles neuromusculaires"},"content":{"rendered":"<p>Le personnel du Programme des troubles neuromusculaires offre des services de r\u00e9adaptation aux personnes victimes d\u2019un traumatisme m\u00e9dullaire (l\u00e9sion de la moelle \u00e9pini\u00e8re) ou atteintes de maladies neuromusculaires, comme la scl\u00e9rose en plaques et la scl\u00e9rose lat\u00e9rale amyotrophique (maladie de Lou-Gehrig), qui affaiblissent principalement leur capacit\u00e9 physique. Une \u00e9quipe interdisciplinaire aide les patients \u00e0 atteindre leur plein potentiel afin qu\u2019ils puissent retourner vivre chez eux ou dans la collectivit\u00e9.<\/p>\n<h2>Nos Services<\/h2>\n<p><strong>Services pour patients hospitalis\u00e9s<\/strong><br \/>\nLes services pour patients hospitalis\u00e9s sont offerts \u00e0 l\u2019Unit\u00e9 B, qui est situ\u00e9e au 2<sup>e\u00a0<\/sup>\u00e9tage du Centre de r\u00e9adaptation de L\u2019H\u00f4pital d\u2019Ottawa. Cette unit\u00e9 admet habituellement des patients provenant d\u2019\u00e9tablissements de soins de courte dur\u00e9e, mais les personnes qui vivent dans la collectivit\u00e9 peuvent aussi y \u00eatre admises si les services externes ne parviennent pas \u00e0 r\u00e9pondre \u00e0 tous leurs besoins.<\/p>\n<p><strong>Services externes<\/strong><br \/>\nLes services externes sont offerts \u00e0 divers endroits, y compris \u00e0 la clinique externe, qui se trouve au 1<sup>er<\/sup>\u00a0\u00e9tage du Centre de r\u00e9adaptation, et dans les bureaux des membres de l\u2019\u00e9quipe. Le suivi des patients externes se fait \u00e0 la Clinique de traitement des l\u00e9sions c\u00e9r\u00e9brales acquises. On peut \u00e0 ce moment discuter des probl\u00e8mes qu\u2019ils vivent parfois apr\u00e8s leur sortie de l\u2019h\u00f4pital. Le m\u00e9decin de famille ou un autre sp\u00e9cialiste peut diriger les nouveaux patients vers les services externes.<\/p>\n<h2>Notre \u00e9quipe<\/h2>\n<p>Notre \u00e9quipe d\u00e9vou\u00e9e comprend des professionnels de diff\u00e9rentes disciplines\u00a0:<\/p>\n<ul>\n<li>Nutrition clinique<\/li>\n<li>M\u00e9decine<\/li>\n<li>Soins infirmiers<\/li>\n<li>Ergoth\u00e9rapie<\/li>\n<li>Pharmacie<\/li>\n<li>Physioth\u00e9rapie<\/li>\n<li>Psychologie<\/li>\n<li>Th\u00e9rapie respiratoire<\/li>\n<li>Service social<\/li>\n<li>Loisirs th\u00e9rapeutiques<\/li>\n<li>R\u00e9adaptation professionnelle<\/li>\n<li>Orthophonie<\/li>\n<\/ul>\n<h2>Rendez-vous<\/h2>\n<p>Un m\u00e9decin doit envoyer une demande de service pour obtenir un rendez-vous ou faire admettre un patient. Pour avoir plus de renseignements, appelez \u00e0 un des num\u00e9ros suivants\u00a0:<\/p>\n<ul>\n<li><strong>Demande de consultation pour patient hospitalis\u00e9 <\/strong>(2<sup>e<\/sup> \u00e9tage du Centre de r\u00e9adaptation)\u00a0: 613-737-7350, poste 7550<\/li>\n<li><strong>Demande de consultation pour patient externe<\/strong> (rez-de-chauss\u00e9e du Centre de r\u00e9adaptation, pr\u00e8s de l\u2019entr\u00e9e principale)\u00a0: 613-737-7350, poste 75615<\/li>\n<li><strong>T\u00e9l\u00e9copieur\u00a0:<\/strong> 613-733-8336<\/li>\n<\/ul>\n<h2>Pour nous joindre<\/h2>\n<p>Programme des troubles neuromusculaires<br \/>\nCentre de r\u00e9adaptation de L\u2019H\u00f4pital d\u2019Ottawa<br \/>\n505, chemin Smyth<br \/>\nOttawa ON K1H 8M2<br \/>\nT\u00e9l\u00e9phone : 613-737-7350<br \/>\nT\u00e9l\u00e9copieur : 613-733-8336<\/p>\n","protected":false},"excerpt":{"rendered":"<p>Le personnel du Programme des troubles neuromusculaires offre des services de r\u00e9adaptation aux personnes victimes d\u2019un traumatisme m\u00e9dullaire (l\u00e9sion de la moelle \u00e9pini\u00e8re) ou atteintes de maladies neuromusculaires, comme la scl\u00e9rose en plaques et la scl\u00e9rose lat\u00e9rale amyotrophique (maladie de Lou-Gehrig), qui affaiblissent principalement leur capacit\u00e9 physique. Une \u00e9quipe interdisciplinaire aide les patients \u00e0 atteindre [&hellip;]<\/p>\n","protected":false},"author":25,"featured_media":0,"parent":12791,"menu_order":16,"comment_status":"closed","ping_status":"closed","template":"","meta":{"_acf_changed":false,"_mc_calendar":[],"footnotes":""},"class_list":["post-12895","page","type-page","status-publish","hentry"],"acf":[],"wps_subtitle":"","_links":{"self":[{"href":"https:\/\/www.ottawahospital.on.ca\/fr\/wp-json\/wp\/v2\/pages\/12895","targetHints":{"allow":["GET"]}}],"collection":[{"href":"https:\/\/www.ottawahospital.on.ca\/fr\/wp-json\/wp\/v2\/pages"}],"about":[{"href":"https:\/\/www.ottawahospital.on.ca\/fr\/wp-json\/wp\/v2\/types\/page"}],"author":[{"embeddable":true,"href":"https:\/\/www.ottawahospital.on.ca\/fr\/wp-json\/wp\/v2\/users\/25"}],"replies":[{"embeddable":true,"href":"https:\/\/www.ottawahospital.on.ca\/fr\/wp-json\/wp\/v2\/comments?post=12895"}],"version-history":[{"count":0,"href":"https:\/\/www.ottawahospital.on.ca\/fr\/wp-json\/wp\/v2\/pages\/12895\/revisions"}],"up":[{"embeddable":true,"href":"https:\/\/www.ottawahospital.on.ca\/fr\/wp-json\/wp\/v2\/pages\/12791"}],"wp:attachment":[{"href":"https:\/\/www.ottawahospital.on.ca\/fr\/wp-json\/wp\/v2\/media?parent=12895"}],"curies":[{"name":"wp","href":"https:\/\/api.w.org\/{rel}","templated":true}]}}