{"id":12890,"date":"2016-12-02T15:46:54","date_gmt":"2016-12-02T20:46:54","guid":{"rendered":"http:\/\/52.229.122.34\/fr\/?page_id=12890"},"modified":"2016-12-02T15:46:54","modified_gmt":"2016-12-02T20:46:54","slug":"service-de-readaptation-musculosquelettique","status":"publish","type":"page","link":"https:\/\/www.ottawahospital.on.ca\/fr\/services-cliniques\/deptpgrmcs\/departements\/centre-de-readaptation\/services-et-cliniques\/programme-des-troubles-locomoteurs\/service-de-readaptation-musculosquelettique\/","title":{"rendered":"Service de r\u00e9adaptation musculosquelettique"},"content":{"rendered":"<p>Le personnel du Service de r\u00e9adaptation musculosquelettique du Centre de r\u00e9adaptation de L\u2019H\u00f4pital d\u2019Ottawa \u00e9value, traite et renseigne les patients qui ont diff\u00e9rents troubles musculosquelettiques complexes et ont besoin de service de r\u00e9adaptation. Un physiatre (m\u00e9decin sp\u00e9cialis\u00e9 en r\u00e9adaptation) \u00e9value chaque patient pour d\u00e9terminer s\u2019il peut b\u00e9n\u00e9ficier du Service. Une \u00e9quipe interdisciplinaire \u00e9tablit ensuite un programme de r\u00e9adaptation adapt\u00e9 aux objectifs du patient.<\/p>\n<p>Le Service de r\u00e9adaptation comprend un programme con\u00e7u pour les personnes qui ont des troubles orthop\u00e9diques complexes et un autre con\u00e7u pour les amput\u00e9s.<\/p>\n<h2>Objectifs<\/h2>\n<ul>\n<li>Offrir des services sp\u00e9cialis\u00e9s qui comprennent une \u00e9valuation, des mesures pr\u00e9ventives, un traitement et la planification du cong\u00e9.<\/li>\n<li>Optimiser l\u2019autonomie du patient.<\/li>\n<li>Promouvoir l\u2019\u00e9ducation, la recherche et la repr\u00e9sentation des patients qui ont des besoins complexes \u00e0 cause d\u2019un trouble musculosquelettique ou d\u2019une amputation.<\/li>\n<\/ul>\n<h2>Nos services<\/h2>\n<p>Nous traitons les patients amput\u00e9s d\u2019un membre (inf\u00e9rieur ou sup\u00e9rieur). Nous aidons ceux qui peuvent recevoir une proth\u00e8se \u00e0 apprendre \u00e0 l\u2019utiliser afin qu\u2019ils puissent reprendre leurs activit\u00e9s quotidiennes. Notre \u00e9quipe surveille la gu\u00e9rison de la plaie et aide \u00e0 contr\u00f4ler la douleur tout en tenant compte de l\u2019impact physique et psychosocial de la perte d\u2019un membre.<\/p>\n<p>Nous traitons \u00e9galement les patients qui ont de multiples fractures ou traumatismes, de graves br\u00fblures ou qui sont affaiblis par une hospitalisation prolong\u00e9e. Nous aidons les patients qui sont le plus susceptibles de tirer profit d\u2019une approche interdisciplinaire visant \u00e0 optimiser le r\u00e9tablissement et la r\u00e9adaptation.<\/p>\n<p>Les patients peuvent \u00eatre hospitalis\u00e9s, suivis en clinique externe ou \u00eatre admissibles au Programme de r\u00e9adaptation locomotrice.<\/p>\n<p>Nous r\u00e9servons les <strong>lits<\/strong> aux patients qui ont besoin d\u2019une r\u00e9adaptation intensive et\u00a0:<\/p>\n<ul>\n<li>n\u2019ont pas assez de soutien \u00e0 la maison ou ne sont pas fonctionnels sur le plan physique<\/li>\n<li>ont des troubles m\u00e9dicaux complexes<\/li>\n<li>ont besoin de soins infirmiers ou de supervision 24\u00a0heures sur 24<\/li>\n<li>ont des probl\u00e8mes de transport ou r\u00e9sident loin du Centre de r\u00e9adaptation.<\/li>\n<\/ul>\n<p><strong>Les patients doivent retrouver un certain degr\u00e9 de niveau fonctionnel avant de retourner \u00e0 la maison ou d\u2019aller dans un \u00e9tablissement de soins de longue dur\u00e9e.<\/strong><\/p>\n<p><strong>Nous les encourageons \u00e0 retourner chez eux la fin de semaine d\u00e8s que nous jugeons que c\u2019est s\u00e9curitaire et qu\u2019ils sont assez autonomes pour se d\u00e9brouiller \u00e0 l\u2019ext\u00e9rieur de l\u2019h\u00f4pital. Cela les aide \u00e0 se pr\u00e9parer pour le d\u00e9part d\u00e9finitif de l\u2019h\u00f4pital et leur donne l\u2019occasion de mettre en pratique les aptitudes apprises.<\/strong><\/p>\n<p><strong>Nous consultons les membres de la famille et d\u2019autres professionnels de la sant\u00e9 au besoin pour donner au patient et \u00e0 sa famille des renseignements qui leur permettront d\u2019optimiser l\u2019autonomie du patient \u00e0 la maison et dans la collectivit\u00e9.<\/strong><\/p>\n<p>Nous disposons de 16\u00a0lits, dont 8 pour les patients amput\u00e9s et 8 pour les patients qui ont des troubles orthop\u00e9diques complexes ou les autres probl\u00e8mes d\u00e9crits pr\u00e9c\u00e9demment.<\/p>\n<p>Nous pouvons aussi offrir un lit aux patients admis dans le Programme de r\u00e9adaptation locomotrice. Ces patients passent la journ\u00e9e \u00e0 l\u2019H\u00f4pital pour recevoir des soins infirmiers et des traitements et retournent chez eux \u00e0 la fin de la journ\u00e9e.<\/p>\n<p>Nous suivons les patients en <strong>clinique externe<\/strong> lorsqu\u2019ils ont besoin d\u2019une \u00e9valuation><br \/>\n type=\u00a0\u00bbdisc\u00a0\u00bb><\/p>\n<li>Nutrition<\/li>\n<li>Soins infirmiers<\/li>\n<li>Ergoth\u00e9rapie<\/li>\n<li>Soins spirituels<\/li>\n<li>Pharmacie<\/li>\n<li>Physioth\u00e9rapie<\/li>\n<li>Psychologie et neuropsychologie<\/li>\n<li>Loisirs th\u00e9rapeutiques<\/li>\n<li>Service social<\/li>\n<li>R\u00e9adaptation professionnelle<\/li>\n<\/ul>\n<p>Remarque\u00a0: Les patients peuvent aussi b\u00e9n\u00e9ficier de l\u2019expertise de professionnels d\u2019autres disciplines au besoin.<\/p>\n<h2>Rendez-vous<\/h2>\n<p>Avant d\u2019admettre un patient dans le Service de r\u00e9adaptation musculosquelettique, nous faisons une \u00e9valuation m\u00e9dicale pour d\u00e9terminer s\u2019il a besoin d\u2019une r\u00e9adaptation intensive et s\u2019il doit \u00eatre hospitalis\u00e9.<\/p>\n<p>Un m\u00e9decin doit envoyer une demande de service. Nous acceptons les patients qui\u00a0:<\/p>\n<ul>\n<li>sont \u00e2g\u00e9s de 18\u00a0ans ou plus<\/li>\n<li>sont stables sur le plan m\u00e9dical<\/li>\n<li>ont subi plusieurs traumatismes ou sont affaiblis par une hospitalisation prolong\u00e9e<\/li>\n<li>sont capables de mettre leur poids sur le membre touch\u00e9<\/li>\n<li>sont capables de s\u2019asseoir ou de sortir du lit pendant deux heures deux fois par jour<\/li>\n<li>pourront maintenir les gains fonctionnels acquis pendant la r\u00e9adaptation.<\/li>\n<\/ul>\n<p>Nous \u00e9valuons les personnes amput\u00e9es pour d\u00e9terminer si elles peuvent utiliser une proth\u00e8se en toute s\u00e9curit\u00e9.<\/p>\n<p>Veuillez noter que nous collaborons avec le personnel du Centre hospitalier pour enfants de l\u2019est de l\u2019Ontario (CHEO) pour d\u00e9terminer quel \u00e9tablissement est le mieux adapt\u00e9 pour traiter les patients \u00e2g\u00e9s de 16 \u00e0 18 ans (soit le CHEO ou le Centre de r\u00e9adaptation).<\/p>\n<h2>Pour nous joindre<\/h2>\n<p>Centre de r\u00e9adaptation de L\u2019H\u00f4pital d\u2019Ottawa<br \/>\n505, chemin Smyth<br \/>\nOttawa ON K1H 8M2<br \/>\nT\u00e9l\u00e9phone\u00a0: 613-737-7350, poste 75508<br \/>\nT\u00e9l\u00e9copieur\u00a0: 613-733-8336<\/p>\n","protected":false},"excerpt":{"rendered":"<p>Le personnel du Service de r\u00e9adaptation musculosquelettique du Centre de r\u00e9adaptation de L\u2019H\u00f4pital d\u2019Ottawa \u00e9value, traite et renseigne les patients qui ont diff\u00e9rents troubles musculosquelettiques complexes et ont besoin de service de r\u00e9adaptation. Un physiatre (m\u00e9decin sp\u00e9cialis\u00e9 en r\u00e9adaptation) \u00e9value chaque patient pour d\u00e9terminer s\u2019il peut b\u00e9n\u00e9ficier du Service. Une \u00e9quipe interdisciplinaire \u00e9tablit ensuite un [&hellip;]<\/p>\n","protected":false},"author":25,"featured_media":0,"parent":12862,"menu_order":4,"comment_status":"closed","ping_status":"closed","template":"","meta":{"_acf_changed":false,"_mc_calendar":[],"footnotes":""},"class_list":["post-12890","page","type-page","status-publish","hentry"],"acf":[],"wps_subtitle":"","_links":{"self":[{"href":"https:\/\/www.ottawahospital.on.ca\/fr\/wp-json\/wp\/v2\/pages\/12890","targetHints":{"allow":["GET"]}}],"collection":[{"href":"https:\/\/www.ottawahospital.on.ca\/fr\/wp-json\/wp\/v2\/pages"}],"about":[{"href":"https:\/\/www.ottawahospital.on.ca\/fr\/wp-json\/wp\/v2\/types\/page"}],"author":[{"embeddable":true,"href":"https:\/\/www.ottawahospital.on.ca\/fr\/wp-json\/wp\/v2\/users\/25"}],"replies":[{"embeddable":true,"href":"https:\/\/www.ottawahospital.on.ca\/fr\/wp-json\/wp\/v2\/comments?post=12890"}],"version-history":[{"count":0,"href":"https:\/\/www.ottawahospital.on.ca\/fr\/wp-json\/wp\/v2\/pages\/12890\/revisions"}],"up":[{"embeddable":true,"href":"https:\/\/www.ottawahospital.on.ca\/fr\/wp-json\/wp\/v2\/pages\/12862"}],"wp:attachment":[{"href":"https:\/\/www.ottawahospital.on.ca\/fr\/wp-json\/wp\/v2\/media?parent=12890"}],"curies":[{"name":"wp","href":"https:\/\/api.w.org\/{rel}","templated":true}]}}