{"id":12862,"date":"2016-12-02T15:27:35","date_gmt":"2016-12-02T20:27:35","guid":{"rendered":"http:\/\/52.229.122.34\/fr\/?page_id=12862"},"modified":"2021-09-27T14:39:13","modified_gmt":"2021-09-27T18:39:13","slug":"programme-des-troubles-locomoteurs","status":"publish","type":"page","link":"https:\/\/www.ottawahospital.on.ca\/fr\/services-cliniques\/deptpgrmcs\/departements\/centre-de-readaptation\/services-et-cliniques\/programme-des-troubles-locomoteurs\/","title":{"rendered":"Programme des troubles locomoteurs"},"content":{"rendered":"<h2>Vue d&rsquo;ensemble<\/h2>\n<p>Le personnel du Programme des troubles locomoteurs \u00e9value, traite, et informe les patients qui ont des d\u00e9ficiences physiques ou ont subi des traumatismes. L\u2019objectif est d\u2019aider les patients \u00e0 s\u2019adapter \u00e0 leur situation et \u00e0 vivre de fa\u00e7on autonome. Un physiatre (m\u00e9decin sp\u00e9cialis\u00e9 en r\u00e9adaptation) examine d\u2019abord chaque patient pour d\u00e9terminer si le programme peut lui venir en aide. Les membres d\u2019une \u00e9quipe de professionnels de la sant\u00e9 collaborent ensuite pour \u00e9tablir le meilleur plan de traitement en tenant compte des objectifs du patient.<\/p>\n<h2>Nos services<\/h2>\n<p>Le Programme des troubles locomoteurs offre des soins interdisciplinaires aux patients hospitalis\u00e9s et aux patients externes ayant des <strong>troubles musculosquelettiques<\/strong>. Il prend en charge les cas suivants\u00a0:<\/p>\n<ul>\n<li>patients ayant subi une amputation<\/li>\n<li>patients qui ont subi plusieurs traumatismes pendant un accident ou de graves br\u00fblures<\/li>\n<li>patients rest\u00e9s longtemps \u00e0 l\u2019h\u00f4pital ou aux soins intensifs en raison de leur \u00e9tat de sant\u00e9<\/li>\n<li>patients faibles ou qui ont peu d\u2019endurance apr\u00e8s une chirurgie ou une maladie<\/li>\n<li>patients \u00e9prouvant des douleurs et recevant un traitement pour r\u00e9duire ou \u00e9liminer la douleur et am\u00e9liorer leur qualit\u00e9 de vie<\/li>\n<li>patients qui n\u2019ont pas de probl\u00e8mes neurologiques et ont besoin d\u2019un traitement pour r\u00e9gler des probl\u00e8mes d\u2019articulation ou de mobilit\u00e9<\/li>\n<\/ul>\n<p>Le Programme des troubles locomoteurs prend aussi en charge les patients hospitalis\u00e9s et les patients externes qui sont atteints d\u2019une <strong>maladie pulmonaire<\/strong>.<\/p>\n<ul>\n<li>Patients souffrant de troubles respiratoires comme l\u2019emphys\u00e8me, une bronchite chronique, une bronchectasie (dilatation des bronches), l\u2019asthme<\/li>\n<li>patients atteints de fibrose pulmonaire, du poumon de fermier ou d\u2019autres troubles pulmonaires restrictifs<\/li>\n<li>patients qui ont eu ou vont avoir une chirurgie comme une transplantation de poumon ou une r\u00e9duction du volume pulmonaire<\/li>\n<li>patients adultes atteints de fibrose kystique<\/li>\n<\/ul>\n<p><strong><br \/>\n<\/strong><a href=\"\/fr\/services-cliniques\/deptpgrmcs\/programmes\/programme-de-gestion-de-la-douleur-chronique\/\"><strong>Programme de gestion de la douleur chronique<span style=\"display: none;\">Lien vers la page du Programme de gestion de la douleur chronique<\/span><\/strong><\/a><strong><br \/>\n<\/strong>Le Programme de gestion de la douleur chronique est con\u00e7u pour les patients externes. Une \u00e9quipe interdisciplinaire de professionnels de la sant\u00e9 offre aux patients des s\u00e9ances de traitement en groupe pour les aider \u00e0 contr\u00f4ler la douleur qui ne peut \u00eatre soulag\u00e9e par un traitement m\u00e9dical appropri\u00e9, par exemple la fibromyalgie, la douleur chronique au dos ou au cou et certains types de douleurs nerveuses.<\/p>\n<p>L\u2019objectif n\u2019est pas d\u2019\u00e9liminer la douleur. Nous renseignons les patients pour leur montrer comment am\u00e9liorer leurs capacit\u00e9s physiques et leur sant\u00e9 \u00e9motionnelle. Ils apprennent des aptitudes et des techniques pour mieux contr\u00f4ler leur douleur et r\u00e9duire ses r\u00e9percussions dans la vie quotidienne. Les personnes int\u00e9ress\u00e9es par le programme peuvent simplement s\u2019adresser \u00e0 un membre de leur cercle de soins pour en b\u00e9n\u00e9ficier.<\/p>\n<p><a href=\"\/fr\/services-cliniques\/deptpgrmcs\/departements\/centre-de-readaptation\/services-et-cliniques\/programme-des-troubles-locomoteurs\/programme-de-readaptation-respiratoire-en-cas-de-maladie-pulmonaire-obstructive-chronique\/\"><strong>Programme de r\u00e9adaptation pulmonaire<\/strong><\/a><strong><br \/>\n<\/strong>Le personnel du Programme de r\u00e9adaptation pulmonaire aide les patients qui ont une maladie pulmonaire chronique \u00e0 accro\u00eetre leur autonomie et \u00e0 surmonter les limitations physiques caus\u00e9es par la maladie. Les personnes int\u00e9ress\u00e9es par le programme peuvent aussi s\u2019adresser \u00e0 un membre de leur cercle de soins pour en b\u00e9n\u00e9ficier.<\/p>\n<p><a href=\"\/fr\/services-cliniques\/deptpgrmcs\/departements\/centre-de-readaptation\/services-et-cliniques\/programme-des-troubles-locomoteurs\/programme-des-troubles-locomoteurs-clinique-externe\/\"><strong>Programme de r\u00e9adaptation locomotrice<\/strong><\/a><strong><br \/>\n<\/strong>Certains patients admis dans le Programme des troubles locomoteurs peuvent \u00eatre admissibles au Programme de r\u00e9adaptation locomotrice. Ces patients passent la journ\u00e9e au Centre de r\u00e9adaptation pour recevoir des soins et des traitements, mais ils retournent chez eux le soir. Les personnes int\u00e9ress\u00e9es par le programme peuvent aussi s\u2019adresser \u00e0 un membre de leur cercle de soins pour en b\u00e9n\u00e9ficier.<\/p>\n<h2>Notre \u00e9quipe<\/h2>\n<p>Notre \u00e9quipe comprend des sp\u00e9cialistes des domaines suivants\u00a0:<\/p>\n<ul>\n<li>Nutrition clinique<\/li>\n<li>M\u00e9decine<\/li>\n<li>Soins infirmiers<\/li>\n<li>Ergoth\u00e9rapie<\/li>\n<li>Pharmacie<\/li>\n<li>Physioth\u00e9rapie<\/li>\n<li>Psychologie<\/li>\n<li>Th\u00e9rapie respiratoire<\/li>\n<li>Service social<\/li>\n<li>Loisirs th\u00e9rapeutiques<\/li>\n<li>R\u00e9adaptation professionnelle<\/li>\n<li>Orthophonie<\/li>\n<\/ul>\n<h2>Rendez-vous<\/h2>\n<p>Un m\u00e9decin doit faire une demande de service pour obtenir un rendez-vous pour un patient. Les patients admissibles obtiennent un rendez-vous pour consulter un physiatre, un pneumologue ou un autre professionnel de la sant\u00e9 qui \u00e9valuera leur \u00e9tat de sant\u00e9 et fixera des objectifs. Ils peuvent \u00eatre dirig\u00e9s vers divers domaines cliniques au Centre de r\u00e9adaptation au besoin. Les patients admissibles sont inscrits sur une liste d\u2019attente. Ils sont admis dans le Programme quand ils sont jug\u00e9s m\u00e9dicalement pr\u00eats et aptes \u00e0 b\u00e9n\u00e9ficier de la r\u00e9adaptation.<\/p>\n<h2>Pour nous joindre<\/h2>\n<p>Centre de r\u00e9adaptation de L\u2019H\u00f4pital d\u2019Ottawa<br \/>\n505, chemin Smyth<br \/>\nOttawa ON K1H 8M2<br \/>\nT\u00e9l\u00e9phone : 613-737-7350, poste 75508<br \/>\nT\u00e9l\u00e9copieur : 613-733-8336<\/p>\n","protected":false},"excerpt":{"rendered":"<p>Vue d&rsquo;ensemble Le personnel du Programme des troubles locomoteurs \u00e9value, traite, et informe les patients qui ont des d\u00e9ficiences physiques ou ont subi des traumatismes. L\u2019objectif est d\u2019aider les patients \u00e0 s\u2019adapter \u00e0 leur situation et \u00e0 vivre de fa\u00e7on autonome. Un physiatre (m\u00e9decin sp\u00e9cialis\u00e9 en r\u00e9adaptation) examine d\u2019abord chaque patient pour d\u00e9terminer si le [&hellip;]<\/p>\n","protected":false},"author":25,"featured_media":0,"parent":12791,"menu_order":14,"comment_status":"closed","ping_status":"closed","template":"","meta":{"_acf_changed":false,"_mc_calendar":[],"footnotes":""},"class_list":["post-12862","page","type-page","status-publish","hentry"],"acf":[],"wps_subtitle":"","_links":{"self":[{"href":"https:\/\/www.ottawahospital.on.ca\/fr\/wp-json\/wp\/v2\/pages\/12862","targetHints":{"allow":["GET"]}}],"collection":[{"href":"https:\/\/www.ottawahospital.on.ca\/fr\/wp-json\/wp\/v2\/pages"}],"about":[{"href":"https:\/\/www.ottawahospital.on.ca\/fr\/wp-json\/wp\/v2\/types\/page"}],"author":[{"embeddable":true,"href":"https:\/\/www.ottawahospital.on.ca\/fr\/wp-json\/wp\/v2\/users\/25"}],"replies":[{"embeddable":true,"href":"https:\/\/www.ottawahospital.on.ca\/fr\/wp-json\/wp\/v2\/comments?post=12862"}],"version-history":[{"count":0,"href":"https:\/\/www.ottawahospital.on.ca\/fr\/wp-json\/wp\/v2\/pages\/12862\/revisions"}],"up":[{"embeddable":true,"href":"https:\/\/www.ottawahospital.on.ca\/fr\/wp-json\/wp\/v2\/pages\/12791"}],"wp:attachment":[{"href":"https:\/\/www.ottawahospital.on.ca\/fr\/wp-json\/wp\/v2\/media?parent=12862"}],"curies":[{"name":"wp","href":"https:\/\/api.w.org\/{rel}","templated":true}]}}