{"id":12839,"date":"2016-12-02T14:57:29","date_gmt":"2016-12-02T19:57:29","guid":{"rendered":"http:\/\/52.229.122.34\/fr\/?page_id=12839"},"modified":"2025-03-05T07:55:35","modified_gmt":"2025-03-05T12:55:35","slug":"centre-robin-easey","status":"publish","type":"page","link":"https:\/\/www.ottawahospital.on.ca\/fr\/services-cliniques\/deptpgrmcs\/departements\/centre-de-readaptation\/services-et-cliniques\/programme-de-lesions-cerebrales-acquises\/centre-robin-easey\/","title":{"rendered":"Centre Robin Easey"},"content":{"rendered":"\n<h2 class=\"wp-block-heading\">\u00c0 propos du Centre\u200b<\/h2>\n\n\n\n<p>Au Centre Robin Easey, nous offrons aux adultes qui ont subi une l\u00e9sion c\u00e9r\u00e9brale des services ax\u00e9s sur l\u2019am\u00e9lioration de l\u2019autonomie, la formation et la r\u00e9adaptation cognitive (bas\u00e9e sur des strat\u00e9gies), et ce, dans un milieu communautaire. Notre mission est de fournir aux patients et \u00e0 leur famille les renseignements, les comp\u00e9tences et l\u2019exp\u00e9rience n\u00e9cessaires pour am\u00e9liorer l\u2019autonomie et faciliter le retour dans la collectivit\u00e9. \u200b<\/p>\n\n\n\n<figure class=\"wp-block-table\"><table><tbody><tr><td><strong>Cibles d\u2019intervention\u202f<\/strong>:&nbsp;<\/td><td><strong>Exemples des aptitudes cibl\u00e9es\u202f:<\/strong>&nbsp;<\/td><\/tr><tr><td>Organisation et planification&nbsp;&nbsp;<\/td><td>Gestion de la sant\u00e9&nbsp;<\/td><\/tr><tr><td>R\u00e9solution de probl\u00e8mes&nbsp;&nbsp;<\/td><td>Assiduit\u00e9 aux m\u00e9dicaments prescrits&nbsp;<\/td><\/tr><tr><td>Strat\u00e9gies de m\u00e9morisation&nbsp;<\/td><td>Pr\u00e9paration des repas&nbsp;<\/td><\/tr><tr><td>Connaissance de soi&nbsp;<\/td><td>Utilisation d\u2019aides \u00e0 la mobilit\u00e9&nbsp;<\/td><\/tr><tr><td>Strat\u00e9gies d\u2019adaptation&nbsp;<\/td><td>Gestion financi\u00e8re&nbsp;<\/td><\/tr><tr><td>Aptitudes sociales&nbsp;<\/td><td>Organisation du domicile et des documents&nbsp;<\/td><\/tr><tr><td>Contr\u00f4le des impulsions&nbsp;&nbsp;<\/td><td>Utilisation des transports en commun&nbsp;&nbsp;<\/td><\/tr><\/tbody><\/table><\/figure>\n\n\n\n<p><strong><em>Nous dressons un plan de traitement personnalis\u00e9 avec chaque client selon ses int\u00e9r\u00eats et ses besoins, ainsi qu\u2019en fonction des pratiques exemplaires en vigueur.&nbsp;&nbsp;<\/em><\/strong><strong><em>&nbsp;<\/em><\/strong><strong><em><\/em><\/strong><\/p>\n\n\n\n<p>L\u2019\u00e9quipe du Centre collabore avec d\u2019autres fournisseurs de soins de sant\u00e9 dans la collectivit\u00e9 pour assurer des services de soutien sp\u00e9cialis\u00e9s, la continuit\u00e9 des soins et l\u2019\u00e9largissement du programme en cours.&nbsp;<\/p>\n\n\n\n<figure class=\"wp-block-embed is-type-video is-provider-youtube wp-block-embed-youtube wp-embed-aspect-16-9 wp-has-aspect-ratio\"><div class=\"wp-block-embed__wrapper\">\n<iframe title=\"Centre Robin Easey | L&#039;H\u00f4pital d&#039;Ottawa\" width=\"500\" height=\"281\" src=\"https:\/\/www.youtube.com\/embed\/Q3vY52PNbY0?feature=oembed\" frameborder=\"0\" allow=\"accelerometer; autoplay; clipboard-write; encrypted-media; gyroscope; picture-in-picture; web-share\" referrerpolicy=\"strict-origin-when-cross-origin\" allowfullscreen><\/iframe>\n<\/div><\/figure>\n\n\n\n<h2 class=\"wp-block-heading\">Le Centre&nbsp;&nbsp;<\/h2>\n\n\n\n<p>Le Centre occupe une maison de deux \u00e9tages accessibles en fauteuil roulant. La maison spacieuse offre un milieu chaleureux et r\u00e9confortant. Le rez-de-chauss\u00e9e compte deux salons, une cuisine accessible, une salle \u00e0 manger, une toilette et une salle de sport. Il y a cinq chambres individuelles, deux salles de bain, une salle de lavage et un bureau de psychologue.&nbsp;<\/p>\n\n\n\n<h2 class=\"wp-block-heading\">L\u2019\u00e9quipe&nbsp;<\/h2>\n\n\n\n<p>Notre \u00e9quipe compte un responsable clinique (neuropsychologue), un ergoth\u00e9rapeute, un travailleur\u202fsocial, des conseillers en apprentissage de l\u2019autonomie fonctionnelle et une secr\u00e9taire. Les clients b\u00e9n\u00e9ficient aussi des soins et services d\u2019autres professionnels du Centre de r\u00e9adaptation de L\u2019H\u00f4pital d\u2019Ottawa\u202fdans les domaines suivants\u202f: physiatrie, physioth\u00e9rapie, orthophonie, soins infirmiers, orientation professionnelle, nutrition et loisirs th\u00e9rapeutiques.\u202f&nbsp;<\/p>\n\n\n\n<h2 class=\"wp-block-heading\">Programmes offerts&nbsp;<\/h2>\n\n\n\n<h3 class=\"wp-block-heading\">Programme r\u00e9sidentiel \u200b<\/h3>\n\n\n\n<p>Cible les personnes pouvant b\u00e9n\u00e9ficier d\u2019une \u00e9valuation continue, d\u2019une formation intensive \u00e0 l\u2019autonomie fonctionnelle ou de la structure d\u2019un contexte r\u00e9sidentiel. \u200b<\/p>\n\n\n\n<ul class=\"wp-block-list\">\n<li>La dur\u00e9e de l\u2019admission est variable (habituellement quelques mois selon les objectifs de traitement).<\/li>\n<\/ul>\n\n\n\n<h3 class=\"wp-block-heading\">Programmes communautaires<\/h3>\n\n\n\n<p>Soutien et formation \u00e0 l\u2019autonomie au domicile du client et dans la collectivit\u00e9.&nbsp; \u200b<\/p>\n\n\n\n<ul class=\"wp-block-list\">\n<li><strong>Programme transitoire \u200b<\/strong>: Cible le patient du Centre de r\u00e9adaptation qui est pr\u00eat \u00e0 recevoir son cong\u00e9 et qui est jug\u00e9 autonome dans ses activit\u00e9s quotidiennes, mais qui pourrait \u00eatre \u00e0 risque en raison de difficult\u00e9s fonctionnelles ou de d\u00e9terminants sociaux de la sant\u00e9. L\u2019intervention tr\u00e8s cibl\u00e9e commence avant le cong\u00e9 pour assurer la s\u00e9curit\u00e9 et le bien-\u00eatre du patient.\u200b\n<ul class=\"wp-block-list\">\n<li>La dur\u00e9e de l\u2019admission est br\u00e8ve, normalement quelques semaines.\u200b<\/li>\n<\/ul>\n<\/li>\n<\/ul>\n\n\n\n<ul class=\"wp-block-list\">\n<li><strong>Programme de soutien \u00e0 l\u2019autonomie fonctionnelle\u200b en externe<\/strong><ul><li><strong>Consultation individuelle en personne.<\/strong> La dur\u00e9e de l\u2019admission est variable\u200b<\/li><\/ul>\n<ul class=\"wp-block-list\">\n<li><strong>Consultation virtuelle (STEPS):<\/strong> ce programme de sensibilisation offre une formation individuelle simultan\u00e9e sur les comp\u00e9tences de vie ainsi qu&rsquo;une intervention de 12 semaines en petit groupe (4-5 clients) pour aider les clients \u00e0 mettre en \u0153uvre des changements significatifs dans leur vie et \u00e0 accro\u00eetre leur participation et leur ind\u00e9pendance.<\/li>\n<\/ul>\n<\/li>\n<\/ul>\n\n\n\n<h3 class=\"wp-block-heading\">Groupes\u200b<\/h3>\n\n\n\n<ul class=\"wp-block-list\">\n<li><strong>Groupe \u201cvie remplie de sens\u201d :<\/strong> Rencontres virtuelles (par vidioconf\u00e9rence dans Zoom) ou en personne chaque semaine offrant aux clients du Centre l\u2019occasion de partager, de se red\u00e9finir et d\u2019apporter des changements pour am\u00e9liorer leur qualit\u00e9 de vie.&nbsp; \u200bDur\u00e9e : 12 semaines&nbsp; \u200b<\/li>\n\n\n\n<li><strong>Groupe d&rsquo;auto-apprentissage ABI (sessions hebdomadaires r\u00e9guli\u00e8res ouvertes) :<\/strong> Ce groupe&nbsp; est con\u00e7u pour les clients ayant une compr\u00e9hension et\/ou une conscience r\u00e9duite de leurs difficult\u00e9s ABI. L&rsquo;objectif est d&rsquo;assurer un environnement securisant pour l&rsquo;auto-apprentissage et l&rsquo;acceptation en utilisant une approche holistique o\u00f9 l&rsquo;accent est mis \u00e0 la fois sur les changements ulterieur \u00e0 la blessure ainsi que sur les forces, les valeurs, les besoins et les int\u00e9r\u00eats du client.<\/li>\n\n\n\n<li><strong>Groupe sur les relations et la socialisation (8 sessions bimensuel) :<\/strong> L&rsquo;objectif de ce groupe est de fournir une \u00e9ducation et une formation sur la cognition sociale et les comp\u00e9tences li\u00e9es aux changements cognitifs, de communication et de comportement apr\u00e8s une lesion cerebrale acquise. Il s&rsquo;adresse \u00e0 ceux qui \u00e9prouvent des difficult\u00e9s interpersonnelles et souhaitent am\u00e9liorer leurs relations.\u200b<\/li>\n\n\n\n<li><strong>Groupe r\u00e9cr\u00e9atif\/ressource sans rendez-vous du REC :<\/strong> Le but de ce service est d&rsquo;offrir aux clients l&rsquo;occasion d&rsquo;interagir socialement avec d&rsquo;autres clients, en tant qu&rsquo;\u00e9tape pr\u00e9paratoire avant\/jusqu&rsquo;\u00e0 ce qu&rsquo;ils s&rsquo;engagent dans des programmes communautaires formels.<\/li>\n<\/ul>\n\n\n\n<h3 class=\"wp-block-heading\">Soutien et enseignement \u00e0 la famille<\/h3>\n\n\n\n<p>La participation de la famille et des proches aidants est encourag\u00e9e. Les services visent \u00e0 renforcer le r\u00e9seau de soutien du client et peuvent comprendre du counseling en famille (Service social, groupe de soutien aux familles) et de la formation continue afin d\u2019am\u00e9liorer la communication et de favoriser l\u2019\u00e9volution du comportement apr\u00e8s une l\u00e9sion c\u00e9r\u00e9brale.\u202f&nbsp;<\/p>\n\n\n\n<ul class=\"wp-block-list\">\n<li>Dur\u00e9e :\u202fvariable, en fonction des autres services re\u00e7us au Centre&nbsp;<\/li>\n<\/ul>\n\n\n\n<h2 class=\"wp-block-heading\">Crit\u00e8res d\u2019admission&nbsp;<\/h2>\n\n\n\n<ol style=\"list-style-type:1\" class=\"wp-block-list\">\n<li>\u00catre un adulte atteint d\u2019une l\u00e9sion c\u00e9r\u00e9brale mod\u00e9r\u00e9e ou grave.<\/li>\n\n\n\n<li>\u00catre relativement autonome (avec ou sans incitation), mais avoir de la difficult\u00e9 \u00e0 effectuer certaines t\u00e2ches de la vie quotidienne en raison de la l\u00e9sion c\u00e9r\u00e9brale.&nbsp;&nbsp;<\/li>\n\n\n\n<li>\u00catre un bon candidat pour la formation \u00e0 l\u2019autonomie fonctionnelle en vue d\u2019am\u00e9liorer sa qualit\u00e9 de vie ou d\u2019accro\u00eetre son autonomie apr\u00e8s le cong\u00e9.&nbsp;&nbsp;&nbsp;<\/li>\n\n\n\n<li>\u00catre stable sur le plan m\u00e9dical et capable de se d\u00e9placer de fa\u00e7on autonome (avec ou sans une aide \u00e0 la mobilit\u00e9). \u00catre capable de faire des transferts seul ou avec l\u2019aide mod\u00e9r\u00e9e d\u2019une seule personne. \u00catre en s\u00e9curit\u00e9 sans supervision constante.&nbsp;<\/li>\n\n\n\n<li>B\u00e9n\u00e9ficier d\u2019une prise en charge optimale de la sant\u00e9 mentale, de la toxicomanie et de tout trouble du comportement. S\u2019abstenir de tout comportement mena\u00e7ant qui pourrait compromettre le bien-\u00eatre ou la s\u00e9curit\u00e9 des autres.&nbsp;<\/li>\n\n\n\n<li>\u00catre r\u00e9sidant de la r\u00e9gion servie par le Centre de r\u00e9adaptation de L\u2019H\u00f4pital d\u2019Ottawa (Est de l\u2019Ontario et Ouest du Qu\u00e9bec).&nbsp;&nbsp;<\/li>\n\n\n\n<li>Accepter les conditions de la trousse d\u2019information et signer le formulaire de consentement du Centre de r\u00e9adaptation, qui r\u00e9sument les d\u00e9tails, les attentes, les bienfaits et les limites du programme.&nbsp;<\/li>\n<\/ol>\n\n\n\n<h2 class=\"wp-block-heading\">Processus d\u2019admission&nbsp;<\/h2>\n\n\n\n<ul class=\"wp-block-list\">\n<li>Toute demande d\u2019un h\u00f4pital, m\u00e9decin, professionnel de la sant\u00e9 ou service communautaire doit \u00eatre achemin\u00e9e aux Admissions du Centre de r\u00e9adaptation de L\u2019H\u00f4pital d\u2019Ottawa.&nbsp;&nbsp;Pour une consultation en physiatrie, envoyer la demande par t\u00e9l\u00e9copie au<strong> 613-733-8336 <\/strong>(Clinique externe de traitement des l\u00e9sions c\u00e9r\u00e9brales acquises). <strong>Pr\u00e9ciser que la demande concerne les programmes du Centre Robin Easey.<\/strong>&nbsp;<\/li>\n\n\n\n<li>Les clients sont plac\u00e9s sur une liste d\u2019attente selon la date de la demande, l\u2019urgence, l\u2019\u00e9tat du patient et les services demand\u00e9s.&nbsp;&nbsp;<\/li>\n<\/ul>\n\n\n\n<h2 class=\"wp-block-heading\">Pour nous joindre<\/h2>\n\n\n\n<p>Pour en savoir plus, communiquez avec la personne suivante&nbsp;:<\/p>\n\n\n\n<p><strong>Coordonnateur des admissions pour le Centre Robin Easey <br><\/strong>Programme des l\u00e9sions c\u00e9r\u00e9brales acquises<br>Centre Robin Easey,<br>125, rue Scrivens,<br>Ottawa ON K2B 6H3<br>T\u00e9l\u00e9phone : 613-761-5186<br>T\u00e9l\u00e9copieur : 613-726-1764<\/p>\n","protected":false},"excerpt":{"rendered":"<p>\u00c0 propos du Centre\u200b Au Centre Robin Easey, nous offrons aux adultes qui ont subi une l\u00e9sion c\u00e9r\u00e9brale des services ax\u00e9s sur l\u2019am\u00e9lioration de l\u2019autonomie, la formation et la r\u00e9adaptation cognitive (bas\u00e9e sur des strat\u00e9gies), et ce, dans un milieu communautaire. Notre mission est de fournir aux patients et \u00e0 leur famille les renseignements, les [&hellip;]<\/p>\n","protected":false},"author":25,"featured_media":0,"parent":12806,"menu_order":4,"comment_status":"closed","ping_status":"closed","template":"","meta":{"_acf_changed":false,"_mc_calendar":[],"footnotes":""},"class_list":["post-12839","page","type-page","status-publish","hentry"],"acf":[],"wps_subtitle":"","_links":{"self":[{"href":"https:\/\/www.ottawahospital.on.ca\/fr\/wp-json\/wp\/v2\/pages\/12839","targetHints":{"allow":["GET"]}}],"collection":[{"href":"https:\/\/www.ottawahospital.on.ca\/fr\/wp-json\/wp\/v2\/pages"}],"about":[{"href":"https:\/\/www.ottawahospital.on.ca\/fr\/wp-json\/wp\/v2\/types\/page"}],"author":[{"embeddable":true,"href":"https:\/\/www.ottawahospital.on.ca\/fr\/wp-json\/wp\/v2\/users\/25"}],"replies":[{"embeddable":true,"href":"https:\/\/www.ottawahospital.on.ca\/fr\/wp-json\/wp\/v2\/comments?post=12839"}],"version-history":[{"count":0,"href":"https:\/\/www.ottawahospital.on.ca\/fr\/wp-json\/wp\/v2\/pages\/12839\/revisions"}],"up":[{"embeddable":true,"href":"https:\/\/www.ottawahospital.on.ca\/fr\/wp-json\/wp\/v2\/pages\/12806"}],"wp:attachment":[{"href":"https:\/\/www.ottawahospital.on.ca\/fr\/wp-json\/wp\/v2\/media?parent=12839"}],"curies":[{"name":"wp","href":"https:\/\/api.w.org\/{rel}","templated":true}]}}