{"id":12830,"date":"2016-12-02T14:53:31","date_gmt":"2016-12-02T19:53:31","guid":{"rendered":"http:\/\/52.229.122.34\/fr\/?page_id=12830"},"modified":"2017-01-05T10:22:03","modified_gmt":"2017-01-05T15:22:03","slug":"service-de-readaptation-comportementale","status":"publish","type":"page","link":"https:\/\/www.ottawahospital.on.ca\/fr\/services-cliniques\/deptpgrmcs\/departements\/centre-de-readaptation\/services-et-cliniques\/programme-de-lesions-cerebrales-acquises\/service-de-readaptation-comportementale\/","title":{"rendered":"Service de r\u00e9adaptation comportementale"},"content":{"rendered":"<p>Le Service de r\u00e9adaptation comportementale est un des nombreux services de r\u00e9adaptation offerts au Centre de r\u00e9adaptation de L\u2019H\u00f4pital d\u2019Ottawa. Le personnel y offre des services personnalis\u00e9s aux patients hospitalis\u00e9s et \u00e0 ceux qui habitent dans la collectivit\u00e9. Il utilise une approche neurocomportementale ax\u00e9e sur les forces des patients.<\/p>\n<p>L\u2019\u00e9valuation est effectu\u00e9e \u00e0 partir de l\u2019observation directe du comportement et de la contribution de membres de la famille ou d\u2019autres proches. Dans le programme de traitement, les activit\u00e9s quotidiennes et les s\u00e9ances d\u2019enseignement sur les aptitudes \u00e0 la vie quotidienne permettent de d\u00e9velopper des aptitudes et des forces, et de minimiser les comportements qui nuisent aux activit\u00e9s et aux rapports interpersonnels.<\/p>\n<p>Le <strong>programme pour patients hospitalis\u00e9s<\/strong> est con\u00e7u pour aider les patients qui ont besoin de la structure inh\u00e9rente \u00e0 un milieu contr\u00f4l\u00e9. Ce programme dispose de quatre \u00e0 six lits au deuxi\u00e8me \u00e9tage de l\u2019Unit\u00e9\u00a0C. Les patients restent en moyenne six mois.<\/p>\n<p>Le <strong>programme communautaire<\/strong> est con\u00e7u pour les patients qui n\u2019ont pas besoin d\u2019un environnement structur\u00e9 et peuvent apprendre \u00e0 contr\u00f4ler leurs comportements dans leur milieu naturel.<\/p>\n<p>Une \u00e9quipe interdisciplinaire donne les traitements. Ses membres travaillent ensemble pour aider les patients \u00e0 atteindre leurs objectifs. Les patients travaillent de pr\u00e8s avec un th\u00e9rapeute en r\u00e9adaptation. Ce th\u00e9rapeute est supervis\u00e9 par un psychologue clinique et d\u2019autres sp\u00e9cialistes de l\u2019\u00e9quipe.<\/p>\n<h2>Nos services<\/h2>\n<p>Le Service de r\u00e9adaptation comportementale fournit des \u00e9valuations et des traitements ax\u00e9s sur les patients auxquels participent les patients, leur famille et les soignants, en tant que fournisseurs de soins de r\u00e9adaptation.<\/p>\n<p>Objectifs<\/p>\n<ul>\n<li>Aider les patients \u00e0 contr\u00f4ler les probl\u00e8mes de comportement caus\u00e9s par la l\u00e9sion c\u00e9r\u00e9brale.<\/li>\n<li>Les aider \u00e0 devenir plus autonomes pour qu\u2019ils puissent travailler, faire des \u00e9tudes, accomplir les activit\u00e9s importantes de la vie quotidienne et entretenir des rapports avec leur famille et d\u2019autres personnes.<\/li>\n<\/ul>\n<p>Exemples d\u2019\u00e9valuations et de traitements<\/p>\n<ul>\n<li>\u00c9valuation initiale et soins d\u2019un physiatre (m\u00e9decin sp\u00e9cialis\u00e9 en r\u00e9adaptation)<\/li>\n<li>\u00c9valuations et th\u00e9rapies de professionnels de diff\u00e9rentes disciplines, dont la nutrition, les soins infirmiers, la psychiatrie, la psychologie, l\u2019ergoth\u00e9rapie, la physioth\u00e9rapie, l\u2019orthophonie, le travail social et les loisirs th\u00e9rapeutiques<\/li>\n<li>R\u00e9adaptation neurocognitive<\/li>\n<li>\u00c9valuation et th\u00e9rapie comportementales<\/li>\n<li>D\u00e9veloppement des comp\u00e9tences en communication<\/li>\n<li>Formation et soutien pour les activit\u00e9s de la vie quotidienne<\/li>\n<li>D\u00e9veloppement des habilet\u00e9s pour les loisirs<\/li>\n<li>Counseling psychosocial<\/li>\n<li>Counseling et sensibilisation des patients, des familles et des fournisseurs de soins concernant les l\u00e9sions c\u00e9r\u00e9brales acquises<\/li>\n<li>Services de consultation pour les fournisseurs de services communautaires, sensibilisation et soutien pour la formation de ces fournisseurs<\/li>\n<li>R\u00e9adaptation en milieu communautaire par des th\u00e9rapeutes en r\u00e9adaptation, sous la direction d\u2019un professionnel de la sant\u00e9 r\u00e9glement\u00e9<\/li>\n<li>Recherche d\u2019occasions, pour le patient, de retrouver et de conserver un niveau optimal d\u2019autonomie physique, cognitive et psychosociale, en fonction d\u2019objectifs de r\u00e9adaptation ax\u00e9s sur le patient et sa famille<\/li>\n<\/ul>\n<p>L\u2019\u00e9quipe encourage la famille et les proches \u00e0 participer au processus de r\u00e9adaptation pour favoriser sa r\u00e9ussite. Elle peut aussi leur donner des renseignements et du soutien. Leurs commentaires sont toujours les bienvenus.<\/p>\n<h2>Notre \u00e9quipe<\/h2>\n<p>Notre \u00e9quipe interdisciplinaire est compos\u00e9e de sp\u00e9cialistes des disciplines suivantes\u00a0:<\/p>\n<ul>\n<li>Nutrition<\/li>\n<li>Pharmacie<\/li>\n<li>Soins infirmiers<\/li>\n<li>Ergoth\u00e9rapie<\/li>\n<li>Physiatrie<\/li>\n<li>Physioth\u00e9rapie<\/li>\n<li>Psychologie<\/li>\n<li>R\u00e9adaptation<\/li>\n<li>Service social<\/li>\n<li>Orthophonie<\/li>\n<li>Loisirs th\u00e9rapeutiques<\/li>\n<\/ul>\n<h2>Ressources pour les patients<\/h2>\n<ul>\n<li><a href=\"\/fr\/documents\/2017\/01\/p913-french-aug-2012-colour-cover.pdf\" target=\"_blank\">Vivre apr\u00e8s une l\u00e9sion c\u00e9r\u00e9brale : Guide \u00e0 l\u2019intention des aidants naturels et des familles<\/a><\/li>\n<li><a href=\"\/fr\/documents\/2017\/01\/p916-french-january-2012.pdf\" target=\"_blank\">Vivre avec une l\u00e9sion c\u00e9r\u00e9brale : Guide \u00e0 l\u2019intention des patients<\/a><\/li>\n<\/ul>\n<h2>Rendez-vous<\/h2>\n<p>Un h\u00f4pital, un m\u00e9decin, un professionnel de la sant\u00e9, un membre de votre famille ou une compagnie d\u2019assurance peuvent faire une demande de service. Le patient peut aussi demander un service.<\/p>\n<ul>\n<li>Un coordonnateur des admissions examinera la demande<\/li>\n<li>Le physiatre du Programme des l\u00e9sions c\u00e9r\u00e9brales acquises dirigera le patient vers la discipline ou le service le plus appropri\u00e9.<\/li>\n<li>Il dressera une liste d\u2019attente des patients.<\/li>\n<li>Il classera les demandes en fonction de leur date de r\u00e9ception, de leur urgence, de l\u2019\u00e9tat de pr\u00e9paration du patient et des services demand\u00e9s.<\/li>\n<\/ul>\n<p>Nous acceptons les demandes pour les patients qui r\u00e9sident dans les comt\u00e9s suivants\u00a0:<\/p>\n<ul>\n<li>Renfrew<\/li>\n<li>Lanark<\/li>\n<li>Leeds-Grenville<\/li>\n<li>Stormont-Dundas-Glengarry<\/li>\n<li>Prescott-Russell<\/li>\n<li>Ottawa Carleton<\/li>\n<li>Ouest du Qu\u00e9bec (patients hospitalis\u00e9s seulement)<\/li>\n<\/ul>\n<p><strong>Remarque\u00a0:<\/strong> Les services de r\u00e9adaptation dans la collectivit\u00e9 sont offerts aux r\u00e9sidants de ces comt\u00e9s seulement, mais ceux d\u2019autres comt\u00e9s pourraient \u00eatre admissibles aux services pour patients hospitalis\u00e9s.<\/p>\n<h2>Pour nous joindre<\/h2>\n<p>Pour en savoir plus, communiquez avec une des personnes suivantes\u00a0:<\/p>\n<p><strong>Coordonnateur des admissions au programme communautaire<\/strong><br \/>\nProgramme des l\u00e9sions c\u00e9r\u00e9brales acquises<br \/>\nCentre Robin-Easey<br \/>\n125, rue Scrivens<br \/>\nOttawa ON K2B 6H3<br \/>\nT\u00e9l\u00e9phone : 613-726-1558, poste 31<br \/>\nT\u00e9l\u00e9copieur : 613-726-1764<\/p>\n<p><strong>Infirmi\u00e8re responsable du triage des admissions au programme pour patients hospitalis\u00e9s<br \/>\n<\/strong>Programme des l\u00e9sions c\u00e9r\u00e9brales acquises<br \/>\nCentre de r\u00e9adaptation de L\u2019H\u00f4pital d\u2019Ottawa<br \/>\n505, chemin Smyth<br \/>\nOttawa ON K1H 8M2<br \/>\nT\u00e9l\u00e9phone : 613-737-7350, poste 75685<br \/>\nT\u00e9l\u00e9copieur : 613-733-8336<\/p>\n","protected":false},"excerpt":{"rendered":"<p>Le Service de r\u00e9adaptation comportementale est un des nombreux services de r\u00e9adaptation offerts au Centre de r\u00e9adaptation de L\u2019H\u00f4pital d\u2019Ottawa. Le personnel y offre des services personnalis\u00e9s aux patients hospitalis\u00e9s et \u00e0 ceux qui habitent dans la collectivit\u00e9. Il utilise une approche neurocomportementale ax\u00e9e sur les forces des patients. L\u2019\u00e9valuation est effectu\u00e9e \u00e0 partir de [&hellip;]<\/p>\n","protected":false},"author":25,"featured_media":0,"parent":12806,"menu_order":3,"comment_status":"closed","ping_status":"closed","template":"","meta":{"_acf_changed":false,"_mc_calendar":[],"footnotes":""},"class_list":["post-12830","page","type-page","status-publish","hentry"],"acf":[],"wps_subtitle":"","_links":{"self":[{"href":"https:\/\/www.ottawahospital.on.ca\/fr\/wp-json\/wp\/v2\/pages\/12830","targetHints":{"allow":["GET"]}}],"collection":[{"href":"https:\/\/www.ottawahospital.on.ca\/fr\/wp-json\/wp\/v2\/pages"}],"about":[{"href":"https:\/\/www.ottawahospital.on.ca\/fr\/wp-json\/wp\/v2\/types\/page"}],"author":[{"embeddable":true,"href":"https:\/\/www.ottawahospital.on.ca\/fr\/wp-json\/wp\/v2\/users\/25"}],"replies":[{"embeddable":true,"href":"https:\/\/www.ottawahospital.on.ca\/fr\/wp-json\/wp\/v2\/comments?post=12830"}],"version-history":[{"count":0,"href":"https:\/\/www.ottawahospital.on.ca\/fr\/wp-json\/wp\/v2\/pages\/12830\/revisions"}],"up":[{"embeddable":true,"href":"https:\/\/www.ottawahospital.on.ca\/fr\/wp-json\/wp\/v2\/pages\/12806"}],"wp:attachment":[{"href":"https:\/\/www.ottawahospital.on.ca\/fr\/wp-json\/wp\/v2\/media?parent=12830"}],"curies":[{"name":"wp","href":"https:\/\/api.w.org\/{rel}","templated":true}]}}