{"id":12819,"date":"2016-12-02T14:46:52","date_gmt":"2016-12-02T19:46:52","guid":{"rendered":"http:\/\/52.229.122.34\/fr\/?page_id=12819"},"modified":"2021-02-05T12:37:02","modified_gmt":"2021-02-05T17:37:02","slug":"service-aux-patients-hospitalises-ayant-une-lesion-cerebrale-acquise","status":"publish","type":"page","link":"https:\/\/www.ottawahospital.on.ca\/fr\/services-cliniques\/deptpgrmcs\/departements\/centre-de-readaptation\/services-et-cliniques\/programme-de-lesions-cerebrales-acquises\/service-aux-patients-hospitalises-ayant-une-lesion-cerebrale-acquise\/","title":{"rendered":"Service aux patients hospitalis\u00e9s ayant une l\u00e9sion c\u00e9r\u00e9brale acquise"},"content":{"rendered":"<p>Le Service aux patients hospitalis\u00e9s ayant une l\u00e9sion c\u00e9r\u00e9brale acquise est un programme structur\u00e9 comptant huit lits. Son objectif est d\u2019aider les patients \u00e0 att\u00e9nuer et \u00e0 g\u00e9rer leurs troubles cognitifs, comme des troubles de m\u00e9moire, d\u2019attention, d\u2019apprentissage, de planification et de r\u00e9solution de probl\u00e8mes. On leur enseigne aussi des strat\u00e9gies pour compenser ces troubles. L\u2019objectif g\u00e9n\u00e9ral est de leur fournir les outils dont ils ont besoin pour retourner dans la collectivit\u00e9.<\/p>\n<h2>Nos services<\/h2>\n<p>Nous faisons des \u00e9valuations et des traitements ax\u00e9s sur les besoins du patient et sollicitons la participation du patient, de sa famille et des fournisseurs de soins. Nous nous effor\u00e7ons de maximiser l\u2019autonomie du patient en tenant compte de ses objectifs et de ceux de sa\u00a0famille.<\/p>\n<h2>Notre \u00e9quipe<\/h2>\n<p>Notre \u00e9quipe interdisciplinaire est compos\u00e9e de sp\u00e9cialistes des disciplines suivantes\u00a0:<\/p>\n<ul>\n<li>Nutrition<\/li>\n<li>Pharmacie<\/li>\n<li>Soins infirmiers<\/li>\n<li>Ergoth\u00e9rapie<\/li>\n<li>Physioth\u00e9rapie<\/li>\n<li>Physiatrie<\/li>\n<li>Psychologie<\/li>\n<li>Travail social<\/li>\n<li>Orthophonie<\/li>\n<li>Loisirs th\u00e9rapeutiques<\/li>\n<\/ul>\n<p>Nous encourageons la famille et les amis proches \u00e0 participer \u00e0 la r\u00e9adaptation du patient pour favoriser sa r\u00e9ussite. Ils peuvent aussi leur donner des renseignements et du soutien. Leurs commentaires sont toujours les bienvenus.<\/p>\n<p><strong>Le minist\u00e8re de la Sant\u00e9 subventionne le Centre de r\u00e9adaptation de L\u2019H\u00f4pital d\u2019Ottawa. Les patients n\u2019ont pas besoin de payer les soins courants et le mat\u00e9riel m\u00e9dical<\/strong>.<\/p>\n<h2>Ressources pour les patients<\/h2>\n<ul>\n<li><a href=\"\/fr\/documents\/2017\/01\/p913-french-aug-2012-colour-cover.pdf\" target=\"_blank\" rel=\"noopener noreferrer\">Vivre apr\u00e8s une l\u00e9sion c\u00e9r\u00e9brale : Guide \u00e0 l\u2019intention des aidants naturels et des familles<\/a><\/li>\n<li><a href=\"\/fr\/documents\/2017\/01\/p916-french-january-2012.pdf\" target=\"_blank\" rel=\"noopener noreferrer\">Vivre avec une l\u00e9sion c\u00e9r\u00e9brale : Guide \u00e0 l\u2019intention des patients<\/a><\/li>\n<\/ul>\n<h2>Rendez-vous<\/h2>\n<p>Un h\u00f4pital, un m\u00e9decin, un professionnel de la sant\u00e9, un membre de votre famille ou une compagnie d\u2019assurance peuvent faire une demande de service. Le patient peut aussi demander un service.<\/p>\n<ul>\n<li>Un coordonnateur des admissions examinera la demande<\/li>\n<li>Le physiatre du Programme des l\u00e9sions c\u00e9r\u00e9brales acquises dirigera le patient vers la discipline ou le service le plus appropri\u00e9.<\/li>\n<li>Il dressera une liste d\u2019attente des patients.<\/li>\n<li>Il classera les demandes en fonction de leur date de r\u00e9ception, de leur urgence, de l\u2019\u00e9tat de pr\u00e9paration du patient et des services demand\u00e9s.<\/li>\n<\/ul>\n<p>Nous acceptons les demandes pour les patients qui r\u00e9sident dans les comt\u00e9s suivants\u00a0:<\/p>\n<ul>\n<li>Renfrew<\/li>\n<li>Lanark<\/li>\n<li>Leeds et Grenville<\/li>\n<li>Stormont, Dundas et Glengarry<\/li>\n<li>Prescott et Russell<\/li>\n<li>Ottawa Carleton<\/li>\n<li>Ouest du Qu\u00e9bec (patients hospitalis\u00e9s seulement)<\/li>\n<\/ul>\n<p><strong>Remarque\u00a0:<\/strong> Les services de r\u00e9adaptation dans la collectivit\u00e9 sont offerts aux r\u00e9sidants de ces comt\u00e9s seulement, mais ceux d\u2019autres comt\u00e9s pourraient \u00eatre admissibles aux services pour patients hospitalis\u00e9s.<\/p>\n<h2>Pour nous joindre<\/h2>\n<p>Veuillez transmettre votre demande \u00e0 la personne suivante\u00a0:<\/p>\n<p><strong>Infirmi\u00e8re clinicienne, Clinique externe de traitement des l\u00e9sions c\u00e9r\u00e9brales acquises<br \/>\n<\/strong>Programme des l\u00e9sions c\u00e9r\u00e9brales acquises<br \/>\nCentre de r\u00e9adaptation de L\u2019H\u00f4pital d\u2019Ottawa<br \/>\n505, chemin Smyth, Ottawa ON K1H 8M2<\/p>\n","protected":false},"excerpt":{"rendered":"<p>Le Service aux patients hospitalis\u00e9s ayant une l\u00e9sion c\u00e9r\u00e9brale acquise est un programme structur\u00e9 comptant huit lits. Son objectif est d\u2019aider les patients \u00e0 att\u00e9nuer et \u00e0 g\u00e9rer leurs troubles cognitifs, comme des troubles de m\u00e9moire, d\u2019attention, d\u2019apprentissage, de planification et de r\u00e9solution de probl\u00e8mes. On leur enseigne aussi des strat\u00e9gies pour compenser ces troubles. [&hellip;]<\/p>\n","protected":false},"author":25,"featured_media":0,"parent":12806,"menu_order":1,"comment_status":"closed","ping_status":"closed","template":"","meta":{"_acf_changed":false,"_mc_calendar":[],"footnotes":""},"class_list":["post-12819","page","type-page","status-publish","hentry"],"acf":[],"wps_subtitle":"","_links":{"self":[{"href":"https:\/\/www.ottawahospital.on.ca\/fr\/wp-json\/wp\/v2\/pages\/12819","targetHints":{"allow":["GET"]}}],"collection":[{"href":"https:\/\/www.ottawahospital.on.ca\/fr\/wp-json\/wp\/v2\/pages"}],"about":[{"href":"https:\/\/www.ottawahospital.on.ca\/fr\/wp-json\/wp\/v2\/types\/page"}],"author":[{"embeddable":true,"href":"https:\/\/www.ottawahospital.on.ca\/fr\/wp-json\/wp\/v2\/users\/25"}],"replies":[{"embeddable":true,"href":"https:\/\/www.ottawahospital.on.ca\/fr\/wp-json\/wp\/v2\/comments?post=12819"}],"version-history":[{"count":0,"href":"https:\/\/www.ottawahospital.on.ca\/fr\/wp-json\/wp\/v2\/pages\/12819\/revisions"}],"up":[{"embeddable":true,"href":"https:\/\/www.ottawahospital.on.ca\/fr\/wp-json\/wp\/v2\/pages\/12806"}],"wp:attachment":[{"href":"https:\/\/www.ottawahospital.on.ca\/fr\/wp-json\/wp\/v2\/media?parent=12819"}],"curies":[{"name":"wp","href":"https:\/\/api.w.org\/{rel}","templated":true}]}}