{"id":12806,"date":"2016-12-02T14:42:03","date_gmt":"2016-12-02T19:42:03","guid":{"rendered":"http:\/\/52.229.122.34\/fr\/?page_id=12806"},"modified":"2024-06-20T12:08:19","modified_gmt":"2024-06-20T16:08:19","slug":"programme-de-lesions-cerebrales-acquises","status":"publish","type":"page","link":"https:\/\/www.ottawahospital.on.ca\/fr\/services-cliniques\/deptpgrmcs\/departements\/centre-de-readaptation\/services-et-cliniques\/programme-de-lesions-cerebrales-acquises\/","title":{"rendered":"Programme de l\u00e9sions c\u00e9r\u00e9brales acquises"},"content":{"rendered":"<p><img decoding=\"async\" class=\"img-responsive alignright wp-image-12797 size-medium\" src=\"https:\/\/www.ottawahospital.on.ca\/wp-content\/uploads\/2016\/12\/ABITeam-300x200.jpg\" alt=\"ABI Team\" width=\"300\" height=\"200\" srcset=\"https:\/\/www.ottawahospital.on.ca\/wp-content\/uploads\/2016\/12\/ABITeam-300x200.jpg 300w, https:\/\/www.ottawahospital.on.ca\/wp-content\/uploads\/2016\/12\/ABITeam.jpg 448w\" sizes=\"(max-width: 300px) 100vw, 300px\" \/><\/p>\n<p>Le Programme des l\u00e9sions c\u00e9r\u00e9brales acquises du Centre de r\u00e9adaptation de L\u2019H\u00f4pital d\u2019Ottawa fournit un \u00e9ventail d\u2019initiatives centr\u00e9es sur le patient, des soins de courte dur\u00e9e \u00e0 la r\u00e9adaptation dans la collectivit\u00e9. Il offre des \u00e9valuations et des interventions th\u00e9rapeutiques, ax\u00e9es sur les buts, qui portent sur les besoins cognitifs, comportementaux, psychosociaux et physiques. L\u2019objectif du programme est d\u2019aider les personnes ayant une l\u00e9sion c\u00e9r\u00e9brale \u00e0 optimiser leurs capacit\u00e9s fonctionnelles. Le programme vise \u00e9galement les objectifs suivants\u00a0:<\/p>\n<ul>\n<li>fournir des soins centr\u00e9s sur les patients et adapt\u00e9s \u00e0 leurs besoins par l\u2019interm\u00e9diaire d\u2019une \u00e9quipe bien structur\u00e9e;<\/li>\n<li>s\u2019assurer que les patients obtiennent les meilleurs r\u00e9sultats possible;<\/li>\n<li>r\u00e9pondre aux besoins des patients par une r\u00e9partition efficace de nos ressources.<\/li>\n<\/ul>\n<h2>Nos services<\/h2>\n<p>Voici les diff\u00e9rents services du Programme des l\u00e9sions c\u00e9r\u00e9brales acquises\u00a0:<\/p>\n<ul>\n<li><strong><a href=\"https:\/\/www.ottawahospital.on.ca\/fr\/services-cliniques\/deptpgrmcs\/departements\/centre-de-readaptation\/services-et-cliniques\/programme-de-lesions-cerebrales-acquises\/service-aux-patients-hospitalises-ayant-une-lesion-cerebrale-acquise\/\">Service aux patients hospitalis\u00e9s ayant une l\u00e9sion c\u00e9r\u00e9brale acquise<\/a><\/strong><\/li>\n<li><a href=\"https:\/\/www.ottawahospital.on.ca\/fr\/services-cliniques\/deptpgrmcs\/departements\/centre-de-readaptation\/services-et-cliniques\/programme-de-lesions-cerebrales-acquises\/clinique-externe-de-traitement-des-lesions-cerebrales-acquises\/\">Clinique externe de traitement des l\u00e9sions c\u00e9r\u00e9brales acquises<\/a> (Clinique externe et H\u00f4pital de jour)<\/li>\n<li><strong><a href=\"https:\/\/www.ottawahospital.on.ca\/fr\/services-cliniques\/deptpgrmcs\/cliniques-et-services\/readaptation-comportementale\/\">Service de r\u00e9adaptation comportementale pour patients ayant une l\u00e9sion c\u00e9r\u00e9brale acquise<\/a><\/strong><\/li>\n<li><strong><a href=\"https:\/\/www.ottawahospital.on.ca\/fr\/services-cliniques\/deptpgrmcs\/departements\/centre-de-readaptation\/services-et-cliniques\/programme-de-lesions-cerebrales-acquises\/centre-robin-easey\/\">Programme d\u2019apprentissage de l\u2019autonomie fonctionnelle du Centre Robin Easey\u00a0: programmes r\u00e9sidentiel et communautaire<\/a><\/strong><\/li>\n<li><a href=\"https:\/\/www.ottawahospital.on.ca\/fr\/documents\/2024\/06\/demo.pdf\/\">Guide sur la gu\u00e9rison apr\u00e8s un an\u00e9vrisme<\/a><\/li>\n<\/ul>\n<h2>Pour nous joindre<\/h2>\n<p><strong>Pour en savoir plus, communiquez avec les personnes-ressources suivantes\u00a0:<\/strong><\/p>\n<p><strong>Infirmi\u00e8re de triage des admissions pour le Service aux patients hospitalis\u00e9s ayant une l\u00e9sion c\u00e9r\u00e9brale acquise et le programme pour patients hospitalis\u00e9s du Service de r\u00e9adaptation comportementale <\/strong><strong><br \/><\/strong>Programme des l\u00e9sions c\u00e9r\u00e9brales acquises<br \/>Centre de r\u00e9adaptation de L\u2019H\u00f4pital d\u2019Ottawa<br \/>505, chemin Smyth, Ottawa, ON \u00a0K1H 8M2<br \/>T\u00e9l\u00e9phone\u00a0: 613-737-7350, poste\u00a075685<br \/>T\u00e9l\u00e9copieur\u00a0: 613-733-8336<\/p>\n<p><strong>Coordonnateur des admissions pour le programme communautaire du Centre Robin Easey et du Service de r\u00e9adaptation comportementale<\/strong><strong><br \/><\/strong>Programme des l\u00e9sions c\u00e9r\u00e9brales acquises<br \/>Centre Robin Easey<br \/>125, rue Scrivens, Ottawa, ON \u00a0K2B 6H3<br \/>T\u00e9l\u00e9phone\u00a0: 613-726-1558, poste\u00a031<br \/>T\u00e9l\u00e9copieur\u00a0: 613-726-1764<\/p>\n<p><strong>Pour demander une consultation aupr\u00e8s d\u2019un physiatre, communiquez avec la personne-ressources suivante\u00a0:<\/strong><\/p>\n<p><strong>Infirmi\u00e8re clinicienne de la Clinique externe de traitement des l\u00e9sions c\u00e9r\u00e9brales acquises<\/strong><strong><br \/><\/strong>Programme des l\u00e9sions c\u00e9r\u00e9brales acquises<br \/>Centre de r\u00e9adaptation de L\u2019H\u00f4pital d\u2019Ottawa<br \/>505, chemin Smyth, Ottawa, ON \u00a0K1H 8M2<br \/>T\u00e9l\u00e9phone\u00a0: 613-737-7350, poste\u00a075406<br \/>T\u00e9l\u00e9copieur\u00a0: 613-733-8336<\/p>\n\n\n<figure class=\"wp-block-embed is-type-video is-provider-youtube wp-block-embed-youtube wp-embed-aspect-16-9 wp-has-aspect-ratio\"><div class=\"wp-block-embed__wrapper\">\n<iframe title=\"R\u00e9adaptation des l\u00e9sions c\u00e9r\u00e9brales acquises au Centre de R\u00e9adaptation de l\u2019H\u00f4pital d\u2019Ottawa\" width=\"500\" height=\"281\" src=\"https:\/\/www.youtube.com\/embed\/ITsLHm7x5eE?feature=oembed\" frameborder=\"0\" allow=\"accelerometer; autoplay; clipboard-write; encrypted-media; gyroscope; picture-in-picture; web-share\" referrerpolicy=\"strict-origin-when-cross-origin\" allowfullscreen><\/iframe>\n<\/div><\/figure>\n","protected":false},"excerpt":{"rendered":"<p>Le Programme des l\u00e9sions c\u00e9r\u00e9brales acquises du Centre de r\u00e9adaptation de L\u2019H\u00f4pital d\u2019Ottawa fournit un \u00e9ventail d\u2019initiatives centr\u00e9es sur le patient, des soins de courte dur\u00e9e \u00e0 la r\u00e9adaptation dans la collectivit\u00e9. Il offre des \u00e9valuations et des interventions th\u00e9rapeutiques, ax\u00e9es sur les buts, qui portent sur les besoins cognitifs, comportementaux, psychosociaux et physiques. L\u2019objectif [&hellip;]<\/p>\n","protected":false},"author":25,"featured_media":0,"parent":12791,"menu_order":1,"comment_status":"closed","ping_status":"closed","template":"","meta":{"_acf_changed":false,"_mc_calendar":[],"footnotes":""},"class_list":["post-12806","page","type-page","status-publish","hentry"],"acf":[],"wps_subtitle":"","_links":{"self":[{"href":"https:\/\/www.ottawahospital.on.ca\/fr\/wp-json\/wp\/v2\/pages\/12806","targetHints":{"allow":["GET"]}}],"collection":[{"href":"https:\/\/www.ottawahospital.on.ca\/fr\/wp-json\/wp\/v2\/pages"}],"about":[{"href":"https:\/\/www.ottawahospital.on.ca\/fr\/wp-json\/wp\/v2\/types\/page"}],"author":[{"embeddable":true,"href":"https:\/\/www.ottawahospital.on.ca\/fr\/wp-json\/wp\/v2\/users\/25"}],"replies":[{"embeddable":true,"href":"https:\/\/www.ottawahospital.on.ca\/fr\/wp-json\/wp\/v2\/comments?post=12806"}],"version-history":[{"count":0,"href":"https:\/\/www.ottawahospital.on.ca\/fr\/wp-json\/wp\/v2\/pages\/12806\/revisions"}],"up":[{"embeddable":true,"href":"https:\/\/www.ottawahospital.on.ca\/fr\/wp-json\/wp\/v2\/pages\/12791"}],"wp:attachment":[{"href":"https:\/\/www.ottawahospital.on.ca\/fr\/wp-json\/wp\/v2\/media?parent=12806"}],"curies":[{"name":"wp","href":"https:\/\/api.w.org\/{rel}","templated":true}]}}