{"id":12791,"date":"2016-12-02T14:31:07","date_gmt":"2016-12-02T19:31:07","guid":{"rendered":"http:\/\/52.229.122.34\/fr\/?page_id=12791"},"modified":"2017-01-03T11:01:47","modified_gmt":"2017-01-03T16:01:47","slug":"services-et-cliniques","status":"publish","type":"page","link":"https:\/\/www.ottawahospital.on.ca\/fr\/services-cliniques\/deptpgrmcs\/departements\/centre-de-readaptation\/services-et-cliniques\/","title":{"rendered":"Services et cliniques"},"content":{"rendered":"<p>Le Centre de r\u00e9adaptation de L\u2019H\u00f4pital d\u2019Ottawa se sp\u00e9cialise dans la r\u00e9adaptation physique d\u2019adultes qui ont subi une maladie ou une blessure physique diminuant leur capacit\u00e9 fonctionnelle. Notre personnel d\u00e9vou\u00e9 offre des services interdisciplinaires ax\u00e9s sur les patients pour les aider \u00e0 atteindre leurs objectifs, \u00e0 maximiser leur autonomie et \u00e0 reb\u00e2tir leur vie.<\/p>\n<p>Les services sont organis\u00e9s par programme pour aider les patients tout au long de leur cheminement en r\u00e9adaptation. Voici quelques-uns de ces programmes.<\/p>\n<ul>\n<li><a href=\"\/fr\/services-cliniques\/deptpgrmcs\/departements\/centre-de-readaptation\/services-et-cliniques\/programme-de-lesions-cerebrales-acquises\/\">L\u00e9sions c\u00e9r\u00e9brales acquises<\/a><\/li>\n<li><a href=\"\/fr\/services-cliniques\/deptpgrmcs\/departements\/centre-de-readaptation\/services-et-cliniques\/programme-des-troubles-locomoteurs\/\">Troubles locomoteurs<\/a> (amput\u00e9s, troubles respiratoires, douleur chronique, probl\u00e8mes orthop\u00e9diques complexes, etc.)<\/li>\n<li><a href=\"\/fr\/services-cliniques\/deptpgrmcs\/departements\/centre-de-readaptation\/services-et-cliniques\/programme-des-troubles-neuromusculaires\/\">Troubles neuromusculaires<\/a> (scl\u00e9rose lat\u00e9rale amyotrophique, scl\u00e9rose en plaques, paralysie c\u00e9r\u00e9brale, traumatismes m\u00e9dullaires, etc.)<\/li>\n<li><a href=\"\/fr\/services-cliniques\/deptpgrmcs\/departements\/centre-de-readaptation\/services-et-cliniques\/services-specialises\/\">Services sp\u00e9cialis\u00e9s<\/a> (proth\u00e8ses et orth\u00e8ses, soins complets des pieds, r\u00e9adaptation \u00e0 la conduite automobile, suppl\u00e9ance \u00e0 la communication orale et \u00e9crite, etc.)<\/li>\n<\/ul>\n<p>Les programmes sont ax\u00e9s sur les objectifs des patients et bon nombre sont offerts tant aux patients hospitalis\u00e9s et qu\u2019aux patients externes. Ils tiennent compte des besoins cognitifs, comportementaux, psychosociaux et physiques des patients. Le personnel s\u2019efforce d\u2019offrir aux patients et \u00e0 leur famille les renseignements dont ils ont besoin et de les aider \u00e0 acqu\u00e9rir les aptitudes et les exp\u00e9riences qui leur permettront de retrouver leur autonomie au quotidian.<\/p>\n","protected":false},"excerpt":{"rendered":"<p>Le Centre de r\u00e9adaptation de L\u2019H\u00f4pital d\u2019Ottawa se sp\u00e9cialise dans la r\u00e9adaptation physique d\u2019adultes qui ont subi une maladie ou une blessure physique diminuant leur capacit\u00e9 fonctionnelle. Notre personnel d\u00e9vou\u00e9 offre des services interdisciplinaires ax\u00e9s sur les patients pour les aider \u00e0 atteindre leurs objectifs, \u00e0 maximiser leur autonomie et \u00e0 reb\u00e2tir leur vie. Les [&hellip;]<\/p>\n","protected":false},"author":25,"featured_media":0,"parent":9999,"menu_order":2,"comment_status":"closed","ping_status":"closed","template":"","meta":{"_acf_changed":false,"_mc_calendar":[],"footnotes":""},"class_list":["post-12791","page","type-page","status-publish","hentry"],"acf":[],"wps_subtitle":"","_links":{"self":[{"href":"https:\/\/www.ottawahospital.on.ca\/fr\/wp-json\/wp\/v2\/pages\/12791","targetHints":{"allow":["GET"]}}],"collection":[{"href":"https:\/\/www.ottawahospital.on.ca\/fr\/wp-json\/wp\/v2\/pages"}],"about":[{"href":"https:\/\/www.ottawahospital.on.ca\/fr\/wp-json\/wp\/v2\/types\/page"}],"author":[{"embeddable":true,"href":"https:\/\/www.ottawahospital.on.ca\/fr\/wp-json\/wp\/v2\/users\/25"}],"replies":[{"embeddable":true,"href":"https:\/\/www.ottawahospital.on.ca\/fr\/wp-json\/wp\/v2\/comments?post=12791"}],"version-history":[{"count":0,"href":"https:\/\/www.ottawahospital.on.ca\/fr\/wp-json\/wp\/v2\/pages\/12791\/revisions"}],"up":[{"embeddable":true,"href":"https:\/\/www.ottawahospital.on.ca\/fr\/wp-json\/wp\/v2\/pages\/9999"}],"wp:attachment":[{"href":"https:\/\/www.ottawahospital.on.ca\/fr\/wp-json\/wp\/v2\/media?parent=12791"}],"curies":[{"name":"wp","href":"https:\/\/api.w.org\/{rel}","templated":true}]}}