{"id":12780,"date":"2016-12-02T14:26:33","date_gmt":"2016-12-02T19:26:33","guid":{"rendered":"http:\/\/52.229.122.34\/fr\/?page_id=12780"},"modified":"2023-05-10T10:07:03","modified_gmt":"2023-05-10T14:07:03","slug":"dons-de-rein","status":"publish","type":"page","link":"https:\/\/www.ottawahospital.on.ca\/fr\/services-cliniques\/deptpgrmcs\/programmes\/dons-de-rein\/","title":{"rendered":"Dons de rein"},"content":{"rendered":"<p>Nous vous remercions d\u2019envisager de faire don de l\u2019un de vos reins. Il est important que vous lisiez attentivement tous les renseignements et que vous vous preniez le temps de faire une d\u00e9cision \u00e9clair\u00e9e. Si vous avez des questions, n\u2019h\u00e9sitez pas \u00e0 communiquer avec la coordonnatrice des dons de rein de personnes vivantes au 613\u2011738\u20118400, poste\u00a082778. Lorsque vous aurez lu les renseignements et pris votre d\u00e9cision, <strong>vous devrez informer la coordonnatrice des dons de rein de personnes vivantes si vous souhaitez aller de l\u2019avant.<\/strong><\/p>\n<p>Commen\u00e7ons par expliquer bri\u00e8vement le r\u00f4le des reins, ce qu\u2019est une maladie r\u00e9nale et les possibilit\u00e9s de traitement. Apr\u00e8s tout, c\u2019est parce que les reins jouent un r\u00f4le important que vous devez maintenant prendre une grande d\u00e9cision.<\/p>\n<p>Pour en savoir plus sur le don de rein vivant ou devenir donneur, veuillez visiter le site <a href=\"https:\/\/can01.safelinks.protection.outlook.com\/?url=https%3A%2F%2Fwww.tohlivingkidneydonation.com%2F&amp;data=05%7C01%7Cvsivasubramanian%40toh.ca%7C7563f3bdf5c84bb08c4008db50cdd6b0%7C859b41b6130f4d13a6931ffec4e7cb5a%7C0%7C0%7C638192617215608423%7CUnknown%7CTWFpbGZsb3d8eyJWIjoiMC4wLjAwMDAiLCJQIjoiV2luMzIiLCJBTiI6Ik1haWwiLCJXVCI6Mn0%3D%7C3000%7C%7C%7C&amp;sdata=g2CPeODAKt72QMG%2BmkU9%2FK3yoOoLln7sk3Pvlk8sUpw%3D&amp;reserved=0\" target=\"_blank\" rel=\"noopener\">Web du don de rein vivant<\/a>.<\/p>\n","protected":false},"excerpt":{"rendered":"<p>Nous vous remercions d\u2019envisager de faire don de l\u2019un de vos reins. Il est important que vous lisiez attentivement tous les renseignements et que vous vous preniez le temps de faire une d\u00e9cision \u00e9clair\u00e9e. Si vous avez des questions, n\u2019h\u00e9sitez pas \u00e0 communiquer avec la coordonnatrice des dons de rein de personnes vivantes au 613\u2011738\u20118400, [&hellip;]<\/p>\n","protected":false},"author":25,"featured_media":0,"parent":7866,"menu_order":13,"comment_status":"closed","ping_status":"closed","template":"","meta":{"_acf_changed":false,"_mc_calendar":[],"footnotes":""},"class_list":["post-12780","page","type-page","status-publish","hentry"],"acf":[],"wps_subtitle":"","_links":{"self":[{"href":"https:\/\/www.ottawahospital.on.ca\/fr\/wp-json\/wp\/v2\/pages\/12780","targetHints":{"allow":["GET"]}}],"collection":[{"href":"https:\/\/www.ottawahospital.on.ca\/fr\/wp-json\/wp\/v2\/pages"}],"about":[{"href":"https:\/\/www.ottawahospital.on.ca\/fr\/wp-json\/wp\/v2\/types\/page"}],"author":[{"embeddable":true,"href":"https:\/\/www.ottawahospital.on.ca\/fr\/wp-json\/wp\/v2\/users\/25"}],"replies":[{"embeddable":true,"href":"https:\/\/www.ottawahospital.on.ca\/fr\/wp-json\/wp\/v2\/comments?post=12780"}],"version-history":[{"count":0,"href":"https:\/\/www.ottawahospital.on.ca\/fr\/wp-json\/wp\/v2\/pages\/12780\/revisions"}],"up":[{"embeddable":true,"href":"https:\/\/www.ottawahospital.on.ca\/fr\/wp-json\/wp\/v2\/pages\/7866"}],"wp:attachment":[{"href":"https:\/\/www.ottawahospital.on.ca\/fr\/wp-json\/wp\/v2\/media?parent=12780"}],"curies":[{"name":"wp","href":"https:\/\/api.w.org\/{rel}","templated":true}]}}