{"id":12776,"date":"2016-12-02T14:20:41","date_gmt":"2016-12-02T19:20:41","guid":{"rendered":"http:\/\/52.229.122.34\/fr\/?page_id=12776"},"modified":"2021-02-09T09:36:06","modified_gmt":"2021-02-09T14:36:06","slug":"ou-sommes-nous","status":"publish","type":"page","link":"https:\/\/www.ottawahospital.on.ca\/fr\/services-cliniques\/deptpgrmcs\/programmes\/equipe-de-sante-familiale\/ou-sommes-nous\/","title":{"rendered":"O\u00f9 sommes-nous?"},"content":{"rendered":"<p>La clinique de l\u2019\u00c9quipe universitaire de sant\u00e9 familiale du Campus Civic se situe au\u00a0210, avenue Melrose, \u00e0 l\u2019intersection de l\u2019avenue Melrose et de l\u2019avenue Carling. La clinique occupe le rez\u2011de\u2011chauss\u00e9e d\u2019un immeuble distinct appel\u00e9 Pavillon Maurice Grimes, situ\u00e9 \u00e0 l\u2019est du D\u00e9partement d\u2019urgence. \u00c0 l\u2019entr\u00e9e du b\u00e2timent, \u00e0 l\u2019ext\u00e9rieur, on peut lire \u00ab\u00a0\u00c9quipe universitaire de sant\u00e9 familiale\u00a0\u00bb.<\/p>\n<p>Le Campus Civic de L\u2019H\u00f4pital d\u2019Ottawa compte plusieurs <a href=\"\/fr\/patients-et-visiteurs\/directions-et-plans-des-campus\/stationnement\/\" target=\"_blank\" rel=\"noopener noreferrer\">stationnements<\/a>. Parfois, cependant, il est peut-\u00eatre difficile de trouver une place libre, et les possibilit\u00e9s de stationnement dans les rues environnantes sont limit\u00e9es. Les personnes titulaires d\u2019un permis de stationnement pour personnes handicap\u00e9es ont le droit de stationner sur l\u2019avenue Melrose; elles doivent mettre leur permis bien en vue. Le Campus Civic est \u00e9galement accessible par les transports en commun. Veuillez consulter le <a href=\"https:\/\/www.octranspo.com\/fr\/\" target=\"_blank\" rel=\"noopener noreferrer\">site Web d\u2019OC Transpo<\/a> \u00a0pour trouver le meilleur trajet pour vous.<\/p>\n<p>La clinique de l\u2019\u00c9quipe universitaire de sant\u00e9 familiale du Campus Riverside est \u00e9tablie au\u00a01967, promenade Riverside. La clinique est situ\u00e9e au rez-de-chauss\u00e9e et poss\u00e8de sa propre entr\u00e9e, \u00e0 l\u2019extr\u00e9mit\u00e9 du stationnement principal, sous l\u2019abri d\u2019auto. On peut lire \u00ab\u00a0\u00c9quipe universitaire de sant\u00e9 familiale\u00a0\u00bb \u00e0 l\u2019int\u00e9rieur des portes en verre coulissantes de l\u2019entr\u00e9e. Le Campus Riverside est \u00e9galement accessible par les transports en commun. Veuillez consulter le <a href=\"https:\/\/www.octranspo.com\/fr\/\" target=\"_blank\" rel=\"noopener noreferrer\">site Web d\u2019OC Transpo<\/a> \u00a0pour trouver le meilleur trajet pour vous.<\/p>\n<p>Pour obtenir des renseignements sur la fa\u00e7on de vous rendre soit au Campus Civic soit au Campus Riverside de L\u2019H\u00f4pital d\u2019Ottawa, veuillez <a href=\"\/fr\/patients-et-visiteurs\/directions-et-plans-des-campus\/comment-se-rendre\/\" target=\"_blank\" rel=\"noopener noreferrer\">cliquer ici<\/a><\/p>\n<p>En <a href=\"\/fr\/documents\/2017\/01\/map-civicfamilyhealthteam.pdf\" target=\"_blank\" rel=\"noopener noreferrer\">cliquant ici<span style=\"display: none;\">pour la carte du Campus Civic<\/span><\/a> vous obtiendrez une carte du Campus Civic indiquant l\u2019emplacement de la clinique de l\u2019\u00c9quipe universitaire de sant\u00e9 familiale.<\/p>\n<p>En <a href=\"\/fr\/documents\/2017\/01\/map-riversidefamilyhealthteam.pdf\" target=\"_blank\" rel=\"noopener noreferrer\">cliquant ici<span style=\"display: none;\">pour la carte du Campus Riverside<\/span><\/a> vous obtiendrez une carte du Campus Riverside indiquant l\u2019emplacement de la clinique de l\u2019\u00c9quipe universitaire de sant\u00e9 familiale.<\/p>\n","protected":false},"excerpt":{"rendered":"<p>La clinique de l\u2019\u00c9quipe universitaire de sant\u00e9 familiale du Campus Civic se situe au\u00a0210, avenue Melrose, \u00e0 l\u2019intersection de l\u2019avenue Melrose et de l\u2019avenue Carling. La clinique occupe le rez\u2011de\u2011chauss\u00e9e d\u2019un immeuble distinct appel\u00e9 Pavillon Maurice Grimes, situ\u00e9 \u00e0 l\u2019est du D\u00e9partement d\u2019urgence. \u00c0 l\u2019entr\u00e9e du b\u00e2timent, \u00e0 l\u2019ext\u00e9rieur, on peut lire \u00ab\u00a0\u00c9quipe universitaire de [&hellip;]<\/p>\n","protected":false},"author":25,"featured_media":0,"parent":11764,"menu_order":4,"comment_status":"closed","ping_status":"closed","template":"","meta":{"_acf_changed":false,"_mc_calendar":[],"footnotes":""},"class_list":["post-12776","page","type-page","status-publish","hentry"],"acf":[],"wps_subtitle":"","_links":{"self":[{"href":"https:\/\/www.ottawahospital.on.ca\/fr\/wp-json\/wp\/v2\/pages\/12776","targetHints":{"allow":["GET"]}}],"collection":[{"href":"https:\/\/www.ottawahospital.on.ca\/fr\/wp-json\/wp\/v2\/pages"}],"about":[{"href":"https:\/\/www.ottawahospital.on.ca\/fr\/wp-json\/wp\/v2\/types\/page"}],"author":[{"embeddable":true,"href":"https:\/\/www.ottawahospital.on.ca\/fr\/wp-json\/wp\/v2\/users\/25"}],"replies":[{"embeddable":true,"href":"https:\/\/www.ottawahospital.on.ca\/fr\/wp-json\/wp\/v2\/comments?post=12776"}],"version-history":[{"count":0,"href":"https:\/\/www.ottawahospital.on.ca\/fr\/wp-json\/wp\/v2\/pages\/12776\/revisions"}],"up":[{"embeddable":true,"href":"https:\/\/www.ottawahospital.on.ca\/fr\/wp-json\/wp\/v2\/pages\/11764"}],"wp:attachment":[{"href":"https:\/\/www.ottawahospital.on.ca\/fr\/wp-json\/wp\/v2\/media?parent=12776"}],"curies":[{"name":"wp","href":"https:\/\/api.w.org\/{rel}","templated":true}]}}