{"id":12767,"date":"2016-12-02T14:15:02","date_gmt":"2016-12-02T19:15:02","guid":{"rendered":"http:\/\/52.229.122.34\/fr\/?page_id=12767"},"modified":"2021-02-25T16:17:21","modified_gmt":"2021-02-25T21:17:21","slug":"pour-nous-joindre","status":"publish","type":"page","link":"https:\/\/www.ottawahospital.on.ca\/fr\/services-cliniques\/deptpgrmcs\/departements\/centre-de-readaptation\/au-sujet-du-centre-de-readaptation\/pour-nous-joindre\/","title":{"rendered":"Pour nous joindre"},"content":{"rendered":"<p>Le personnel du Centre de r\u00e9adaptation de L\u2019H\u00f4pital d\u2019Ottawa s\u2019est engag\u00e9 \u00e0 offrir aux patients et \u00e0 leur famille les meilleurs soins possible. Nous offrons des services dans les deux langues officielles aux r\u00e9sidants de l\u2019Est de l\u2019Ontario et de l\u2019Ouest du Qu\u00e9bec.<\/p>\n<p>Pour en savoir plus sur le Centre de r\u00e9adaptation et les services qui y sont offerts, consultez les pages de notre site Web.<\/p>\n<p><strong>Renseignements g\u00e9n\u00e9raux\u00a0:<\/strong><\/p>\n<p>Centre de r\u00e9adaptation de L\u2019H\u00f4pital d\u2019Ottawa<strong><br \/>\n<\/strong>505, chemin Smyth<br \/>\nOttawa ON K1H 8M2<br \/>\n<strong>T\u00e9l\u00e9phone\u00a0:<\/strong> 613-737-7350<br \/>\n<strong>ATS (pour malentendants)\u00a0:<\/strong> 613-526-1132<br \/>\n<strong>Courriel <\/strong>: <a href=\"mailto:feedback@lho.ca\">feedback@lho.ca<\/a><\/p>\n<p><strong>Cliquez sur les liens ci-dessous pour avoir des renseignements sur ces sujets\u00a0:<\/strong><\/p>\n<ul>\n<li><a href=\"\/fr\/patients-et-visiteurs\/sejour-a-lhopital\/logement-externe\/\">H\u00e9bergement <\/a><\/li>\n<li><a href=\"https:\/\/www.ottawahospital.on.ca\/fr\/patients-et-visiteurs\/relations-avec-les-patients\/\">Repr\u00e9sentation des patients <\/a><\/li>\n<li><a href=\"\/fr\/services-cliniques\/deptpgrmcs\/departements\/centre-de-readaptation\/au-sujet-du-centre-de-readaptation\/directions\/\">Directions<\/a><\/li>\n<li><a href=\"https:\/\/www.ottawahospital.on.ca\/fr\/career-opportunities\/\" target=\"_blank\" rel=\"noopener noreferrer\">Emplois<\/a><\/li>\n<li><a href=\"\/fr\/patients-et-visiteurs\/archives-medicales\/\">Archives m\u00e9dicales<\/a><\/li>\n<li><a href=\"\/fr\/about-us\/salle-de-presse\/contacts-et-lignes-directrices-pour-les-medias\/\">Demande de m\u00e9dias <\/a><\/li>\n<\/ul>\n","protected":false},"excerpt":{"rendered":"<p>Le personnel du Centre de r\u00e9adaptation de L\u2019H\u00f4pital d\u2019Ottawa s\u2019est engag\u00e9 \u00e0 offrir aux patients et \u00e0 leur famille les meilleurs soins possible. Nous offrons des services dans les deux langues officielles aux r\u00e9sidants de l\u2019Est de l\u2019Ontario et de l\u2019Ouest du Qu\u00e9bec. Pour en savoir plus sur le Centre de r\u00e9adaptation et les services [&hellip;]<\/p>\n","protected":false},"author":25,"featured_media":0,"parent":12556,"menu_order":7,"comment_status":"closed","ping_status":"closed","template":"","meta":{"_acf_changed":false,"_mc_calendar":[],"footnotes":""},"class_list":["post-12767","page","type-page","status-publish","hentry"],"acf":[],"wps_subtitle":"","_links":{"self":[{"href":"https:\/\/www.ottawahospital.on.ca\/fr\/wp-json\/wp\/v2\/pages\/12767","targetHints":{"allow":["GET"]}}],"collection":[{"href":"https:\/\/www.ottawahospital.on.ca\/fr\/wp-json\/wp\/v2\/pages"}],"about":[{"href":"https:\/\/www.ottawahospital.on.ca\/fr\/wp-json\/wp\/v2\/types\/page"}],"author":[{"embeddable":true,"href":"https:\/\/www.ottawahospital.on.ca\/fr\/wp-json\/wp\/v2\/users\/25"}],"replies":[{"embeddable":true,"href":"https:\/\/www.ottawahospital.on.ca\/fr\/wp-json\/wp\/v2\/comments?post=12767"}],"version-history":[{"count":0,"href":"https:\/\/www.ottawahospital.on.ca\/fr\/wp-json\/wp\/v2\/pages\/12767\/revisions"}],"up":[{"embeddable":true,"href":"https:\/\/www.ottawahospital.on.ca\/fr\/wp-json\/wp\/v2\/pages\/12556"}],"wp:attachment":[{"href":"https:\/\/www.ottawahospital.on.ca\/fr\/wp-json\/wp\/v2\/media?parent=12767"}],"curies":[{"name":"wp","href":"https:\/\/api.w.org\/{rel}","templated":true}]}}