{"id":12763,"date":"2016-12-02T14:14:17","date_gmt":"2016-12-02T19:14:17","guid":{"rendered":"http:\/\/52.229.122.34\/fr\/?page_id=12763"},"modified":"2016-12-02T14:14:17","modified_gmt":"2016-12-02T19:14:17","slug":"facturation-et-renouvellement-dordonnances","status":"publish","type":"page","link":"https:\/\/www.ottawahospital.on.ca\/fr\/services-cliniques\/deptpgrmcs\/programmes\/equipe-de-sante-familiale\/comment-prendre-rendez-vous\/facturation-et-renouvellement-dordonnances\/","title":{"rendered":"Facturation et renouvellement d\u2019ordonnances"},"content":{"rendered":"<h2>Information pharmacoth\u00e9rapeutique et ordonnances<\/h2>\n<p class=\"text-center\"><strong>Politique de renouvellement d\u2019ordonnances<\/strong><\/p>\n<p>Nous ne renouvelons habituellement pas les ordonnances de m\u00e9dicaments par t\u00e9l\u00e9copieur ou par t\u00e9l\u00e9phone. Cependant, si vous avez un besoin pressant, nous pouvons vous fournir une ordonnance de courte dur\u00e9e jusqu\u2019\u00e0 vous puissiez vous pr\u00e9senter \u00e0 un rendez-vous. Veuillez noter que nous exigeons des frais pour ce service. Nous profiterons de votre rendez-vous pour :<\/p>\n<ul>\n<li>r\u00e9\u00e9valuer votre \u00e9tat de sant\u00e9 et mesurer les progr\u00e8s que vous avez faits gr\u00e2ce aux m\u00e9dicaments<\/li>\n<li>\u00e9valuer si un autre probl\u00e8me m\u00e9dical est apparu depuis votre dernier rendez-vous<\/li>\n<li>vous renseigner sur les nouveaux m\u00e9dicaments<\/li>\n<li>r\u00e9pondre \u00e0 toutes vos questions concernant les effets secondaires.<\/li>\n<\/ul>\n<p class=\"text-center\"><strong>Conseils pour vous aider \u00e0 bien g\u00e9rer vos ordonnances<\/strong><\/p>\n<ul>\n<li><img decoding=\"async\" class=\"size-full wp-image-12755 alignright img-responsive\" src=\"\/wp-content\/uploads\/2016\/12\/Misc-StandardPhone.jpg\" alt=\"misc-standardphone\" width=\"300\" height=\"199\" \/>Prenez rendez-vous avant de ne plus avoir de m\u00e9dicaments. T\u00e9l\u00e9phonez-nous au moins 2 \u00e0 3 semaines \u00e0 l\u2019avance.<\/li>\n<li>V\u00e9rifiez que vous avez assez de m\u00e9dicaments jusqu\u2019\u00e0 votre prochain rendez-vous.<\/li>\n<li>\u00c9crivez dans votre agenda la date de votre dernier renouvellement : si vous allez manquer de m\u00e9dicaments en juillet, prenez rendez-vous en juin pour obtenir une nouvelle ordonnance.<\/li>\n<li>Apportez TOUS vos m\u00e9dicaments (peu importe leur provenance) avec vous \u00e0 chaque rendez-vous pour que les renouvellements soient faits correctement et pour que nous puissions tenir votre liste de m\u00e9dicaments \u00e0 jour dans nos dossiers.<\/li>\n<\/ul>\n<h2>R\u00e9sidez-vous au Qu\u00e9bec?<\/h2>\n<p>Si vous n\u2019\u00eates pas couvert par le r\u00e9gime d\u2019assurance-sant\u00e9 provincial ou si vous r\u00e9sidez au Qu\u00e9bec, toutes les visites cliniques sont factur\u00e9es \u00e0 l\u2019acte et doivent \u00eatre pay\u00e9es imm\u00e9diatement. Nous acceptons les cartes de cr\u00e9dit (Visa, MasterCard) ou de d\u00e9bit, ainsi que les ch\u00e8ques. Si vous avez des questions concernant votre facture, veuillez composer le num\u00e9ro principal de notre clinique et choisir dans le menu t\u00e9l\u00e9phonique l\u2019option correspondante aux questions sur la facturation.<\/p>\n<p class=\"text-center\"><strong>Remboursement des frais aux r\u00e9sidents du Qu\u00e9bec<\/strong><\/p>\n<p>Une fois la totalit\u00e9 des paiements obtenue, vous recevrez un re\u00e7u accompagn\u00e9 d\u2019un formulaire R\u00e9clamation hors province, que vous pourrez envoyer \u00e0 la R\u00e9gie pour vous faire rembourser. Pour obtenir votre remboursement de la R\u00e9gie, il faut compter trois mois \u00e0 partir de la date o\u00f9 vous recevez les services.<\/p>\n<p>Si vous avez des questions \u00e0 propos de votre remboursement, veuillez communiquer directement avec la R\u00e9gie en composant le 1-800-561-9749 ou visiter leur site Web au <a href=\"https:\/\/www.ramq.gouv.qc.ca\" target=\"_blank\">www.ramq.gouv.qc.ca<\/a>.<\/p>\n<p class=\"text-center\">R\u00e9gie de l\u2019assurance maladie du Qu\u00e9bec<br \/>\nCase postale 6600 \u2013 Succ. Terminus<br \/>\nQu\u00e9bec (Qu\u00e9bec) G1K 7T3<\/p>\n<p>Si vous n\u2019\u00eates couvert par aucun r\u00e9gime de sant\u00e9 au Canada, vous pourriez devoir payer des frais factur\u00e9s par L\u2019H\u00f4pital d\u2019Ottawa, en plus des frais m\u00e9dicaux pour les services pr\u00e9sent\u00e9s dans la liste ci dessous. Pour toute question ou en savoir plus, veuillez communiquer directement avec le Service des finances de L\u2019H\u00f4pital d\u2019Ottawa en composant le 613-761-4444.<\/p>\n<h2>Services non couverts<\/h2>\n<p>Les services suivants ne sont pas rembours\u00e9s par le R\u00e9gime d\u2019assurance-sant\u00e9 de l\u2019Ontario (OHIP). Vous pourriez devoir payer pour ces services au moment de votre visite. Les tarifs en vigueur sont affich\u00e9s dans chacune de nos cliniques.<\/p>\n<ul>\n<li>Conseils de voyage<\/li>\n<li>\u00c9preuve de Mantoux<\/li>\n<li>Rendez-vous manqu\u00e9<\/li>\n<li>Renouvellement d\u2019ordonnances par t\u00e9l\u00e9copieur<\/li>\n<\/ul>\n<p><strong>Formulaires<\/strong><\/p>\n<ul>\n<li>Billet de maladie<\/li>\n<li>Billet de retour au travail<\/li>\n<li>Formulaires pour les \u00e9coles, les garderies, les camps de vacances<\/li>\n<li>Formulaires pour les centres de conditionnement physique<\/li>\n<li>Examen m\u00e9dical pour les conducteurs et formulaire \u00e0 remplir<\/li>\n<li>Formulaire de rapport m\u00e9dical d\u2019incapacit\u00e9 pour l\u2019assurance-emploi<\/li>\n<li>Formulaire pour le cr\u00e9dit d\u2019imp\u00f4t pour personnes handicap\u00e9es de l\u2019Agence du revenu du Canada<\/li>\n<li>Formulaire d\u2019annulation de voyage<\/li>\n<li>Rapport pour Citoyennet\u00e9 et Immigration Canada<\/li>\n<li>Formulaire de rapport m\u00e9dical du RPC<\/li>\n<li>Transfert de dossiers m\u00e9dicaux (de 1 \u00e0 5 pages)<\/li>\n<li>T\u00e9l\u00e9copies et photocopies<\/li>\n<li>Autres formulaires non couverts par OHIP<\/li>\n<\/ul>\n<p><strong>Interventions non couvertes<\/strong><\/p>\n<ul>\n<li>Retrait d\u2019acrochordons (de 1 \u00e0 5)<\/li>\n<li>Rasage de grains de beaut\u00e9<\/li>\n<li>Excision de grains de beaut\u00e9\/de kystes<\/li>\n<li>Traitement des verrues (par l\u00e9sion\/verrue)<\/li>\n<\/ul>\n","protected":false},"excerpt":{"rendered":"<p>Information pharmacoth\u00e9rapeutique et ordonnances Politique de renouvellement d\u2019ordonnances Nous ne renouvelons habituellement pas les ordonnances de m\u00e9dicaments par t\u00e9l\u00e9copieur ou par t\u00e9l\u00e9phone. Cependant, si vous avez un besoin pressant, nous pouvons vous fournir une ordonnance de courte dur\u00e9e jusqu\u2019\u00e0 vous puissiez vous pr\u00e9senter \u00e0 un rendez-vous. Veuillez noter que nous exigeons des frais pour ce [&hellip;]<\/p>\n","protected":false},"author":25,"featured_media":0,"parent":12717,"menu_order":3,"comment_status":"closed","ping_status":"closed","template":"","meta":{"_acf_changed":false,"_mc_calendar":[],"footnotes":""},"class_list":["post-12763","page","type-page","status-publish","hentry"],"acf":[],"wps_subtitle":"","_links":{"self":[{"href":"https:\/\/www.ottawahospital.on.ca\/fr\/wp-json\/wp\/v2\/pages\/12763","targetHints":{"allow":["GET"]}}],"collection":[{"href":"https:\/\/www.ottawahospital.on.ca\/fr\/wp-json\/wp\/v2\/pages"}],"about":[{"href":"https:\/\/www.ottawahospital.on.ca\/fr\/wp-json\/wp\/v2\/types\/page"}],"author":[{"embeddable":true,"href":"https:\/\/www.ottawahospital.on.ca\/fr\/wp-json\/wp\/v2\/users\/25"}],"replies":[{"embeddable":true,"href":"https:\/\/www.ottawahospital.on.ca\/fr\/wp-json\/wp\/v2\/comments?post=12763"}],"version-history":[{"count":0,"href":"https:\/\/www.ottawahospital.on.ca\/fr\/wp-json\/wp\/v2\/pages\/12763\/revisions"}],"up":[{"embeddable":true,"href":"https:\/\/www.ottawahospital.on.ca\/fr\/wp-json\/wp\/v2\/pages\/12717"}],"wp:attachment":[{"href":"https:\/\/www.ottawahospital.on.ca\/fr\/wp-json\/wp\/v2\/media?parent=12763"}],"curies":[{"name":"wp","href":"https:\/\/api.w.org\/{rel}","templated":true}]}}