{"id":12748,"date":"2016-12-02T14:08:04","date_gmt":"2016-12-02T19:08:04","guid":{"rendered":"http:\/\/52.229.122.34\/fr\/?page_id=12748"},"modified":"2016-12-02T14:08:04","modified_gmt":"2016-12-02T19:08:04","slug":"apres-votre-visite","status":"publish","type":"page","link":"https:\/\/www.ottawahospital.on.ca\/fr\/services-cliniques\/deptpgrmcs\/programmes\/equipe-de-sante-familiale\/comment-prendre-rendez-vous\/apres-votre-visite\/","title":{"rendered":"Apr\u00e8s votre visite"},"content":{"rendered":"<p>Vous devez savoir quoi faire apr\u00e8s un s\u00e9jour \u00e0 l\u2019h\u00f4pital ou un rendez-vous avec votre m\u00e9decin. Si vous avez des questions, posez-les \u00e0 votre professionnel de la sant\u00e9. Il y r\u00e9pondra avec plaisir. Vous devez \u00eatre d\u2019accord avec les affirmations ci-dessous avant de rentrer chez vous apr\u00e8s votre rendez-vous\u00a0:<\/p>\n<ul>\n<li>Si j\u2019ai une nouvelle ordonnance, je connais le nouveau m\u00e9dicament qui m\u2019a \u00e9t\u00e9 prescrit.<\/li>\n<li>Je sais quoi faire avec les m\u00e9dicaments que je prends actuellement.<\/li>\n<li>J\u2019ai demand\u00e9 un renouvellement des ordonnances qui devaient \u00eatre renouvel\u00e9es.<\/li>\n<li>Je sais si je dois passer d\u2019autres analyses et examens et comment les rendez-vous seront pris.<\/li>\n<li>Je connais la date de mon prochain rendez-vous.<\/li>\n<li>Je sais quoi faire en cas d\u2019urgence.<\/li>\n<li>Je comprends les renseignements et les instructions que j\u2019ai re\u00e7us.<\/li>\n<li>Je vais sans tarder aller chercher mes m\u00e9dicaments \u00e0 la pharmacie et les prendre.<\/li>\n<\/ul>\n<h2 class=\"text-center\">\nRemarques sur les recommandations et les consultations<\/h2>\n<p>Au besoin, nous orientons nos patients vers d\u2019autres sp\u00e9cialistes qui ne font pas partie de notre \u00e9quipe. Votre m\u00e9decin de famille d\u00e9terminera si vous avez besoin de consulter un sp\u00e9cialiste et prendra les dispositions qu\u2019il juge n\u00e9cessaires. C\u2019est ce qu\u2019on appelle une recommandation ou une consultation.<\/p>\n<p>Par exemple, si vous avez besoin d\u2019une chirurgie, vous obtiendrez une recommandation pour consulter un chirurgien. Si vous avez besoin de travailler certains mouvements \u00e0 la suite d\u2019une blessure, vous serez dirig\u00e9 vers un physioth\u00e9rapeute.<\/p>\n<p>Votre m\u00e9decin de famille d\u00e9cidera \u00e9galement si vous devez avoir un examen diagnostique ou une intervention qui ne sont pas offerts \u00e0 notre clinique, comme une radiographie ou une \u00e9chographie. Encore une fois, c\u2019est votre m\u00e9decin de famille qui prendra les dispositions n\u00e9cessaires.<\/p>\n<p>Vous recevrez un appel de notre clinique ou du cabinet du sp\u00e9cialiste pour vous communiquer les d\u00e9tails de la consultation que vous avez obtenue ou de votre rendez-vous pour l\u2019examen ou l\u2019analyse. Veuillez vous renseigner aupr\u00e8s de votre professionnel de la sant\u00e9 de notre clinique pour savoir \u00e0 quel moment vous pouvez vous attendre \u00e0 obtenir un rendez-vous. Malheureusement, dans certaines sp\u00e9cialit\u00e9s, le temps d\u2019attente est long (parfois, jusqu\u2019\u00e0 un an). Si vous n\u2019avez pas re\u00e7u d\u2019appel de nous ou du cabinet du sp\u00e9cialiste au sujet de votre rendez-vous, n\u2019h\u00e9sitez pas \u00e0 composer notre num\u00e9ro g\u00e9n\u00e9ral. Choisissez ensuite l\u2019option\u00a03 pour obtenir des renseignements.<\/p>\n<p>Il se peut que votre m\u00e9decin de famille vous oriente vers un autre sp\u00e9cialiste de notre \u00e9quipe. Par exemple, il pourrait vous diriger vers une di\u00e9t\u00e9tiste ou une travailleuse sociale de notre clinique ou vers l\u2019\u00e9quipe de gestion du diab\u00e8te.<\/p>\n<p>N\u2019oubliez pas que vous n\u2019avez pas besoin d\u2019une recommandation de votre m\u00e9decin de famille pour rencontrer un autre professionnel de la sant\u00e9 de notre \u00e9quipe. Si\u00a0<strong>vous<\/strong>\u00a0pensez qu\u2019un membre de l\u2019\u00e9quipe pourrait r\u00e9pondre \u00e0 vos besoins de sant\u00e9, t\u00e9l\u00e9phonez directement \u00e0 la clinique et prenez rendez-vous.<\/p>\n<h2 class=\"text-center\">\nAnalyses de laboratoire<\/h2>\n<p>Nos deux cliniques ont un laboratoire sur place accessible aux patients de l\u2019\u00c9quipe de sant\u00e9 familiale.<\/p>\n<ol>\n<li>Au Campus Riverside, le laboratoire se trouve tout pr\u00e8s de la clinique et offre ses services \u00e0 tous les patients du campus.<\/li>\n<li>Au Campus Civic, le laboratoire se trouve dans la clinique, et les services sont assur\u00e9s par un technicien de laboratoire qui fait partie de l\u2019\u00e9quipe. Pr\u00e9sentez-vous \u00e0 la r\u00e9ception de la clinique pour prendre un num\u00e9ro et attendez votre tour.<\/li>\n<\/ol>\n","protected":false},"excerpt":{"rendered":"<p>Vous devez savoir quoi faire apr\u00e8s un s\u00e9jour \u00e0 l\u2019h\u00f4pital ou un rendez-vous avec votre m\u00e9decin. Si vous avez des questions, posez-les \u00e0 votre professionnel de la sant\u00e9. Il y r\u00e9pondra avec plaisir. Vous devez \u00eatre d\u2019accord avec les affirmations ci-dessous avant de rentrer chez vous apr\u00e8s votre rendez-vous\u00a0: Si j\u2019ai une nouvelle ordonnance, je [&hellip;]<\/p>\n","protected":false},"author":25,"featured_media":0,"parent":12717,"menu_order":2,"comment_status":"closed","ping_status":"closed","template":"","meta":{"_acf_changed":false,"_mc_calendar":[],"footnotes":""},"class_list":["post-12748","page","type-page","status-publish","hentry"],"acf":[],"wps_subtitle":"","_links":{"self":[{"href":"https:\/\/www.ottawahospital.on.ca\/fr\/wp-json\/wp\/v2\/pages\/12748","targetHints":{"allow":["GET"]}}],"collection":[{"href":"https:\/\/www.ottawahospital.on.ca\/fr\/wp-json\/wp\/v2\/pages"}],"about":[{"href":"https:\/\/www.ottawahospital.on.ca\/fr\/wp-json\/wp\/v2\/types\/page"}],"author":[{"embeddable":true,"href":"https:\/\/www.ottawahospital.on.ca\/fr\/wp-json\/wp\/v2\/users\/25"}],"replies":[{"embeddable":true,"href":"https:\/\/www.ottawahospital.on.ca\/fr\/wp-json\/wp\/v2\/comments?post=12748"}],"version-history":[{"count":0,"href":"https:\/\/www.ottawahospital.on.ca\/fr\/wp-json\/wp\/v2\/pages\/12748\/revisions"}],"up":[{"embeddable":true,"href":"https:\/\/www.ottawahospital.on.ca\/fr\/wp-json\/wp\/v2\/pages\/12717"}],"wp:attachment":[{"href":"https:\/\/www.ottawahospital.on.ca\/fr\/wp-json\/wp\/v2\/media?parent=12748"}],"curies":[{"name":"wp","href":"https:\/\/api.w.org\/{rel}","templated":true}]}}