{"id":12733,"date":"2016-12-02T14:04:54","date_gmt":"2016-12-02T19:04:54","guid":{"rendered":"http:\/\/52.229.122.34\/fr\/?page_id=12733"},"modified":"2017-01-06T13:31:28","modified_gmt":"2017-01-06T18:31:28","slug":"avant-de-venir","status":"publish","type":"page","link":"https:\/\/www.ottawahospital.on.ca\/fr\/services-cliniques\/deptpgrmcs\/programmes\/equipe-de-sante-familiale\/comment-prendre-rendez-vous\/avant-de-venir\/","title":{"rendered":"Avant de venir"},"content":{"rendered":"<p>Nous souhaitons que le temps que vous passez \u00e0 la clinique soit le plus possible ax\u00e9 sur vos soins. Vous pouvez nous aider \u00e0 cette fin en \u00e9tant bien pr\u00e9par\u00e9.<\/p>\n<ul>\n<li>Arrivez 10 minutes avant l\u2019heure pr\u00e9vue de votre rendez-vous.<\/li>\n<li>Ayez votre carte d\u2019assurance-sant\u00e9 (OHIP) valide \u00e0 port\u00e9e de main au moment de vous inscrire.<\/li>\n<li>V\u00e9rifiez que votre carnet de vaccination est bien tenu \u00e0 jour.<\/li>\n<li><img decoding=\"async\" class=\"size-full wp-image-12724 alignright img-responsive\" src=\"\/wp-content\/uploads\/2016\/12\/Misc-GreenPills.jpg\" alt=\"misc-greenpills\" width=\"300\" height=\"199\" \/>Portez des v\u00eatements amples ou faciles \u00e0 enlever au besoin. (p. ex. un chandail \u00e0 manches courtes si nous prendrons votre tension art\u00e9rielle)<\/li>\n<li>Apportez les formulaires que vous devez faire remplir par le m\u00e9decin, en ayant pris soin de remplir \u00e0 l\u2019avance les parties vous concernant.<\/li>\n<li>Si vous avez s\u00e9journ\u00e9 \u00e0 l\u2019h\u00f4pital r\u00e9cemment ou si vous vous \u00eates pr\u00e9sent\u00e9 \u00e0 l\u2019urgence, informez-en votre \u00e9quipe de soins pour qu\u2019elle puisse vous offrir les meilleurs soins possible<\/li>\n<li>Informez un membre de votre \u00e9quipe de soins de toute r\u00e9action allergique ou ind\u00e9sirable \u00e0 un m\u00e9dicament ou \u00e0 un aliment.<\/li>\n<li>Assurez-vous de bien savoir ce que vous devez faire lorsque vous rentrerez chez vous apr\u00e8s votre rendez-vous.<\/li>\n<li>Participez \u00e0 vos soins. Si vous avez des questions ou des pr\u00e9occupations concernant vos soins, n\u2019h\u00e9sitez pas \u00e0 en faire part.<\/li>\n<\/ul>\n<div style=\"padding: 20px; background-color: #d7e6fc;\">\n<p><strong><em>Rappel\u2026 \u00a0<\/em><\/strong><\/p>\n<p class=\"text-center\"><strong>Apportez tous vos m\u00e9dicaments avec vous \u00e0 chaque rendez-vous. Apportez les flacons dans lesquels les m\u00e9dicaments vous ont \u00e9t\u00e9 remis \u00e0 la pharmacie.<br \/>\nUne simple liste ne suffit pas.<\/strong><\/p>\n<p class=\"text-center\"><strong>De plus, n\u2019oubliez pas de demander un renouvellement de vos ordonnances au besoin, car nous ne faisons aucun renouvellement par t\u00e9l\u00e9phone.<\/strong><\/p>\n<\/div>\n<h2 class=\"text-center\">Besoin d\u2019aide pour planifier votre rendez-vous?<\/h2>\n<p class=\"text-center\"><strong><a href=\"\/fr\/documents\/2017\/01\/fhtchecklist-e.pdf\" target=\"_blank\">Nouveau : \u00ab Avant de quitter la clinique \u00bb<\/a><\/strong><\/p>\n<p>Cet outil simple destin\u00e9 aux patients vous aidera \u00e0 planifier votre rendez-vous avec votre professionnel de la sant\u00e9. Il propose \u00e9galement une liste de v\u00e9rification de ce que vous devez savoir avant de quitter la clinique.<\/p>\n<p>Si vous pensez que cette liste vous sera utile, imprimez-la et emportez-la avec vous!<\/p>\n","protected":false},"excerpt":{"rendered":"<p>Nous souhaitons que le temps que vous passez \u00e0 la clinique soit le plus possible ax\u00e9 sur vos soins. Vous pouvez nous aider \u00e0 cette fin en \u00e9tant bien pr\u00e9par\u00e9. Arrivez 10 minutes avant l\u2019heure pr\u00e9vue de votre rendez-vous. Ayez votre carte d\u2019assurance-sant\u00e9 (OHIP) valide \u00e0 port\u00e9e de main au moment de vous inscrire. V\u00e9rifiez [&hellip;]<\/p>\n","protected":false},"author":25,"featured_media":0,"parent":12717,"menu_order":1,"comment_status":"closed","ping_status":"closed","template":"","meta":{"_acf_changed":false,"_mc_calendar":[],"footnotes":""},"class_list":["post-12733","page","type-page","status-publish","hentry"],"acf":[],"wps_subtitle":"","_links":{"self":[{"href":"https:\/\/www.ottawahospital.on.ca\/fr\/wp-json\/wp\/v2\/pages\/12733","targetHints":{"allow":["GET"]}}],"collection":[{"href":"https:\/\/www.ottawahospital.on.ca\/fr\/wp-json\/wp\/v2\/pages"}],"about":[{"href":"https:\/\/www.ottawahospital.on.ca\/fr\/wp-json\/wp\/v2\/types\/page"}],"author":[{"embeddable":true,"href":"https:\/\/www.ottawahospital.on.ca\/fr\/wp-json\/wp\/v2\/users\/25"}],"replies":[{"embeddable":true,"href":"https:\/\/www.ottawahospital.on.ca\/fr\/wp-json\/wp\/v2\/comments?post=12733"}],"version-history":[{"count":0,"href":"https:\/\/www.ottawahospital.on.ca\/fr\/wp-json\/wp\/v2\/pages\/12733\/revisions"}],"up":[{"embeddable":true,"href":"https:\/\/www.ottawahospital.on.ca\/fr\/wp-json\/wp\/v2\/pages\/12717"}],"wp:attachment":[{"href":"https:\/\/www.ottawahospital.on.ca\/fr\/wp-json\/wp\/v2\/media?parent=12733"}],"curies":[{"name":"wp","href":"https:\/\/api.w.org\/{rel}","templated":true}]}}