{"id":12728,"date":"2016-12-02T13:56:54","date_gmt":"2016-12-02T18:56:54","guid":{"rendered":"http:\/\/52.229.122.34\/fr\/?page_id=12728"},"modified":"2021-06-01T13:01:24","modified_gmt":"2021-06-01T17:01:24","slug":"recherche-en-readaptation-crdr","status":"publish","type":"page","link":"https:\/\/www.ottawahospital.on.ca\/fr\/services-cliniques\/deptpgrmcs\/departements\/centre-de-readaptation\/au-sujet-du-centre-de-readaptation\/recherche-en-readaptation-crdr\/","title":{"rendered":"Recherche en r\u00e9adaptation (CRDR)"},"content":{"rendered":"<p>Le Centre de recherche et de d\u00e9veloppement en r\u00e9adaptation (CRDR) du Centre de r\u00e9adaptation de L\u2019H\u00f4pital d\u2019Ottawa a \u00e9t\u00e9 cr\u00e9\u00e9 pour promouvoir la recherche, le d\u00e9veloppement et les activit\u00e9s de r\u00e9seautage en mettant l\u2019accent sur l\u2019application clinique et pratique des services de r\u00e9adaptation.<\/p>\n<p>Les objectifs locaux du CRDR comprennent la coordination des travaux de recherche au Centre de r\u00e9adaptation et des conf\u00e9rences, des s\u00e9minaires et des pr\u00e9sentations publiques qui portent sur des travaux de recherche.<\/p>\n<p>\u00c0 l\u2019\u00e9chelle nationale, le CRDR favorise le r\u00e9seautage dans le milieu de la recherche, l\u2019\u00e9change de renseignements, et la r\u00e9alisation de projets de recherche multicentriques, en plus de fournir des services de consultation et de gestion dans le cadre de projets de recherche.<\/p>\n<p>Sur le plan international, le CRDR aide les pays en d\u00e9veloppement \u00e0 mettre sur pied et \u00e0 d\u00e9velopper des services de r\u00e9adaptation en effectuant des activit\u00e9s de recherche et d\u2019\u00e9valuation. Il offre \u00e9galement des services de consultation et de gestion dans le cadre de projets de recherche, coordonne des \u00e9changes professionnels et favorise l\u2019\u00e9change de renseignements sur la recherche, l\u2019\u00e9ducation et la formation.<\/p>\n<p>Pour en savoir plus, visitez le site Web du CRDR.<\/p>\n","protected":false},"excerpt":{"rendered":"<p>Le Centre de recherche et de d\u00e9veloppement en r\u00e9adaptation (CRDR) du Centre de r\u00e9adaptation de L\u2019H\u00f4pital d\u2019Ottawa a \u00e9t\u00e9 cr\u00e9\u00e9 pour promouvoir la recherche, le d\u00e9veloppement et les activit\u00e9s de r\u00e9seautage en mettant l\u2019accent sur l\u2019application clinique et pratique des services de r\u00e9adaptation. Les objectifs locaux du CRDR comprennent la coordination des travaux de recherche [&hellip;]<\/p>\n","protected":false},"author":25,"featured_media":0,"parent":12556,"menu_order":4,"comment_status":"closed","ping_status":"closed","template":"","meta":{"_acf_changed":false,"_mc_calendar":[],"footnotes":""},"class_list":["post-12728","page","type-page","status-publish","hentry"],"acf":[],"wps_subtitle":"","_links":{"self":[{"href":"https:\/\/www.ottawahospital.on.ca\/fr\/wp-json\/wp\/v2\/pages\/12728","targetHints":{"allow":["GET"]}}],"collection":[{"href":"https:\/\/www.ottawahospital.on.ca\/fr\/wp-json\/wp\/v2\/pages"}],"about":[{"href":"https:\/\/www.ottawahospital.on.ca\/fr\/wp-json\/wp\/v2\/types\/page"}],"author":[{"embeddable":true,"href":"https:\/\/www.ottawahospital.on.ca\/fr\/wp-json\/wp\/v2\/users\/25"}],"replies":[{"embeddable":true,"href":"https:\/\/www.ottawahospital.on.ca\/fr\/wp-json\/wp\/v2\/comments?post=12728"}],"version-history":[{"count":0,"href":"https:\/\/www.ottawahospital.on.ca\/fr\/wp-json\/wp\/v2\/pages\/12728\/revisions"}],"up":[{"embeddable":true,"href":"https:\/\/www.ottawahospital.on.ca\/fr\/wp-json\/wp\/v2\/pages\/12556"}],"wp:attachment":[{"href":"https:\/\/www.ottawahospital.on.ca\/fr\/wp-json\/wp\/v2\/media?parent=12728"}],"curies":[{"name":"wp","href":"https:\/\/api.w.org\/{rel}","templated":true}]}}