{"id":12701,"date":"2016-12-02T13:47:24","date_gmt":"2016-12-02T18:47:24","guid":{"rendered":"http:\/\/52.229.122.34\/fr\/?page_id=12701"},"modified":"2021-05-19T11:42:21","modified_gmt":"2021-05-19T15:42:21","slug":"planification-prealable-des-soins","status":"publish","type":"page","link":"https:\/\/www.ottawahospital.on.ca\/fr\/services-cliniques\/deptpgrmcs\/programmes\/equipe-de-sante-familiale\/nos-programmes-et-services\/planification-prealable-des-soins\/","title":{"rendered":"Planification pr\u00e9alable des soins"},"content":{"rendered":"<h2>Qu\u2019est-ce que la planification pr\u00e9alable des soins?<\/h2>\n<p>La planification pr\u00e9alable des soins est une d\u00e9marche de r\u00e9flexion et de discussion en ce qui a trait \u00e0 vos pr\u00e9f\u00e9rences li\u00e9es \u00e0 votre sant\u00e9 et aux d\u00e9cisions concernant vos soins personnels. Elle consiste \u00e0 vous pr\u00e9parer au moment o\u00f9 vous ne serez plus en mesure de prendre vous-m\u00eame ces d\u00e9cisions. La planification pr\u00e9alable des soins est importante pour tous, m\u00eame les personnes jeunes et en sant\u00e9 peuvent soudainement tomber malades.<\/p>\n<p>La planification pr\u00e9alable des soins vise \u00e0 :<\/p>\n<ul>\n<li>r\u00e9fl\u00e9chir \u00e0 ce qui est important pour vous<\/li>\n<li>choisir la personne qui prendra des d\u00e9cisions en votre nom, si vous n\u2019\u00eates pas en mesure de le faire<\/li>\n<li>faire conna\u00eetre vos pr\u00e9f\u00e9rences pour ce qui est des traitements, des conditions de vie, etc.<\/li>\n<li>prendre des d\u00e9cisions juridiques, comme la nomination d\u2019un titulaire de procuration, la r\u00e9daction d\u2019un testament ou le choix de faire un don d\u2019organes.<\/li>\n<\/ul>\n<p>Nous aimerions vous soutenir tout au long du processus de planification pr\u00e9alable des soins.<\/p>\n<p>Nous pouvons vous rencontrer, vous et votre famille, pour:<\/p>\n<ul>\n<li>vous aider \u00e0 comprendre la planification pr\u00e9alable des soins<\/li>\n<li>vous expliquer des concepts m\u00e9dicaux, comme les diagnostics et les traitements<\/li>\n<li>vous diriger vers des ressources et des services de soutien communautaire.<\/li>\n<\/ul>\n<h2>Autre conseils:<\/h2>\n<ul>\n<li>Conservez votre plan pr\u00e9alable de soins en lieu s\u00fbr.<\/li>\n<li>Modifiez votre plan chaque fois que votre vie ou votre sant\u00e9 change. Modifiez-le si vos pr\u00e9f\u00e9rences changent.<\/li>\n<li>Remettez un exemplaire \u00e9crit \u00e0 jour de votre plan \u00e0 votre \u00e9quipe de soins et aux personnes importantes pour vous.<\/li>\n<\/ul>\n","protected":false},"excerpt":{"rendered":"<p>Qu\u2019est-ce que la planification pr\u00e9alable des soins? La planification pr\u00e9alable des soins est une d\u00e9marche de r\u00e9flexion et de discussion en ce qui a trait \u00e0 vos pr\u00e9f\u00e9rences li\u00e9es \u00e0 votre sant\u00e9 et aux d\u00e9cisions concernant vos soins personnels. Elle consiste \u00e0 vous pr\u00e9parer au moment o\u00f9 vous ne serez plus en mesure de prendre [&hellip;]<\/p>\n","protected":false},"author":25,"featured_media":0,"parent":12542,"menu_order":7,"comment_status":"closed","ping_status":"closed","template":"","meta":{"_acf_changed":false,"_mc_calendar":[],"footnotes":""},"class_list":["post-12701","page","type-page","status-publish","hentry"],"acf":[],"wps_subtitle":"","_links":{"self":[{"href":"https:\/\/www.ottawahospital.on.ca\/fr\/wp-json\/wp\/v2\/pages\/12701","targetHints":{"allow":["GET"]}}],"collection":[{"href":"https:\/\/www.ottawahospital.on.ca\/fr\/wp-json\/wp\/v2\/pages"}],"about":[{"href":"https:\/\/www.ottawahospital.on.ca\/fr\/wp-json\/wp\/v2\/types\/page"}],"author":[{"embeddable":true,"href":"https:\/\/www.ottawahospital.on.ca\/fr\/wp-json\/wp\/v2\/users\/25"}],"replies":[{"embeddable":true,"href":"https:\/\/www.ottawahospital.on.ca\/fr\/wp-json\/wp\/v2\/comments?post=12701"}],"version-history":[{"count":0,"href":"https:\/\/www.ottawahospital.on.ca\/fr\/wp-json\/wp\/v2\/pages\/12701\/revisions"}],"up":[{"embeddable":true,"href":"https:\/\/www.ottawahospital.on.ca\/fr\/wp-json\/wp\/v2\/pages\/12542"}],"wp:attachment":[{"href":"https:\/\/www.ottawahospital.on.ca\/fr\/wp-json\/wp\/v2\/media?parent=12701"}],"curies":[{"name":"wp","href":"https:\/\/api.w.org\/{rel}","templated":true}]}}