{"id":12684,"date":"2016-12-02T13:41:27","date_gmt":"2016-12-02T18:41:27","guid":{"rendered":"http:\/\/52.229.122.34\/fr\/?page_id=12684"},"modified":"2021-02-09T15:08:49","modified_gmt":"2021-02-09T20:08:49","slug":"abandon-du-tabac","status":"publish","type":"page","link":"https:\/\/www.ottawahospital.on.ca\/fr\/services-cliniques\/deptpgrmcs\/programmes\/equipe-de-sante-familiale\/nos-programmes-et-services\/abandon-du-tabac\/","title":{"rendered":"Abandon du tabac"},"content":{"rendered":"<h2 class=\"text-center\">Nous pouvons vous aider \u00e0 arr\u00eater de fumer!<\/h2>\n<p>D\u00e9cider d\u2019arr\u00eater de fumer est l\u2019une des meilleures choses que vous pouvez faire pour votre sant\u00e9. \u00c0 peine 20 minutes apr\u00e8s votre derni\u00e8re cigarette, vous pouvez d\u00e9j\u00e0 constater des bienfaits!<\/p>\n<p>Nos professionnels de la sant\u00e9 peuvent aider les patients qui souhaitent arr\u00eater de fumer. Ils les aident \u00e0 s\u2019y pr\u00e9parer, les appuient une fois qu\u2019ils ont cess\u00e9 de fumer et pr\u00e9voient pour eux les m\u00e9dicaments n\u00e9cessaires s\u2019il y a lieu. Parfois, l\u2019\u00c9quipe de sant\u00e9 familiale peut offrir gratuitement pendant jusqu\u2019\u00e0 six mois une th\u00e9rapie de substitution de la nicotine.<\/p>\n<p>Si vous \u00eates un patient de l\u2019\u00c9quipe de sant\u00e9 familiale et que vous voulez cesser de fumer, appelez la r\u00e9ception pour prendre rendez-vous.<\/p>\n<p>Voici des ressources r\u00e9gionales aupr\u00e8s desquelles vous pourrez obtenir plus de renseignements et du soutien au moment d\u2019apporter cet important changement \u00e0 votre vie :<\/p>\n<ul>\n<li><a href=\"https:\/\/www.santepubliqueottawa.ca\/fr\/public-health-topics\/smoke-free-living.aspx\" target=\"_blank\" rel=\"noopener noreferrer\">Cesser de fumer \u2013 Ressources de la Ville d\u2019Ottawa<\/a><\/li>\n<li><a href=\"https:\/\/www.cancer.ca\/fr-ca\/?region=on\" target=\"_blank\" rel=\"noopener noreferrer\">Soci\u00e9t\u00e9 canadienne du cancer<\/a><\/li>\n<li><a href=\"https:\/\/www.smokershelpline.ca\/fr-ca\/home\" target=\"_blank\" rel=\"noopener noreferrer\">T\u00e9l\u00e9assistance pour fumeurs<\/a><\/li>\n<\/ul>\n","protected":false},"excerpt":{"rendered":"<p>Nous pouvons vous aider \u00e0 arr\u00eater de fumer! D\u00e9cider d\u2019arr\u00eater de fumer est l\u2019une des meilleures choses que vous pouvez faire pour votre sant\u00e9. \u00c0 peine 20 minutes apr\u00e8s votre derni\u00e8re cigarette, vous pouvez d\u00e9j\u00e0 constater des bienfaits! Nos professionnels de la sant\u00e9 peuvent aider les patients qui souhaitent arr\u00eater de fumer. Ils les aident [&hellip;]<\/p>\n","protected":false},"author":25,"featured_media":0,"parent":12542,"menu_order":6,"comment_status":"closed","ping_status":"closed","template":"","meta":{"_acf_changed":false,"_mc_calendar":[],"footnotes":""},"class_list":["post-12684","page","type-page","status-publish","hentry"],"acf":[],"wps_subtitle":"","_links":{"self":[{"href":"https:\/\/www.ottawahospital.on.ca\/fr\/wp-json\/wp\/v2\/pages\/12684","targetHints":{"allow":["GET"]}}],"collection":[{"href":"https:\/\/www.ottawahospital.on.ca\/fr\/wp-json\/wp\/v2\/pages"}],"about":[{"href":"https:\/\/www.ottawahospital.on.ca\/fr\/wp-json\/wp\/v2\/types\/page"}],"author":[{"embeddable":true,"href":"https:\/\/www.ottawahospital.on.ca\/fr\/wp-json\/wp\/v2\/users\/25"}],"replies":[{"embeddable":true,"href":"https:\/\/www.ottawahospital.on.ca\/fr\/wp-json\/wp\/v2\/comments?post=12684"}],"version-history":[{"count":0,"href":"https:\/\/www.ottawahospital.on.ca\/fr\/wp-json\/wp\/v2\/pages\/12684\/revisions"}],"up":[{"embeddable":true,"href":"https:\/\/www.ottawahospital.on.ca\/fr\/wp-json\/wp\/v2\/pages\/12542"}],"wp:attachment":[{"href":"https:\/\/www.ottawahospital.on.ca\/fr\/wp-json\/wp\/v2\/media?parent=12684"}],"curies":[{"name":"wp","href":"https:\/\/api.w.org\/{rel}","templated":true}]}}