{"id":12668,"date":"2016-12-02T13:37:41","date_gmt":"2016-12-02T18:37:41","guid":{"rendered":"http:\/\/52.229.122.34\/fr\/?page_id=12668"},"modified":"2019-07-05T14:56:17","modified_gmt":"2019-07-05T18:56:17","slug":"sante-preventive","status":"publish","type":"page","link":"https:\/\/www.ottawahospital.on.ca\/fr\/services-cliniques\/deptpgrmcs\/programmes\/equipe-de-sante-familiale\/nos-programmes-et-services\/sante-preventive\/","title":{"rendered":"Sant\u00e9 preventive"},"content":{"rendered":"<p>L\u2019\u00e9quipe de sant\u00e9 familiale s\u2019engage \u00e0 veiller \u00e0 votre sant\u00e9 et \u00e0 votre bien-\u00eatre. Il est important de passer r\u00e9guli\u00e8rement des examens m\u00e9dicaux et des tests de d\u00e9pistage afin de pr\u00e9venir l\u2019apparition de maladies.<\/p>\n<p>Renseignez-vous ci-dessous sur les divers d\u00e9pistages et \u00e9valuations que nous offrons.<\/p>\n<ul>\n<li><a href=\"#breastcancerscreening\">D\u00e9pistage du cancer du sein<\/a><\/li>\n<li><a href=\"#cervicalcancerscreening\">D\u00e9pistage du cancer du col de l\u2019ut\u00e9rus<\/a><\/li>\n<li><a href=\"#cognitiveassessment\">\u00c9valuation cognitive<\/a><\/li>\n<li><a href=\"#coloncancerscreening\">D\u00e9pistage du cancer du c\u00f4lon<\/a><\/li>\n<li><a href=\"#preventativehealthexams\">Examens m\u00e9dicaux pr\u00e9ventifs<\/a><\/li>\n<li><a href=\"#waistcircumference\">Tour de taille<\/a><\/li>\n<li><a href=\"#procedures\">Interventions<\/a><\/li>\n<\/ul>\n<h2 id=\"breastcancerscreening\" class=\"text-center\">D\u00e9pistage du cancer du sein<\/h2>\n<p><strong>En quoi consiste le d\u00e9pistage du cancer du sein?<\/strong><br \/>\nIl s\u2019agit de passer une mammographie, c\u2019est-\u00e0-dire une radiographie du sein \u00e0 faible dose de rayons X. Elle permet de d\u00e9tecter les modifications dans le sein, m\u00eame lorsqu\u2019elles sont trop petites pour que vous ou votre m\u00e9decin puissiez les sentir ou les voir. Cet examen permet de d\u00e9couvrir de petits cancers du sein \u00e0 un stade pr\u00e9coce. En Ontario, le cancer du sein est le type de cancer le plus courant chez les femmes. Le taux de gu\u00e9rison est \u00e9lev\u00e9 si le cancer du sein est d\u00e9tect\u00e9 t\u00f4t.<\/p>\n<p><strong>Qui devrait passer cet examen?<\/strong> Les femmes \u00e2g\u00e9es de 50 \u00e0 69 ans devraient passer une mammographie tous les 2 ans<\/p>\n<p><strong>Comment puis-je passer cet examen?<\/strong><br \/>\nCommuniquez avec un repr\u00e9sentant du Programme ontarien de d\u00e9pistage du cancer du sein (PODCS) au Hampton Park Plaza (1 419, avenue Carling, bureau 214). Pour obtenir un rendez-vous pour une mammographie, appelez au 1-800-465-6226 ou le 613-728-0777.<\/p>\n<h2 id=\"cervicalcancerscreening\" class=\"text-center\">D\u00e9pistage du cancer du col de l\u2019ut\u00e9rus<\/h2>\n<p><strong>En quoi consiste le d\u00e9pistage du cancer du col de l\u2019ut\u00e9rus?<\/strong><br \/>\nIl s\u2019agit de passer un test Pap (frottis), c\u2019est-\u00e0-dire un examen gyn\u00e9cologique. Le test Pap permet d\u2019\u00e9tudier les cellules du col de l\u2019ut\u00e9rus et de d\u00e9celer tout changement anormal, y compris un cancer. Le cancer du col de l\u2019ut\u00e9rus n\u2019est pas mortel s\u2019il est d\u00e9tect\u00e9 t\u00f4t. C\u2019est pourquoi il est tr\u00e8s important de passer r\u00e9guli\u00e8rement un test Pap.<\/p>\n<p><strong>Qui devrait passer ce test?<\/strong><br \/>\nLes femmes \u00e2g\u00e9es de 35 \u00e0 69 ans devraient passer un test Pap tous les 2 ans.<\/p>\n<p><strong>Comment puis-je passer ce test?<\/strong><br \/>\nPrenez rendez-vous pour un test Pap avec votre m\u00e9decin, un r\u00e9sident, une infirmi\u00e8re ou une infirmi\u00e8re praticienne de votre clinique.<\/p>\n<h2 id=\"cognitiveassessment\" class=\"text-center\">\u00c9valuation cognitive<\/h2>\n<p><strong>Qu\u2019est-ce qu\u2019une \u00e9valuation cognitive?<\/strong><br \/>\nIl s\u2019agit d\u2019une \u00e9valuation compl\u00e8te du risque de d\u00e9mence, qui comprend :<\/p>\n<ul>\n<li>une \u00e9valuation de la m\u00e9moire<\/li>\n<li>un examen des facteurs de risque vasculaire, comme l\u2019hypertension (haute pression), un taux de cholest\u00e9rol \u00e9lev\u00e9 et le diab\u00e8te<\/li>\n<li>l\u2019\u00e9tude des r\u00e9sultats des analyses de laboratoire et l\u2019examen des m\u00e9dicaments<\/li>\n<li>des recommandations de traitement et de suivi en cas de d\u00e9mence<\/li>\n<\/ul>\n<p><strong>Qui devrait obtenir cette \u00e9valuation?<\/strong><br \/>\nToute personne qui s\u2019inqui\u00e8te de sa m\u00e9moire ou dont un membre de la famille exprime des pr\u00e9occupations au sujet de sa m\u00e9moire ou d\u2019un changement de comportement devrait se soumettre \u00e0 une \u00e9valuation cognitive. Il est recommand\u00e9 aussi aux patients \u00e2g\u00e9s de 65 ans et plus qui pr\u00e9sentent des facteurs de risque vasculaire, comme l\u2019hypertension (haute pression), le diab\u00e8te, un taux de cholest\u00e9rol \u00e9lev\u00e9 et l\u2019ob\u00e9sit\u00e9, de se soumettre \u00e0 une \u00e9valuation cognitive.<\/p>\n<p><strong>Quels sont les signes de d\u00e9mence?<\/strong><br \/>\nLes signes de d\u00e9mence sont notamment les suivants :<\/p>\n<ul>\n<li>Changements de comportement comme des oublis de plus en plus fr\u00e9quents, des rendez-vous manqu\u00e9s, de l\u2019apathie<\/li>\n<li>Changements de l\u2019humeur<\/li>\n<li>Questions r\u00e9p\u00e9titives<\/li>\n<li>Diminution des interactions sociales<\/li>\n<li>Accidents de la route<\/li>\n<li>Manque d\u2019hygi\u00e8ne<\/li>\n<\/ul>\n<p><strong>Comment puis-je obtenir une \u00e9valuation cognitive?<\/strong><br \/>\nFixez un rendez-vous pour une \u00e9valuation cognitive avec l\u2019infirmi\u00e8re praticienne, le m\u00e9decin ou le r\u00e9sident de la clinique.<\/p>\n<h2 id=\"coloncancerscreening\" class=\"text-center\">D\u00e9pistage du cancer du c\u00f4lon<\/h2>\n<p><strong>En quoi consiste le d\u00e9pistage du cancer du c\u00f4lon?<\/strong><br \/>\nLe nouveau test RSOS immunochimique est un test de d\u00e9pistage du cancer du c\u00f4lon \u00e0 faire \u00e0 la maison. Le test est s\u00fbr et indolore et prend seulement quelques minutes. Vous devez simplement pr\u00e9lever un \u00e9chantillon de selles. Aucun m\u00e9dicament ni changement de di\u00e8te n\u2019est n\u00e9cessaire avant le test.<\/p>\n<p><strong>Qui devrait passer ce test?<\/strong><br \/>\nSi vous n\u2019avez aucun sympt\u00f4me et que votre risque de cancer du c\u00f4lon est moyen, vous devriez effectuer le nouveau test RSOS immunochimique. Vous \u00eates consid\u00e9r\u00e9 \u00e0 risque moyen de cancer du c\u00f4lon si vous avez entre 50 et 74 ans et qu\u2019aucun membre de votre famille au 1er degr\u00e9 (parent, fr\u00e8re, s\u0153ur ou enfant) n\u2019a re\u00e7u un diagnostic de cancer du c\u00f4lon.<\/p>\n<p><strong>Comment puis-je passer ce test?<\/strong><br \/>\nDiscutez-en avec votre m\u00e9decin ou infirmi\u00e8re. Ils soumettront une demande \u00e0 LifeLabs, qui vous enverra directement le test \u00e0 la maison. Vous pr\u00e9levez l\u2019\u00e9chantillon \u00e0 la maison, puis vous l\u2019envoyez par la poste \u00e0 LifeLabs. Vous recevrez vos r\u00e9sultats par la poste.<\/p>\n<h2 id=\"preventativehealthexams\" class=\"text-center\">Examens m\u00e9dicaux pr\u00e9ventifs<\/h2>\n<p>Il est recommand\u00e9 de consulter un m\u00e9decin au moins tous les trois \u00e0 cinq ans pour une \u00e9valuation compl\u00e8te des soins pr\u00e9ventifs. \u00c0 l\u2019occasion de l\u2019examen m\u00e9dical pr\u00e9ventif, le professionnel de la sant\u00e9 demandera les analyses et examens de d\u00e9pistage courants pour les hommes et pour les femmes, il donnera aussi des conseils sur la pr\u00e9vention, proc\u00e8dera \u00e0 une \u00e9valuation des risques et fera une mise \u00e0 jour des vaccins. Selon vos ant\u00e9c\u00e9dents familiaux et votre \u00e9tat de sant\u00e9 actuel, vous aurez peut-\u00eatre besoin d\u2019un suivi plus fr\u00e9quent. Veuillez demander \u00e0 votre professionnel de la sant\u00e9 \u00e0 quelle fr\u00e9quence vous devriez avoir un examen m\u00e9dical pr\u00e9ventif.<\/p>\n<div>\n<p class=\"text-center\"><strong>Voici une liste des analyses et examens de d\u00e9pistage courants :<\/strong><\/p>\n<ul style=\"list-style: none;\">\n<li>\u2713 V\u00e9rification de la taille et du poids tous les 1 \u00e0 3 ans<\/li>\n<li>\u2713 V\u00e9rification de la tension art\u00e9rielle (pression) au moins tous les 2 ans<\/li>\n<li>\u2713 V\u00e9rification de l\u2019acuit\u00e9 visuelle tous les 2 ans<\/li>\n<li>\u2713 Analyses de sang pour v\u00e9rifier le taux de cholest\u00e9rol au moins tous les 5 ans apr\u00e8s l\u2019\u00e2ge de 35 ans<\/li>\n<li>\u2713 V\u00e9rification de la glyc\u00e9mie (taux de sucre dans le sang) tous les 2 \u00e0 3 ans apr\u00e8s l\u2019\u00e2ge de 45 ans<\/li>\n<li>\u2713 Analyse de selles (recherche de sang occulte dans les selles) tous les ans, apr\u00e8s l\u2019\u00e2ge de 50 ans<\/li>\n<li>\u2713 Test Pap et examen clinique des seins tous les 1 \u00e0 3 ans<\/li>\n<li>\u2713 Mammographie tous les 2 ans apr\u00e8s l\u2019\u00e2ge de 50 ans<\/li>\n<li>\u2713 Vaccination annuelle contre la grippe<\/li>\n<li>\u2713 Rappel du vaccin contre le t\u00e9tanos tous les 10 ans<\/li>\n<li>\u2713 Analyse des selles pour le d\u00e9pistage du cancer du c\u00f4lon \u00e0 faire tous les 2 ans d\u00e8s l\u2019\u00e2ge de 50 ans<\/li>\n<\/ul>\n<\/div>\n<h2 id=\"waistcircumference\" class=\"text-center\">Tour de taille<\/h2>\n<p>Des recherches ont r\u00e9v\u00e9l\u00e9 que l\u2019emplacement de la graisse dans votre corps est important, peut-\u00eatre plus important encore que le poids \u00e0 proprement parler.<\/p>\n<p>Il se peut que vous n\u2019ayez aucun probl\u00e8me de poids, mais que votre tour de taille vous expose \u00e0 un risque \u00e9lev\u00e9 de :<\/p>\n<ul>\n<li>Cholest\u00e9rol sanguin, diab\u00e8te de type II<\/li>\n<li>Hypertension (haute pression)<\/li>\n<\/ul>\n<p>Tout comme votre tension art\u00e9rielle, votre tour de taille est un des \u00ab signes vitaux \u00bb r\u00e9v\u00e9lant votre \u00e9tat de sant\u00e9.<\/p>\n<p><strong>Quel tour de taille faut-il avoir pour \u00eatre en bonne sant\u00e9?<\/strong><\/p>\n<ul>\n<li>Femmes&nbsp;&nbsp;&nbsp;&nbsp;&nbsp;&nbsp;&nbsp;&nbsp;&nbsp; &nbsp; 88&nbsp;cm (35&nbsp;po) ou moins<\/li>\n<li>Hommes&nbsp;&nbsp;&nbsp;&nbsp;&nbsp;&nbsp;&nbsp;&nbsp;&nbsp; &nbsp;102&nbsp;cm (40&nbsp;po) ou moins<\/li>\n<\/ul>\n<p>Pour les personnes originaires de Chine ou d\u2019Asie du Sud, le seuil sant\u00e9 est inf\u00e9rieur&nbsp;:<\/p>\n<ul>\n<li>Femmes&nbsp;&nbsp;&nbsp;&nbsp;&nbsp;&nbsp;&nbsp;&nbsp;&nbsp; &nbsp; 80&nbsp;cm (31&nbsp;po) ou moins<\/li>\n<li>Hommes&nbsp;&nbsp;&nbsp;&nbsp;&nbsp;&nbsp;&nbsp;&nbsp;&nbsp; &nbsp; 90&nbsp;cm (35&nbsp;po) ou moins<\/li>\n<\/ul>\n<p>Si vous essayez d\u2019am\u00e9liorer votre forme physique, c\u2019est une bonne id\u00e9e de mesurer votre tour de taille chaque mois. Vous pouvez utiliser le tableau ci-dessus. Demandez \u00e0 votre professionnel de la sant\u00e9 de vous montrer comment bien mesurer votre tour de taille.<\/p>\n<h2 id=\"procedures\" class=\"text-center\">Interventions<\/h2>\n<p>Voici des interventions courantes que nos professionnels de la sant\u00e9 pratiquent \u00e0 la clinique&nbsp;:<\/p>\n<ul>\n<li>Retrait d\u2019acrochordons<\/li>\n<li>Retrait de kystes et de grains de beaut\u00e9<\/li>\n<li>Traitement des verrues<\/li>\n<li>Points de suture<\/li>\n<li>Rin\u00e7age des oreilles avec une seringue auriculaire<\/li>\n<li>Pose de st\u00e9rilet<\/li>\n<li>Biopsie de l\u2019endom\u00e8tre<\/li>\n<li>Changement de pansements et soins des plaies<\/li>\n<\/ul>\n","protected":false},"excerpt":{"rendered":"<p>L\u2019\u00e9quipe de sant\u00e9 familiale s\u2019engage \u00e0 veiller \u00e0 votre sant\u00e9 et \u00e0 votre bien-\u00eatre. Il est important de passer r\u00e9guli\u00e8rement des examens m\u00e9dicaux et des tests de d\u00e9pistage afin de pr\u00e9venir l\u2019apparition de maladies. Renseignez-vous ci-dessous sur les divers d\u00e9pistages et \u00e9valuations que nous offrons. D\u00e9pistage du cancer du sein D\u00e9pistage du cancer du col [&hellip;]<\/p>\n","protected":false},"author":25,"featured_media":0,"parent":12542,"menu_order":5,"comment_status":"closed","ping_status":"closed","template":"","meta":{"_acf_changed":false,"_mc_calendar":[],"footnotes":""},"class_list":["post-12668","page","type-page","status-publish","hentry"],"acf":[],"wps_subtitle":"","_links":{"self":[{"href":"https:\/\/www.ottawahospital.on.ca\/fr\/wp-json\/wp\/v2\/pages\/12668","targetHints":{"allow":["GET"]}}],"collection":[{"href":"https:\/\/www.ottawahospital.on.ca\/fr\/wp-json\/wp\/v2\/pages"}],"about":[{"href":"https:\/\/www.ottawahospital.on.ca\/fr\/wp-json\/wp\/v2\/types\/page"}],"author":[{"embeddable":true,"href":"https:\/\/www.ottawahospital.on.ca\/fr\/wp-json\/wp\/v2\/users\/25"}],"replies":[{"embeddable":true,"href":"https:\/\/www.ottawahospital.on.ca\/fr\/wp-json\/wp\/v2\/comments?post=12668"}],"version-history":[{"count":0,"href":"https:\/\/www.ottawahospital.on.ca\/fr\/wp-json\/wp\/v2\/pages\/12668\/revisions"}],"up":[{"embeddable":true,"href":"https:\/\/www.ottawahospital.on.ca\/fr\/wp-json\/wp\/v2\/pages\/12542"}],"wp:attachment":[{"href":"https:\/\/www.ottawahospital.on.ca\/fr\/wp-json\/wp\/v2\/media?parent=12668"}],"curies":[{"name":"wp","href":"https:\/\/api.w.org\/{rel}","templated":true}]}}