{"id":12664,"date":"2016-12-02T13:34:29","date_gmt":"2016-12-02T18:34:29","guid":{"rendered":"http:\/\/52.229.122.34\/fr\/?page_id=12664"},"modified":"2021-02-04T10:03:19","modified_gmt":"2021-02-04T15:03:19","slug":"podologue","status":"publish","type":"page","link":"https:\/\/www.ottawahospital.on.ca\/fr\/services-cliniques\/deptpgrmcs\/departements\/centre-de-readaptation\/au-sujet-du-centre-de-readaptation\/equipes-de-readaptation\/podologue\/","title":{"rendered":"Podologue"},"content":{"rendered":"<p><img decoding=\"async\" class=\"alignright img-responsive\" src=\"\/wp-content\/uploads\/2016\/12\/Chiropodist.jpg\" alt=\"Chiropodist\" width=\"448\" height=\"298\" \/>Le <strong>podologue<\/strong> est un sp\u00e9cialiste du pied.<\/p>\n<p>Le podologue et le podiatre sont les deux seuls sp\u00e9cialistes des soins des pieds et des orth\u00e8ses form\u00e9s et r\u00e9glement\u00e9s exclusivement par le gouvernement de l\u2019Ontario. Ils doivent suivre une formation de sept \u00e0 huit ans avant de pouvoir exercer en Ontario.<\/p>\n<p>La pratique de la podologie consiste \u00e0 \u00e9valuer les pieds et \u00e0 traiter et \u00e0 pr\u00e9venir les maladies, les troubles ou les dysfonctions des pieds par des moyens th\u00e9rapeutiques, orth\u00e9tiques ou palliatifs.<\/p>\n<p>Le podologue est un professionnel de la sant\u00e9 r\u00e9glement\u00e9. D\u2019apr\u00e8s la <em>Loi sur les podologues<\/em>, il est autoris\u00e9 \u00e0 faire les actes suivants\u00a0:<\/p>\n<ol>\n<li>chirurgie dans les tissus du pied<\/li>\n<li>donner certaines substances par voie d\u2019injection (dans le pied)<\/li>\n<li>prescrire certains m\u00e9dicaments<\/li>\n<li>donner certaines substances par voie d\u2019inhalation.<\/li>\n<\/ol>\n<p><strong>Quelle est la diff\u00e9rence entre un podologue et un podiatre?<br \/>\n<\/strong>Tous les deux sont membres du College of Chiropodists of Ontario.<\/p>\n<p>En Ontario, le titre de podiatre est accord\u00e9 aux professionnels qui ont suivi une formation \u00e0 l\u2019ext\u00e9rieur du pays et commenc\u00e9 \u00e0 exercer avant l\u2019entr\u00e9e en vigueur de la <em>Loi sur les podologues<\/em> (1991). Ils peuvent poser un diagnostic. Certains d\u2019entre eux sont qualifi\u00e9s pour faire des chirurgies de l\u2019os.<\/p>\n<p>Le titre de podologue est accord\u00e9 aux professionnels qui ont suivi une formation \u00e0 l\u2019ext\u00e9rieur du pays et commenc\u00e9 \u00e0 exercer apr\u00e8s l\u2019entr\u00e9e en vigueur de cette loi, ainsi qu\u2019aux professionnels form\u00e9s en Ontario. Ils sont autoris\u00e9s \u00e0 poser les act\u00e9s mentionn\u00e9s pr\u00e9c\u00e9demment.<\/p>\n<h2>Services cliniques<\/h2>\n<p>Le podologue traite un vaste \u00e9ventail de probl\u00e8mes touchant le pied\u00a0:<\/p>\n<div class=\"row\">\n<div class=\"col-md-6\">\n<ul>\n<li>blessures au tendon d\u2019Achille<\/li>\n<li>cheville instable<\/li>\n<li>entorse de la cheville<\/li>\n<li>soins du pied et de la cheville arthritique<\/li>\n<li>infection du pied d\u2019athl\u00e8te<\/li>\n<li>oignons<\/li>\n<li>durillons<\/li>\n<li>cors<\/li>\n<li>soins du pied diab\u00e9tique<\/li>\n<li>soins de plaies (pied diab\u00e9tique)<\/li>\n<li>pied plat ou creux<\/li>\n<li>infection fongique des ongles du pied<\/li>\n<\/ul>\n<\/div>\n<div class=\"col-md-6\">\n<ul>\n<li>analyse de la d\u00e9marche<\/li>\n<li>soins du pied chez l\u2019a\u00een\u00e9<\/li>\n<li>orteils en marteau<\/li>\n<li>\u00e9pine calcan\u00e9enne<\/li>\n<li>ongles incarn\u00e9s<\/li>\n<li>blessures<\/li>\n<li>n\u00e9vromes<\/li>\n<li>fasciite plantaire<\/li>\n<li>d\u00e9bridement<\/li>\n<li>verrues<\/li>\n<li>soins de plaies<\/li>\n<\/ul>\n<\/div>\n<\/div>\n<h2>Renseignements (en anglais seulement)<\/h2>\n<p><a href=\"https:\/\/www.cocoo.on.ca\/\" target=\"_blank\" rel=\"noopener noreferrer\">https:\/\/www.cocoo.on.ca\/<\/a><\/p>\n<p><a href=\"https:\/\/www.ontariochiropodist.com\/\" target=\"_blank\" rel=\"noopener noreferrer\">https:\/\/www.ontariochiropodist.com\/<\/a><\/p>\n<p><a href=\"https:\/\/www.podiatryinfocanada.ca\/\" target=\"_blank\" rel=\"noopener noreferrer\">https:\/\/www.podiatryinfocanada.ca<\/a><\/p>\n<h2>Pour nous joindre<\/h2>\n<p>Vous pouvez nous joindre au 613-737-7350, poste 75314 (option 2) de 8\u00a0h\u00a030 \u00e0 16\u00a0h\u00a030.<\/p>\n<p>Nous sommes situ\u00e9s dans la pi\u00e8ce 1204 du Centre de r\u00e9adaptation de L\u2019H\u00f4pital d\u2019Ottawa.<\/p>\n","protected":false},"excerpt":{"rendered":"<p>Le podologue est un sp\u00e9cialiste du pied. Le podologue et le podiatre sont les deux seuls sp\u00e9cialistes des soins des pieds et des orth\u00e8ses form\u00e9s et r\u00e9glement\u00e9s exclusivement par le gouvernement de l\u2019Ontario. Ils doivent suivre une formation de sept \u00e0 huit ans avant de pouvoir exercer en Ontario. La pratique de la podologie consiste [&hellip;]<\/p>\n","protected":false},"author":25,"featured_media":0,"parent":12561,"menu_order":9,"comment_status":"closed","ping_status":"closed","template":"","meta":{"_acf_changed":false,"_mc_calendar":[],"footnotes":""},"class_list":["post-12664","page","type-page","status-publish","hentry"],"acf":[],"wps_subtitle":"","_links":{"self":[{"href":"https:\/\/www.ottawahospital.on.ca\/fr\/wp-json\/wp\/v2\/pages\/12664","targetHints":{"allow":["GET"]}}],"collection":[{"href":"https:\/\/www.ottawahospital.on.ca\/fr\/wp-json\/wp\/v2\/pages"}],"about":[{"href":"https:\/\/www.ottawahospital.on.ca\/fr\/wp-json\/wp\/v2\/types\/page"}],"author":[{"embeddable":true,"href":"https:\/\/www.ottawahospital.on.ca\/fr\/wp-json\/wp\/v2\/users\/25"}],"replies":[{"embeddable":true,"href":"https:\/\/www.ottawahospital.on.ca\/fr\/wp-json\/wp\/v2\/comments?post=12664"}],"version-history":[{"count":0,"href":"https:\/\/www.ottawahospital.on.ca\/fr\/wp-json\/wp\/v2\/pages\/12664\/revisions"}],"up":[{"embeddable":true,"href":"https:\/\/www.ottawahospital.on.ca\/fr\/wp-json\/wp\/v2\/pages\/12561"}],"wp:attachment":[{"href":"https:\/\/www.ottawahospital.on.ca\/fr\/wp-json\/wp\/v2\/media?parent=12664"}],"curies":[{"name":"wp","href":"https:\/\/api.w.org\/{rel}","templated":true}]}}